{"id":150067,"date":"2023-08-11T12:04:22","date_gmt":"2025-05-25T14:25:29","guid":{"rendered":"https:\/\/kingarms.ee\/product\/crosman-st1\/"},"modified":"2025-05-25T17:25:29","modified_gmt":"2025-05-25T14:25:29","slug":"crosman-st1","status":"publish","type":"product","link":"https:\/\/kingarms.ee\/lt\/product\/crosman-st1\/","title":{"rendered":"\u201eCrosman ST1\u201c"},"content":{"rendered":"<p><img loading=\"lazy\" decoding=\"async\" class=\"alignnone size-full wp-image-80243\" src=\"https:\/\/kingarms.ee\/wp-content\/uploads\/2023\/08\/cfast1x_02.20220817152655.png\" alt=\"\" width=\"2398\" height=\"1336\" srcset=\"https:\/\/kingarms.ee\/wp-content\/uploads\/2023\/08\/cfast1x_02.20220817152655.png 2398w, https:\/\/kingarms.ee\/wp-content\/uploads\/2023\/08\/cfast1x_02.20220817152655-300x167.png 300w, https:\/\/kingarms.ee\/wp-content\/uploads\/2023\/08\/cfast1x_02.20220817152655-1024x571.png 1024w, https:\/\/kingarms.ee\/wp-content\/uploads\/2023\/08\/cfast1x_02.20220817152655-768x428.png 768w, https:\/\/kingarms.ee\/wp-content\/uploads\/2023\/08\/cfast1x_02.20220817152655-1536x856.png 1536w, https:\/\/kingarms.ee\/wp-content\/uploads\/2023\/08\/cfast1x_02.20220817152655-2048x1141.png 2048w, https:\/\/kingarms.ee\/wp-content\/uploads\/2023\/08\/cfast1x_02.20220817152655-500x279.png 500w, https:\/\/kingarms.ee\/wp-content\/uploads\/2023\/08\/cfast1x_02.20220817152655-150x84.png 150w\" sizes=\"auto, (max-width: 2398px) 100vw, 2398px\" \/><\/p>\n","protected":false},"excerpt":{"rendered":"<p>\u201eCrosman ST1\u201c<\/p>\n<p>Oro Paj\u0117gos imsis technologinio ateities pos\u016bkio su Crosman ST 1-visi\u0161kai automatiniu BB oro ginklu, kuris atlieka dvigub\u0105 funkcij\u0105 kaip \u0161autuvas ir pistoletas. Stilingas ir seksualus ST-1 integruoja didel\u0117s talpos d\u0117kl\u0105, kuriame telpa daugiau nei 400 BB, tod\u0117l galite sudau\u017eyti skardines. <\/p>\n<p>Greitas keitimas: \u0161autuvas \u012f pistolet\u0105<br \/>\nU\u017efiksuokite reguliuojam\u0105 \/ nuimam\u0105 koto ir vamzd\u017eio prailginim\u0105 ir tur\u0117site \u0161autuv\u0105 su raudonu ta\u0161ku, paruo\u0161t\u0105 i\u0161leisti i\u0161 didelio atstumo. Nuimkite juos ir turite visi\u0161kai automatin\u012f ar pistolet\u0105, paruo\u0161t\u0105 rokenrolui. <\/p>\n<p>Vamzd\u017eio med\u017eiaga: plienas<br \/>\nK\u016bno Med\u017eiaga: Nailono Pluo\u0161tas<br \/>\nMontavimo B\u0117gis: Picatinny<br \/>\nOptika: Red Dot Sight<br \/>\nKaba Med\u017eiaga: Nailono Pluo\u0161tas<br \/>\nkaba stilius: Taktinis<\/p>\n","protected":false},"featured_media":132036,"template":"","meta":{"_acf_changed":false},"product_brand":[],"product_cat":[1144],"product_tag":[],"class_list":{"0":"post-150067","1":"product","2":"type-product","3":"status-publish","4":"has-post-thumbnail","6":"product_cat-puolimo-sautuvas","8":"first","9":"instock","10":"taxable","11":"shipping-taxable","12":"purchasable","13":"product-type-simple"},"acf":[],"_links":{"self":[{"href":"https:\/\/kingarms.ee\/lt\/wp-json\/wp\/v2\/product\/150067","targetHints":{"allow":["GET"]}}],"collection":[{"href":"https:\/\/kingarms.ee\/lt\/wp-json\/wp\/v2\/product"}],"about":[{"href":"https:\/\/kingarms.ee\/lt\/wp-json\/wp\/v2\/types\/product"}],"wp:featuredmedia":[{"embeddable":true,"href":"https:\/\/kingarms.ee\/lt\/wp-json\/wp\/v2\/media\/132036"}],"wp:attachment":[{"href":"https:\/\/kingarms.ee\/lt\/wp-json\/wp\/v2\/media?parent=150067"}],"wp:term":[{"taxonomy":"product_brand","embeddable":true,"href":"https:\/\/kingarms.ee\/lt\/wp-json\/wp\/v2\/product_brand?post=150067"},{"taxonomy":"product_cat","embeddable":true,"href":"https:\/\/kingarms.ee\/lt\/wp-json\/wp\/v2\/product_cat?post=150067"},{"taxonomy":"product_tag","embeddable":true,"href":"https:\/\/kingarms.ee\/lt\/wp-json\/wp\/v2\/product_tag?post=150067"}],"curies":[{"name":"wp","href":"https:\/\/api.w.org\/{rel}","templated":true}]}}