{"id":150126,"date":"2023-05-24T19:48:40","date_gmt":"2025-05-25T15:15:01","guid":{"rendered":"https:\/\/kingarms.ee\/product\/priekinis-zibintas-cc80\/"},"modified":"2025-05-25T18:15:01","modified_gmt":"2025-05-25T15:15:01","slug":"priekinis-zibintas-cc80","status":"publish","type":"product","link":"https:\/\/kingarms.ee\/lt\/product\/priekinis-zibintas-cc80\/","title":{"rendered":"Priekinis \u017eibintas CC80"},"content":{"rendered":"","protected":false},"excerpt":{"rendered":"<p>Priekinis \u017eibintas CC80<\/p>\n<p><span style=\"font-weight: 400;\">Patogus d\u0117v\u0117ti, lengvai reguliuojamas! \u0160iame priekiniame \u017eibinte yra auk\u0161tos kokyb\u0117s elastingas dir\u017eelis, kur\u012f lengva ne\u0161ioti ir nuimti, neslystantis, kuris tinka tiek suaugusiems, tiek vaikams. \u0160viestuvas yra su mink\u0161ta guma, kad jis patogiai s\u0117d\u0117t\u0173 ant galvos.  <\/span><\/p>\n<p>&nbsp;<\/p>\n<p><span style=\"font-weight: 400;\">Techniniai duomenys:<\/span><\/p>\n<p><span style=\"font-weight: 400;\">Med\u017eiaga: aliuminio lydinio priekinis \u017eibintas + elastinga galvos juosta<\/span><\/p>\n<p><span style=\"font-weight: 400;\">LED tipas: T6<\/span><\/p>\n<p><span style=\"font-weight: 400;\">Ry\u0161kumas: 5000 liumen\u0173<\/span><\/p>\n<p><span style=\"font-weight: 400;\">Re\u017eimai: tolimosios \u0161viesos, \u0160oniniai \u017eibintai, visi \u0161viesos diodai, SOS blykst\u0117s lempa<\/span><\/p>\n<p><span style=\"font-weight: 400;\">Baterijos tipas: 18650<\/span><\/p>\n<p><span style=\"font-weight: 400;\">Atsparumas vandeniui: IP4<\/span><\/p>\n<p><span style=\"font-weight: 400;\">Ap\u0161vietimo atstumas: ne daugiau kaip 100 metr\u0173<\/span><\/p>\n<p><span style=\"font-weight: 400;\">\u012ekrovimo laikas: 3-4 valandos<\/span><\/p>\n<p><span style=\"font-weight: 400;\">Darbo laikas: 4-6 valandos<\/span><\/p>\n<p>&nbsp;<\/p>\n<p><span style=\"font-weight: 400;\">Pakuot\u0117s turinys:<\/span><\/p>\n<p><span style=\"font-weight: 400;\">1 priekinis \u017eibintas<\/span><\/p>\n<p><span style=\"font-weight: 400;\">1 USB kabelis<\/span><\/p>\n<p><span style=\"font-weight: 400;\">2 baterijos po 18650<\/span><\/p>\n<p><span style=\"font-weight: 400;\">1 usb sieninis adapteris<\/span><\/p>\n","protected":false},"featured_media":129244,"template":"","meta":{"_acf_changed":false},"product_brand":[],"product_cat":[1172],"product_tag":[],"class_list":{"0":"post-150126","1":"product","2":"type-product","3":"status-publish","4":"has-post-thumbnail","6":"product_cat-priekiniai-zibintai","8":"first","9":"instock","10":"taxable","11":"shipping-taxable","12":"purchasable","13":"product-type-simple"},"acf":[],"_links":{"self":[{"href":"https:\/\/kingarms.ee\/lt\/wp-json\/wp\/v2\/product\/150126","targetHints":{"allow":["GET"]}}],"collection":[{"href":"https:\/\/kingarms.ee\/lt\/wp-json\/wp\/v2\/product"}],"about":[{"href":"https:\/\/kingarms.ee\/lt\/wp-json\/wp\/v2\/types\/product"}],"wp:featuredmedia":[{"embeddable":true,"href":"https:\/\/kingarms.ee\/lt\/wp-json\/wp\/v2\/media\/129244"}],"wp:attachment":[{"href":"https:\/\/kingarms.ee\/lt\/wp-json\/wp\/v2\/media?parent=150126"}],"wp:term":[{"taxonomy":"product_brand","embeddable":true,"href":"https:\/\/kingarms.ee\/lt\/wp-json\/wp\/v2\/product_brand?post=150126"},{"taxonomy":"product_cat","embeddable":true,"href":"https:\/\/kingarms.ee\/lt\/wp-json\/wp\/v2\/product_cat?post=150126"},{"taxonomy":"product_tag","embeddable":true,"href":"https:\/\/kingarms.ee\/lt\/wp-json\/wp\/v2\/product_tag?post=150126"}],"curies":[{"name":"wp","href":"https:\/\/api.w.org\/{rel}","templated":true}]}}