{"id":150156,"date":"2023-05-24T19:08:39","date_gmt":"2025-05-25T15:27:23","guid":{"rendered":"https:\/\/kingarms.ee\/product\/priekinis-zibintas-p90\/"},"modified":"2025-05-25T18:27:23","modified_gmt":"2025-05-25T15:27:23","slug":"priekinis-zibintas-p90","status":"publish","type":"product","link":"https:\/\/kingarms.ee\/lt\/product\/priekinis-zibintas-p90\/","title":{"rendered":"Priekinis \u017dibintas P90"},"content":{"rendered":"","protected":false},"excerpt":{"rendered":"<p>Orteksas<\/p>\n<p><span style=\"font-weight: 400;\">Reflektoriaus ir pro\u017eektoriaus tipas<\/span><\/p>\n<p><span style=\"font-weight: 400;\">Med\u017eiaga: Aliuminis<\/span><\/p>\n<p><span style=\"font-weight: 400;\">Re\u017eim\u0173 skai\u010dius: 5<\/span><\/p>\n<p><span style=\"font-weight: 400;\">Maisto \u0161altinis: 2 kartus 18650 baterija<\/span><\/p>\n<p><span style=\"font-weight: 400;\">LED \u0161viesos \u0161altinis<\/span><\/p>\n<p><span style=\"font-weight: 400;\">Ilgis: 1350mm<\/span><\/p>\n<p><span style=\"font-weight: 400;\">Svoris: 190g<\/p>\n<p><\/span><\/p>\n<p><span style=\"font-weight: 400;\">Papildomos funkcijos: atsparus dulk\u0117ms, USB \u012fkrovimas, montavimo laidas, sandarinimo \u017eiedas, atsparus vandeniui, atsparus sm\u016bgiams<\/span><\/p>\n","protected":false},"featured_media":132528,"template":"","meta":{"_acf_changed":false},"product_brand":[],"product_cat":[1172],"product_tag":[],"class_list":{"0":"post-150156","1":"product","2":"type-product","3":"status-publish","4":"has-post-thumbnail","6":"product_cat-priekiniai-zibintai","8":"first","9":"instock","10":"taxable","11":"shipping-taxable","12":"purchasable","13":"product-type-simple"},"acf":[],"_links":{"self":[{"href":"https:\/\/kingarms.ee\/lt\/wp-json\/wp\/v2\/product\/150156","targetHints":{"allow":["GET"]}}],"collection":[{"href":"https:\/\/kingarms.ee\/lt\/wp-json\/wp\/v2\/product"}],"about":[{"href":"https:\/\/kingarms.ee\/lt\/wp-json\/wp\/v2\/types\/product"}],"wp:featuredmedia":[{"embeddable":true,"href":"https:\/\/kingarms.ee\/lt\/wp-json\/wp\/v2\/media\/132528"}],"wp:attachment":[{"href":"https:\/\/kingarms.ee\/lt\/wp-json\/wp\/v2\/media?parent=150156"}],"wp:term":[{"taxonomy":"product_brand","embeddable":true,"href":"https:\/\/kingarms.ee\/lt\/wp-json\/wp\/v2\/product_brand?post=150156"},{"taxonomy":"product_cat","embeddable":true,"href":"https:\/\/kingarms.ee\/lt\/wp-json\/wp\/v2\/product_cat?post=150156"},{"taxonomy":"product_tag","embeddable":true,"href":"https:\/\/kingarms.ee\/lt\/wp-json\/wp\/v2\/product_tag?post=150156"}],"curies":[{"name":"wp","href":"https:\/\/api.w.org\/{rel}","templated":true}]}}