{"id":150170,"date":"2023-05-24T12:06:43","date_gmt":"2025-05-26T06:24:32","guid":{"rendered":"https:\/\/kingarms.ee\/product\/termoso-sautuvo-uztaisas-350-ml-remington\/"},"modified":"2025-05-26T09:24:32","modified_gmt":"2025-05-26T06:24:32","slug":"termoso-sautuvo-uztaisas-350-ml-remington","status":"publish","type":"product","link":"https:\/\/kingarms.ee\/lt\/product\/termoso-sautuvo-uztaisas-350-ml-remington\/","title":{"rendered":"Termoso \u0161autuvo u\u017etaisas 350 ml (Remington)"},"content":{"rendered":"","protected":false},"excerpt":{"rendered":"<div>Termoso \u0161autuvo u\u017etaisas 350 ml (Remington)<\/div>\n<div><\/div>\n<div>Ner\u016bdijantis plienas 18-8<\/div>\n<div>Neperleid\u017eiama<\/div>\n<div>Matin\u0117 \u017ealia, neatspindinti danga<\/div>\n<div>T\u016bris 350 ml<\/div>\n<div>Idealiai tinka naudoti u\u017e miesto rib\u0173<\/div>\n","protected":false},"featured_media":130899,"template":"","meta":{"_acf_changed":false},"product_brand":[],"product_cat":[1263],"product_tag":[],"class_list":{"0":"post-150170","1":"product","2":"type-product","3":"status-publish","4":"has-post-thumbnail","6":"product_cat-kelioniu-prekes","8":"first","9":"instock","10":"taxable","11":"shipping-taxable","12":"purchasable","13":"product-type-simple"},"acf":[],"_links":{"self":[{"href":"https:\/\/kingarms.ee\/lt\/wp-json\/wp\/v2\/product\/150170","targetHints":{"allow":["GET"]}}],"collection":[{"href":"https:\/\/kingarms.ee\/lt\/wp-json\/wp\/v2\/product"}],"about":[{"href":"https:\/\/kingarms.ee\/lt\/wp-json\/wp\/v2\/types\/product"}],"wp:featuredmedia":[{"embeddable":true,"href":"https:\/\/kingarms.ee\/lt\/wp-json\/wp\/v2\/media\/130899"}],"wp:attachment":[{"href":"https:\/\/kingarms.ee\/lt\/wp-json\/wp\/v2\/media?parent=150170"}],"wp:term":[{"taxonomy":"product_brand","embeddable":true,"href":"https:\/\/kingarms.ee\/lt\/wp-json\/wp\/v2\/product_brand?post=150170"},{"taxonomy":"product_cat","embeddable":true,"href":"https:\/\/kingarms.ee\/lt\/wp-json\/wp\/v2\/product_cat?post=150170"},{"taxonomy":"product_tag","embeddable":true,"href":"https:\/\/kingarms.ee\/lt\/wp-json\/wp\/v2\/product_tag?post=150170"}],"curies":[{"name":"wp","href":"https:\/\/api.w.org\/{rel}","templated":true}]}}