{"id":150173,"date":"2023-05-23T17:59:56","date_gmt":"2023-05-23T14:59:56","guid":{"rendered":"https:\/\/kingarms.ee\/product\/oro-sautuvas-777sb-remington\/"},"modified":"2025-05-26T09:34:53","modified_gmt":"2025-05-26T06:34:53","slug":"oro-sautuvas-777sb-remington","status":"publish","type":"product","link":"https:\/\/kingarms.ee\/lt\/product\/oro-sautuvas-777sb-remington\/","title":{"rendered":"Oro \u0161autuvas 777SB (Remington)"},"content":{"rendered":"","protected":false},"excerpt":{"rendered":"<p>Oro \u0161autuvas 777SB (Remington)<\/p>\n<p><span style=\"font-family: Arial;\">\u201eCrosman Remington 777SB\u201c \u0161autuvas yra apr\u016bpintas \u201eNitro Mag\u201c st\u016bmokliu, \u201eCenterpoint 4 \u00d7 32\u201c teleskopiniais ir mediniais stiebais, tinkan\u010diais tiek de\u0161iniajam, tiek kairiajam \u017emon\u0117ms.<\/span><span style=\"font-family: Arial;\"><br \/>\n<\/span><span style=\"font-family: Arial;\">Kalibras: 4.5 mm (.177).<br \/>\n<\/span><span style=\"font-family: Arial;\">Pradinis greitis: 305 m \/ s.<br \/>\n<\/span><span style=\"font-family: Arial;\">Kalibras: 4,5 mm (.177).<br \/>\n<\/span><span style=\"font-family: Arial;\">Susukta plienin\u0117 statin\u0117 su smulkinimu.<br \/>\n<\/span><span style=\"font-family: Arial;\">Medin\u0117 lova.<br \/>\n<\/span><span style=\"font-family: Arial;\">Reguliuojamas trigeris (du lygiai).<br \/>\n<\/span><span style=\"font-family: Arial;\">11 mm baland\u017ei\u0173 uodegos juostel\u0117.<br \/>\n<\/span><span style=\"font-family: Arial;\">N\u0117ra tikslo.<br \/>\n<\/span><span style=\"font-family: Arial;\">11 mm baland\u017ei\u0173 juosta.<br \/>\n<\/span><span style=\"font-family: Arial;\">Kogupikkus: 1130 mm<br \/>\n<\/span><span style=\"font-family: Arial;\">Kaal: 2,6 kg.<\/span><\/p>\n<p>NB!<\/p>\n<p> Vaizdas n\u0117ra su rinkiniu<\/p>\n<p>&nbsp;<\/p>\n","protected":false},"featured_media":129186,"template":"","meta":{"_acf_changed":false},"product_brand":[],"product_cat":[1142,1145],"product_tag":[],"class_list":{"0":"post-150173","1":"product","2":"type-product","3":"status-publish","4":"has-post-thumbnail","6":"product_cat-oro-ginklai","7":"product_cat-snaiperio-sautuvai-4-5-mm","9":"first","10":"instock","11":"taxable","12":"shipping-taxable","13":"purchasable","14":"product-type-simple"},"acf":[],"_links":{"self":[{"href":"https:\/\/kingarms.ee\/lt\/wp-json\/wp\/v2\/product\/150173","targetHints":{"allow":["GET"]}}],"collection":[{"href":"https:\/\/kingarms.ee\/lt\/wp-json\/wp\/v2\/product"}],"about":[{"href":"https:\/\/kingarms.ee\/lt\/wp-json\/wp\/v2\/types\/product"}],"wp:featuredmedia":[{"embeddable":true,"href":"https:\/\/kingarms.ee\/lt\/wp-json\/wp\/v2\/media\/129186"}],"wp:attachment":[{"href":"https:\/\/kingarms.ee\/lt\/wp-json\/wp\/v2\/media?parent=150173"}],"wp:term":[{"taxonomy":"product_brand","embeddable":true,"href":"https:\/\/kingarms.ee\/lt\/wp-json\/wp\/v2\/product_brand?post=150173"},{"taxonomy":"product_cat","embeddable":true,"href":"https:\/\/kingarms.ee\/lt\/wp-json\/wp\/v2\/product_cat?post=150173"},{"taxonomy":"product_tag","embeddable":true,"href":"https:\/\/kingarms.ee\/lt\/wp-json\/wp\/v2\/product_tag?post=150173"}],"curies":[{"name":"wp","href":"https:\/\/api.w.org\/{rel}","templated":true}]}}