{"id":150183,"date":"2023-05-18T16:33:09","date_gmt":"2025-05-26T06:56:36","guid":{"rendered":"https:\/\/kingarms.ee\/product\/pirmosios-pagalbos-uzpildai-27-vakarelis\/"},"modified":"2025-05-26T09:56:36","modified_gmt":"2025-05-26T06:56:36","slug":"pirmosios-pagalbos-uzpildai-27-vakarelis","status":"publish","type":"product","link":"https:\/\/kingarms.ee\/lt\/product\/pirmosios-pagalbos-uzpildai-27-vakarelis\/","title":{"rendered":"Pirmosios pagalbos u\u017epildai &#8211; 27 vakar\u0117lis"},"content":{"rendered":"<p><img loading=\"lazy\" decoding=\"async\" class=\"alignnone size-full wp-image-78495\" src=\"https:\/\/kingarms.ee\/wp-content\/uploads\/2023\/05\/27321.jpg\" alt=\"\" width=\"1200\" height=\"1200\" srcset=\"https:\/\/kingarms.ee\/wp-content\/uploads\/2023\/05\/27321.jpg 1200w, https:\/\/kingarms.ee\/wp-content\/uploads\/2023\/05\/27321-300x300.jpg 300w, https:\/\/kingarms.ee\/wp-content\/uploads\/2023\/05\/27321-1024x1024.jpg 1024w, https:\/\/kingarms.ee\/wp-content\/uploads\/2023\/05\/27321-150x150.jpg 150w, https:\/\/kingarms.ee\/wp-content\/uploads\/2023\/05\/27321-768x768.jpg 768w, https:\/\/kingarms.ee\/wp-content\/uploads\/2023\/05\/27321-500x500.jpg 500w\" sizes=\"auto, (max-width: 1200px) 100vw, 1200px\" \/><\/p>\n","protected":false},"excerpt":{"rendered":"<p>Pirmosios pagalbos u\u017epildai &#8211; 27 vakar\u0117lis<\/p>\n<p>Tinka motociklams pagal DIN 13167<br \/>\nsusideda i\u0161:<br \/>\n1 lipnaus gipso ritinys 5 m x 2,5 cm din13019-a<br \/>\n4 \u017eaizd\u0173 pleistrai, elastiniai, 10 x 6 cm din 13019<br \/>\n10 pir\u0161t\u0173 pleistr\u0173, skirting\u0173 dyd\u017ei\u0173<br \/>\n1 pirmosios pagalbos pakuot\u0117 8 x 10 cm din 13151-m<br \/>\n1 pirmosios pagalbos pakuot\u0117 10 x 12 cm din 13151-g<br \/>\n1 Ry\u0161ys, sterilus, 60 x 80 cm DIN 13152-A<br \/>\n2 odos valymo audinys<br \/>\n4 vienkartin\u0117s pir\u0161tin\u0117s, didel\u0117s, din en 455<br \/>\n1 avarin\u0117 antklod\u0117, sidabras\/auksas, 210 x 160 cm<br \/>\n1 pirmosios pagalbos \u017eirkl\u0117s, DIN 58279<br \/>\n1 bro\u0161i\u016bra, pirmosios pagalbos instrukcijos<br \/>\n\u0160iomis kalbomis: en, de, gb, fr, it, es, pt<\/p>\n","protected":false},"featured_media":132020,"template":"","meta":{"_acf_changed":false},"product_brand":[],"product_cat":[1219],"product_tag":[],"class_list":{"0":"post-150183","1":"product","2":"type-product","3":"status-publish","4":"has-post-thumbnail","6":"product_cat-pirmoji-pagalba","8":"first","9":"instock","10":"taxable","11":"shipping-taxable","12":"purchasable","13":"product-type-simple"},"acf":[],"_links":{"self":[{"href":"https:\/\/kingarms.ee\/lt\/wp-json\/wp\/v2\/product\/150183","targetHints":{"allow":["GET"]}}],"collection":[{"href":"https:\/\/kingarms.ee\/lt\/wp-json\/wp\/v2\/product"}],"about":[{"href":"https:\/\/kingarms.ee\/lt\/wp-json\/wp\/v2\/types\/product"}],"wp:featuredmedia":[{"embeddable":true,"href":"https:\/\/kingarms.ee\/lt\/wp-json\/wp\/v2\/media\/132020"}],"wp:attachment":[{"href":"https:\/\/kingarms.ee\/lt\/wp-json\/wp\/v2\/media?parent=150183"}],"wp:term":[{"taxonomy":"product_brand","embeddable":true,"href":"https:\/\/kingarms.ee\/lt\/wp-json\/wp\/v2\/product_brand?post=150183"},{"taxonomy":"product_cat","embeddable":true,"href":"https:\/\/kingarms.ee\/lt\/wp-json\/wp\/v2\/product_cat?post=150183"},{"taxonomy":"product_tag","embeddable":true,"href":"https:\/\/kingarms.ee\/lt\/wp-json\/wp\/v2\/product_tag?post=150183"}],"curies":[{"name":"wp","href":"https:\/\/api.w.org\/{rel}","templated":true}]}}