{"id":150185,"date":"2023-05-18T16:22:20","date_gmt":"2025-05-26T07:06:30","guid":{"rendered":"https:\/\/kingarms.ee\/product\/pirmosios-pagalbos-uzpildymo-asortimentas-43-partijos\/"},"modified":"2025-05-26T10:06:30","modified_gmt":"2025-05-26T07:06:30","slug":"pirmosios-pagalbos-uzpildymo-asortimentas-43-partijos","status":"publish","type":"product","link":"https:\/\/kingarms.ee\/lt\/product\/pirmosios-pagalbos-uzpildymo-asortimentas-43-partijos\/","title":{"rendered":"Pirmosios pagalbos u\u017epildymo asortimentas &#8211; 43 partijos"},"content":{"rendered":"<p><img loading=\"lazy\" decoding=\"async\" class=\"alignnone size-full wp-image-78483\" src=\"https:\/\/kingarms.ee\/wp-content\/uploads\/2023\/05\/27320.jpg\" alt=\"\" width=\"1200\" height=\"1200\" srcset=\"https:\/\/kingarms.ee\/wp-content\/uploads\/2023\/05\/27320.jpg 1200w, https:\/\/kingarms.ee\/wp-content\/uploads\/2023\/05\/27320-300x300.jpg 300w, https:\/\/kingarms.ee\/wp-content\/uploads\/2023\/05\/27320-1024x1024.jpg 1024w, https:\/\/kingarms.ee\/wp-content\/uploads\/2023\/05\/27320-150x150.jpg 150w, https:\/\/kingarms.ee\/wp-content\/uploads\/2023\/05\/27320-768x768.jpg 768w, https:\/\/kingarms.ee\/wp-content\/uploads\/2023\/05\/27320-500x500.jpg 500w\" sizes=\"auto, (max-width: 1200px) 100vw, 1200px\" \/><\/p>\n","protected":false},"excerpt":{"rendered":"<p>Pirmosios pagalbos u\u017epildymo asortimentas &#8211; 43 partijos<\/p>\n<p>tinka motorin\u0117ms transporto priemon\u0117ms, DIN 13164: 2022<br \/>\nsudaryti:<br \/>\n2 veido kauk\u0117s, DIN 14683<br \/>\n1 ritininis lipnus tinkas, 5 m po 2,5 cm, DIN 13019-A<br \/>\n4 \u017eaizd\u0173 pleistrai, elastingi, 10 po 6 cm, DIN 13019-E<br \/>\n2 pir\u0161t\u0173 tvars\u010diai, elastingi, 2 po 12 cm, DIN 13019-E<br \/>\nTvarstis su 2 pir\u0161t\u0173 galiukais, atsparus vandeniui, 4 po 7 cm<br \/>\n2 \u017eaizd\u0173 pleistrai, atspar\u016bs vandeniui, 1,9-7,2 cm<br \/>\n4 \u017eaizd\u0173 pleistrai, atspar\u016bs vandeniui, 2,5 karto 7,2 cm<br \/>\n1 Pirmosios pagalbos pakuot\u0117, 6 po 8 cm, DIN 13151-K<br \/>\n2 pirmosios pagalbos paketai, 8 po 10 cm, DIN 13151-M<br \/>\n1 Pirmosios pagalbos pakuot\u0117, 10 po 12 cm, DIN 13151-G<br \/>\n1 Pirmosios pagalbos tvarstis, 60-80 cm, DIN 13152-A<br \/>\n6 \u017eaizdos pleistrai, steril\u016bs, 10 po 10 cm<br \/>\n2 elastiniai tvars\u010diai, 6 cm po 4 m, DIN 61634FB<br \/>\n3 elastiniai tvars\u010diai, 8 cm po 4 m, DIN 61634FB<br \/>\n1 trikamp\u0117 jungtis, 96-96-136 cm, DIN13168-D<br \/>\n2 Odos Valymo Audiniai<br \/>\n4 vienkartin\u0117s pir\u0161tin\u0117s, didel\u0117s, DIN EN 455<br \/>\n1 avarin\u0117 antklod\u0117, sidabrin\u0117 \/ auksin\u0117, 210 po 160 cm<br \/>\n1 Pirmosios pagalbos \u017eirkl\u0117s, DIN 58279<br \/>\n1 bro\u0161i\u016bra, pirmosios pagalbos instrukcijos<br \/>\n\u0161iomis kalbomis: EN, de, GB, FR, it, ES, PT<\/p>\n","protected":false},"featured_media":132016,"template":"","meta":{"_acf_changed":false},"product_brand":[],"product_cat":[1219],"product_tag":[],"class_list":{"0":"post-150185","1":"product","2":"type-product","3":"status-publish","4":"has-post-thumbnail","6":"product_cat-pirmoji-pagalba","8":"first","9":"instock","10":"taxable","11":"shipping-taxable","12":"purchasable","13":"product-type-simple"},"acf":[],"_links":{"self":[{"href":"https:\/\/kingarms.ee\/lt\/wp-json\/wp\/v2\/product\/150185","targetHints":{"allow":["GET"]}}],"collection":[{"href":"https:\/\/kingarms.ee\/lt\/wp-json\/wp\/v2\/product"}],"about":[{"href":"https:\/\/kingarms.ee\/lt\/wp-json\/wp\/v2\/types\/product"}],"wp:featuredmedia":[{"embeddable":true,"href":"https:\/\/kingarms.ee\/lt\/wp-json\/wp\/v2\/media\/132016"}],"wp:attachment":[{"href":"https:\/\/kingarms.ee\/lt\/wp-json\/wp\/v2\/media?parent=150185"}],"wp:term":[{"taxonomy":"product_brand","embeddable":true,"href":"https:\/\/kingarms.ee\/lt\/wp-json\/wp\/v2\/product_brand?post=150185"},{"taxonomy":"product_cat","embeddable":true,"href":"https:\/\/kingarms.ee\/lt\/wp-json\/wp\/v2\/product_cat?post=150185"},{"taxonomy":"product_tag","embeddable":true,"href":"https:\/\/kingarms.ee\/lt\/wp-json\/wp\/v2\/product_tag?post=150185"}],"curies":[{"name":"wp","href":"https:\/\/api.w.org\/{rel}","templated":true}]}}