{"id":150187,"date":"2023-05-18T16:18:21","date_gmt":"2025-05-26T07:12:12","guid":{"rendered":"https:\/\/kingarms.ee\/product\/isgyvenimo-rinkinys-22-dalis\/"},"modified":"2025-05-26T10:12:12","modified_gmt":"2025-05-26T07:12:12","slug":"isgyvenimo-rinkinys-22-dalis","status":"publish","type":"product","link":"https:\/\/kingarms.ee\/lt\/product\/isgyvenimo-rinkinys-22-dalis\/","title":{"rendered":"I\u0161gyvenimo rinkinys &#8211; 22 dalis"},"content":{"rendered":"<p><img loading=\"lazy\" decoding=\"async\" class=\"alignnone size-full wp-image-78475\" src=\"https:\/\/kingarms.ee\/wp-content\/uploads\/2023\/05\/27117d1.jpg\" alt=\"\" width=\"1200\" height=\"1200\" srcset=\"https:\/\/kingarms.ee\/wp-content\/uploads\/2023\/05\/27117d1.jpg 1200w, https:\/\/kingarms.ee\/wp-content\/uploads\/2023\/05\/27117d1-300x300.jpg 300w, https:\/\/kingarms.ee\/wp-content\/uploads\/2023\/05\/27117d1-1024x1024.jpg 1024w, https:\/\/kingarms.ee\/wp-content\/uploads\/2023\/05\/27117d1-150x150.jpg 150w, https:\/\/kingarms.ee\/wp-content\/uploads\/2023\/05\/27117d1-768x768.jpg 768w, https:\/\/kingarms.ee\/wp-content\/uploads\/2023\/05\/27117d1-500x500.jpg 500w\" sizes=\"auto, (max-width: 1200px) 100vw, 1200px\" \/><\/p>\n","protected":false},"excerpt":{"rendered":"<h2>I\u0161gyvenimo rinkinys &#8211; 22 dalis<\/h2>\n<p>vandeniui atspari plastikin\u0117 d\u0117\u017eut\u0117 su kilpa<br \/>\nturinys:<br \/>\nI\u0161gyvenimo vadovas ir nelaiming\u0173 atsitikim\u0173 vertinimo ataskaita<br \/>\nsignalo \u0161vilpukas ir veidrodis su reg\u0117jimu<br \/>\n\u017evak\u0117<br \/>\nmini Kompasas<br \/>\nugnies starteris su 2 medvilnin\u0117mis gaisrin\u0117mis ma\u0161inomis<br \/>\n\u017evejybos rinkinys su virvele, 4 kabliukais ir<br \/>\n2 \u0161vino gabalai<br \/>\nvielos ir vielos pj\u016bklas su 2 \u017eiedais<br \/>\nsiuvimo rinkinys<br \/>\nra\u0161iklis<br \/>\npjovimo diskas<br \/>\nMatmenys: apytiksliai. 13,5-8-4 cm<br \/>\nSvoris: apytiksliai. 135 g  <\/p>\n","protected":false},"featured_media":129061,"template":"","meta":{"_acf_changed":false},"product_brand":[],"product_cat":[1263],"product_tag":[],"class_list":{"0":"post-150187","1":"product","2":"type-product","3":"status-publish","4":"has-post-thumbnail","6":"product_cat-kelioniu-prekes","8":"first","9":"instock","10":"taxable","11":"shipping-taxable","12":"purchasable","13":"product-type-simple"},"acf":[],"_links":{"self":[{"href":"https:\/\/kingarms.ee\/lt\/wp-json\/wp\/v2\/product\/150187","targetHints":{"allow":["GET"]}}],"collection":[{"href":"https:\/\/kingarms.ee\/lt\/wp-json\/wp\/v2\/product"}],"about":[{"href":"https:\/\/kingarms.ee\/lt\/wp-json\/wp\/v2\/types\/product"}],"wp:featuredmedia":[{"embeddable":true,"href":"https:\/\/kingarms.ee\/lt\/wp-json\/wp\/v2\/media\/129061"}],"wp:attachment":[{"href":"https:\/\/kingarms.ee\/lt\/wp-json\/wp\/v2\/media?parent=150187"}],"wp:term":[{"taxonomy":"product_brand","embeddable":true,"href":"https:\/\/kingarms.ee\/lt\/wp-json\/wp\/v2\/product_brand?post=150187"},{"taxonomy":"product_cat","embeddable":true,"href":"https:\/\/kingarms.ee\/lt\/wp-json\/wp\/v2\/product_cat?post=150187"},{"taxonomy":"product_tag","embeddable":true,"href":"https:\/\/kingarms.ee\/lt\/wp-json\/wp\/v2\/product_tag?post=150187"}],"curies":[{"name":"wp","href":"https:\/\/api.w.org\/{rel}","templated":true}]}}