{"id":150192,"date":"2023-05-17T15:49:34","date_gmt":"2023-05-17T12:49:34","guid":{"rendered":"https:\/\/kingarms.ee\/product\/sulankstomas-pjuklas-prabangus-juodas\/"},"modified":"2025-05-26T10:22:15","modified_gmt":"2025-05-26T07:22:15","slug":"sulankstomas-pjuklas-prabangus-juodas","status":"publish","type":"product","link":"https:\/\/kingarms.ee\/lt\/product\/sulankstomas-pjuklas-prabangus-juodas\/","title":{"rendered":"Sulankstomas pj\u016bklas,&#8221; prabangus&#8221;, juodas"},"content":{"rendered":"<p><img loading=\"lazy\" decoding=\"async\" class=\"alignnone size-full wp-image-78403\" src=\"https:\/\/kingarms.ee\/wp-content\/uploads\/2023\/05\/27082.jpg\" alt=\"\" width=\"1200\" height=\"1200\" srcset=\"https:\/\/kingarms.ee\/wp-content\/uploads\/2023\/05\/27082.jpg 1200w, https:\/\/kingarms.ee\/wp-content\/uploads\/2023\/05\/27082-300x300.jpg 300w, https:\/\/kingarms.ee\/wp-content\/uploads\/2023\/05\/27082-1024x1024.jpg 1024w, https:\/\/kingarms.ee\/wp-content\/uploads\/2023\/05\/27082-150x150.jpg 150w, https:\/\/kingarms.ee\/wp-content\/uploads\/2023\/05\/27082-768x768.jpg 768w, https:\/\/kingarms.ee\/wp-content\/uploads\/2023\/05\/27082-500x500.jpg 500w\" sizes=\"auto, (max-width: 1200px) 100vw, 1200px\" \/><\/p>\n","protected":false},"excerpt":{"rendered":"<p>Sulankstomas pj\u016bklas,&#8221; prabangus&#8221;, juodas<\/p>\n<p>pj\u016bklo a\u0161menys i\u0161 ner\u016bdijan\u010dio plieno<br \/>\nneslystanti, guma dengta metalin\u0117 rankena<br \/>\nPj\u016bklo a\u0161men\u0173 u\u017erakto mygtukas<br \/>\nnailono krep\u0161ys su dir\u017eo kilpa<br \/>\nBendras ilgis: apytiksliai. 41 cm<br \/>\nPj\u016bklo diskas: apytiksliai. 19 cm<br \/>\nSvoris su mai\u0161eliu: apytiksliai. 390 g   <\/p>\n","protected":false},"featured_media":129023,"template":"","meta":{"_acf_changed":false},"product_brand":[],"product_cat":[1260],"product_tag":[],"class_list":{"0":"post-150192","1":"product","2":"type-product","3":"status-publish","4":"has-post-thumbnail","6":"product_cat-pamate","8":"first","9":"outofstock","10":"taxable","11":"shipping-taxable","12":"purchasable","13":"product-type-simple"},"acf":[],"_links":{"self":[{"href":"https:\/\/kingarms.ee\/lt\/wp-json\/wp\/v2\/product\/150192","targetHints":{"allow":["GET"]}}],"collection":[{"href":"https:\/\/kingarms.ee\/lt\/wp-json\/wp\/v2\/product"}],"about":[{"href":"https:\/\/kingarms.ee\/lt\/wp-json\/wp\/v2\/types\/product"}],"wp:featuredmedia":[{"embeddable":true,"href":"https:\/\/kingarms.ee\/lt\/wp-json\/wp\/v2\/media\/129023"}],"wp:attachment":[{"href":"https:\/\/kingarms.ee\/lt\/wp-json\/wp\/v2\/media?parent=150192"}],"wp:term":[{"taxonomy":"product_brand","embeddable":true,"href":"https:\/\/kingarms.ee\/lt\/wp-json\/wp\/v2\/product_brand?post=150192"},{"taxonomy":"product_cat","embeddable":true,"href":"https:\/\/kingarms.ee\/lt\/wp-json\/wp\/v2\/product_cat?post=150192"},{"taxonomy":"product_tag","embeddable":true,"href":"https:\/\/kingarms.ee\/lt\/wp-json\/wp\/v2\/product_tag?post=150192"}],"curies":[{"name":"wp","href":"https:\/\/api.w.org\/{rel}","templated":true}]}}