{"id":150194,"date":"2023-05-17T15:43:18","date_gmt":"2025-05-26T07:25:08","guid":{"rendered":"https:\/\/kingarms.ee\/product\/sulankstomas-pjuklas-od-zalia-juoda\/"},"modified":"2025-05-26T10:25:08","modified_gmt":"2025-05-26T07:25:08","slug":"sulankstomas-pjuklas-od-zalia-juoda","status":"publish","type":"product","link":"https:\/\/kingarms.ee\/lt\/product\/sulankstomas-pjuklas-od-zalia-juoda\/","title":{"rendered":"Sulankstomas pj\u016bklas, OD \u017ealia-juoda"},"content":{"rendered":"<p><img loading=\"lazy\" decoding=\"async\" class=\"alignnone size-full wp-image-78371\" src=\"https:\/\/kingarms.ee\/wp-content\/uploads\/2023\/05\/27080.jpg\" alt=\"\" width=\"1200\" height=\"1200\" srcset=\"https:\/\/kingarms.ee\/wp-content\/uploads\/2023\/05\/27080.jpg 1200w, https:\/\/kingarms.ee\/wp-content\/uploads\/2023\/05\/27080-300x300.jpg 300w, https:\/\/kingarms.ee\/wp-content\/uploads\/2023\/05\/27080-1024x1024.jpg 1024w, https:\/\/kingarms.ee\/wp-content\/uploads\/2023\/05\/27080-150x150.jpg 150w, https:\/\/kingarms.ee\/wp-content\/uploads\/2023\/05\/27080-768x768.jpg 768w, https:\/\/kingarms.ee\/wp-content\/uploads\/2023\/05\/27080-500x500.jpg 500w\" sizes=\"auto, (max-width: 1200px) 100vw, 1200px\" \/><\/p>\n","protected":false},"excerpt":{"rendered":"<p>Sulankstomas pj\u016bklas, OD \u017ealia-juoda<\/p>\n<p>lenktas pj\u016bklo diskas i\u0161 gr\u016bdinto \u012frankinio plieno<br \/>\nneslystanti, guma padengta plastikin\u0117 rankena<br \/>\nPj\u016bklo a\u0161men\u0173 u\u017erakto mygtukas<br \/>\nkilpa rankenos gale<br \/>\nBendras ilgis: apytiksliai. 37 cm<br \/>\nPj\u016bklo diskas: apytiksliai. 17 cm<br \/>\nSvoris: apytiksliai. 190 g   <\/p>\n","protected":false},"featured_media":129001,"template":"","meta":{"_acf_changed":false},"product_brand":[],"product_cat":[1260],"product_tag":[],"class_list":{"0":"post-150194","1":"product","2":"type-product","3":"status-publish","4":"has-post-thumbnail","6":"product_cat-pamate","8":"first","9":"instock","10":"taxable","11":"shipping-taxable","12":"purchasable","13":"product-type-simple"},"acf":[],"_links":{"self":[{"href":"https:\/\/kingarms.ee\/lt\/wp-json\/wp\/v2\/product\/150194","targetHints":{"allow":["GET"]}}],"collection":[{"href":"https:\/\/kingarms.ee\/lt\/wp-json\/wp\/v2\/product"}],"about":[{"href":"https:\/\/kingarms.ee\/lt\/wp-json\/wp\/v2\/types\/product"}],"wp:featuredmedia":[{"embeddable":true,"href":"https:\/\/kingarms.ee\/lt\/wp-json\/wp\/v2\/media\/129001"}],"wp:attachment":[{"href":"https:\/\/kingarms.ee\/lt\/wp-json\/wp\/v2\/media?parent=150194"}],"wp:term":[{"taxonomy":"product_brand","embeddable":true,"href":"https:\/\/kingarms.ee\/lt\/wp-json\/wp\/v2\/product_brand?post=150194"},{"taxonomy":"product_cat","embeddable":true,"href":"https:\/\/kingarms.ee\/lt\/wp-json\/wp\/v2\/product_cat?post=150194"},{"taxonomy":"product_tag","embeddable":true,"href":"https:\/\/kingarms.ee\/lt\/wp-json\/wp\/v2\/product_tag?post=150194"}],"curies":[{"name":"wp","href":"https:\/\/api.w.org\/{rel}","templated":true}]}}