{"id":150199,"date":"2023-05-17T14:15:35","date_gmt":"2025-05-26T07:31:51","guid":{"rendered":"https:\/\/kingarms.ee\/product\/medine-rankena-kastuvas-mfh\/"},"modified":"2025-05-26T10:31:51","modified_gmt":"2025-05-26T07:31:51","slug":"medine-rankena-kastuvas-mfh","status":"publish","type":"product","link":"https:\/\/kingarms.ee\/lt\/product\/medine-rankena-kastuvas-mfh\/","title":{"rendered":"Medin\u0117 rankena kastuvas (MFH)"},"content":{"rendered":"<p><img loading=\"lazy\" decoding=\"async\" class=\"alignnone size-full wp-image-78293\" src=\"https:\/\/kingarms.ee\/wp-content\/uploads\/2023\/05\/27025.jpg\" alt=\"\" width=\"1200\" height=\"1200\" srcset=\"https:\/\/kingarms.ee\/wp-content\/uploads\/2023\/05\/27025.jpg 1200w, https:\/\/kingarms.ee\/wp-content\/uploads\/2023\/05\/27025-300x300.jpg 300w, https:\/\/kingarms.ee\/wp-content\/uploads\/2023\/05\/27025-1024x1024.jpg 1024w, https:\/\/kingarms.ee\/wp-content\/uploads\/2023\/05\/27025-150x150.jpg 150w, https:\/\/kingarms.ee\/wp-content\/uploads\/2023\/05\/27025-768x768.jpg 768w, https:\/\/kingarms.ee\/wp-content\/uploads\/2023\/05\/27025-500x500.jpg 500w\" sizes=\"auto, (max-width: 1200px) 100vw, 1200px\" \/><\/p>\n","protected":false},"excerpt":{"rendered":"<p>Medin\u0117 rankena kastuvas (MFH)<\/p>\n<p>a\u0161menys ir \u017eingsnis su \u0161lifuotu kra\u0161tu vienoje pus\u0117je<br \/>\nnailono d\u0117klas su dir\u017eo kilpa<br \/>\nGr\u016bdeli\u0173 dydis: apytiksliai. 19,5 karto 15 cm<br \/>\nBendras ilgis: apytiksliai. 57 cm<br \/>\nSvoris su korpusu: apytiksliai. 840 g   <\/p>\n","protected":false},"featured_media":128948,"template":"","meta":{"_acf_changed":false},"product_brand":[],"product_cat":[1261,1263],"product_tag":[],"class_list":{"0":"post-150199","1":"product","2":"type-product","3":"status-publish","4":"has-post-thumbnail","6":"product_cat-keliones-peiliai","7":"product_cat-kelioniu-prekes","9":"first","10":"instock","11":"taxable","12":"shipping-taxable","13":"purchasable","14":"product-type-simple"},"acf":[],"_links":{"self":[{"href":"https:\/\/kingarms.ee\/lt\/wp-json\/wp\/v2\/product\/150199","targetHints":{"allow":["GET"]}}],"collection":[{"href":"https:\/\/kingarms.ee\/lt\/wp-json\/wp\/v2\/product"}],"about":[{"href":"https:\/\/kingarms.ee\/lt\/wp-json\/wp\/v2\/types\/product"}],"wp:featuredmedia":[{"embeddable":true,"href":"https:\/\/kingarms.ee\/lt\/wp-json\/wp\/v2\/media\/128948"}],"wp:attachment":[{"href":"https:\/\/kingarms.ee\/lt\/wp-json\/wp\/v2\/media?parent=150199"}],"wp:term":[{"taxonomy":"product_brand","embeddable":true,"href":"https:\/\/kingarms.ee\/lt\/wp-json\/wp\/v2\/product_brand?post=150199"},{"taxonomy":"product_cat","embeddable":true,"href":"https:\/\/kingarms.ee\/lt\/wp-json\/wp\/v2\/product_cat?post=150199"},{"taxonomy":"product_tag","embeddable":true,"href":"https:\/\/kingarms.ee\/lt\/wp-json\/wp\/v2\/product_tag?post=150199"}],"curies":[{"name":"wp","href":"https:\/\/api.w.org\/{rel}","templated":true}]}}