{"id":150207,"date":"2023-05-07T12:45:52","date_gmt":"2025-05-26T09:25:34","guid":{"rendered":"https:\/\/kingarms.ee\/product\/striuke-remington-2\/"},"modified":"2025-05-26T12:25:34","modified_gmt":"2025-05-26T09:25:34","slug":"striuke-remington-2","status":"publish","type":"product","link":"https:\/\/kingarms.ee\/lt\/product\/striuke-remington-2\/","title":{"rendered":"Striuk\u0117 (Remington)"},"content":{"rendered":"","protected":false},"excerpt":{"rendered":"<p>Striuk\u0117 (Remington)<\/p>\n<p><span style=\"font-weight: 400;\">Hoodie Polar Dream geltoni vandens pauk\u0161\u010di\u0173 koriai yra prakti\u0161kas modelis, kuris gali b\u016bti naudojamas tiek kaip savaranki\u0161kas vir\u0161utinis produktas, tiek kaip izoliacinis sluoksnis pusiau sezono metu ir \u017eiem\u0105. Modelis Pagamintas i\u0161 dilimui atsparaus greitai d\u017ei\u016bstan\u010dio audinio, kurio d\u0117ka puikiai i\u0161laiko form\u0105 net ir po daugyb\u0117s skalbim\u0173. Vir\u0161utinis med\u017eiagos sluoksnis apsaugo nuo v\u0117jo, o vidinis mikrofilmas palaiko \u0161ilum\u0105. \u0160onkaulis ant rankovi\u0173, virvel\u0117 gaminio apa\u010dioje ir auk\u0161ta atsistojanti apykakl\u0117, kuri gerai priglunda prie k\u016bno ir apsaugo nuo \u0161alto oro. Asmenini\u0173 daikt\u0173 saugumui modelis turi funkcionalias ki\u0161enes su u\u017etrauktuku.    <\/span><\/p>\n<table>\n<tbody>\n<tr>\n<td><span style=\"font-weight: 400;\">S<\/span><\/td>\n<td><span style=\"font-weight: 400;\">46\/48<\/span><\/td>\n<td><span style=\"font-weight: 400;\">176cm\/190cm<\/span><\/td>\n<\/tr>\n<tr>\n<td><span style=\"font-weight: 400;\">M<\/span><\/td>\n<td><span style=\"font-weight: 400;\">48\/50<\/span><\/td>\n<td><span style=\"font-weight: 400;\">176cm\/190cm<\/span><\/td>\n<\/tr>\n<tr>\n<td><span style=\"font-weight: 400;\">L<\/span><\/td>\n<td><span style=\"font-weight: 400;\">50\/52<\/span><\/td>\n<td><span style=\"font-weight: 400;\">176cm\/190cm<\/span><\/td>\n<\/tr>\n<tr>\n<td><span style=\"font-weight: 400;\">XL<\/span><\/td>\n<td><span style=\"font-weight: 400;\">52\/54<\/span><\/td>\n<td><span style=\"font-weight: 400;\">176cm\/190cm<\/span><\/td>\n<\/tr>\n<tr>\n<td><span style=\"font-weight: 400;\">XXL<\/span><\/td>\n<td><span style=\"font-weight: 400;\">54\/56<\/span><\/td>\n<td><span style=\"font-weight: 400;\">176cm\/190cm<\/span><\/td>\n<\/tr>\n<\/tbody>\n<\/table>\n","protected":false},"featured_media":132713,"template":"","meta":{"_acf_changed":false},"product_brand":[],"product_cat":[1229],"product_tag":[],"class_list":{"0":"post-150207","1":"product","2":"type-product","3":"status-publish","4":"has-post-thumbnail","6":"product_cat-striuke","8":"first","9":"instock","10":"sale","11":"taxable","12":"shipping-taxable","13":"purchasable","14":"product-type-simple"},"acf":[],"_links":{"self":[{"href":"https:\/\/kingarms.ee\/lt\/wp-json\/wp\/v2\/product\/150207","targetHints":{"allow":["GET"]}}],"collection":[{"href":"https:\/\/kingarms.ee\/lt\/wp-json\/wp\/v2\/product"}],"about":[{"href":"https:\/\/kingarms.ee\/lt\/wp-json\/wp\/v2\/types\/product"}],"wp:featuredmedia":[{"embeddable":true,"href":"https:\/\/kingarms.ee\/lt\/wp-json\/wp\/v2\/media\/132713"}],"wp:attachment":[{"href":"https:\/\/kingarms.ee\/lt\/wp-json\/wp\/v2\/media?parent=150207"}],"wp:term":[{"taxonomy":"product_brand","embeddable":true,"href":"https:\/\/kingarms.ee\/lt\/wp-json\/wp\/v2\/product_brand?post=150207"},{"taxonomy":"product_cat","embeddable":true,"href":"https:\/\/kingarms.ee\/lt\/wp-json\/wp\/v2\/product_cat?post=150207"},{"taxonomy":"product_tag","embeddable":true,"href":"https:\/\/kingarms.ee\/lt\/wp-json\/wp\/v2\/product_tag?post=150207"}],"curies":[{"name":"wp","href":"https:\/\/api.w.org\/{rel}","templated":true}]}}