{"id":150208,"date":"2023-05-07T12:37:09","date_gmt":"2025-05-26T09:25:59","guid":{"rendered":"https:\/\/kingarms.ee\/product\/s%e2%82%82rk-viduje-tinka-remington\/"},"modified":"2025-05-26T12:25:59","modified_gmt":"2025-05-26T09:25:59","slug":"s%e2%82%82rk-viduje-tinka-remington","status":"publish","type":"product","link":"https:\/\/kingarms.ee\/lt\/product\/s%e2%82%82rk-viduje-tinka-remington\/","title":{"rendered":"S\u2082rk viduje Tinka (Remington)"},"content":{"rendered":"","protected":false},"excerpt":{"rendered":"<p>S\u2082rk viduje Tinka (Remington)<\/p>\n<p>Mar\u0161kin\u0117liai pasi\u016bti i\u0161 mink\u0161to ir malonaus audinio su elastanu. Skirtas d\u0117v\u0117ti \u0161iltu oru, taip pat gali b\u016bti naudojamas kaip kv\u0117puojantis pagrindo sluoksnis \u0161altesniu met\u0173 laiku. D\u0117l laisvo prigludimo jis puikiai tinka med\u017eioklei ir \u017evejybai, taip pat aktyviems pasivaik\u0161\u010diojimams gryname ore.  <\/p>\n<p>Med\u017eiaga: 100% poliesteris<\/p>\n<table>\n<tbody>\n<tr>\n<td><span style=\"font-weight: 400;\">S<\/span><\/td>\n<td><span style=\"font-weight: 400;\">46\/48<\/span><\/td>\n<td><span style=\"font-weight: 400;\">176cm\/190cm<\/span><\/td>\n<\/tr>\n<tr>\n<td><span style=\"font-weight: 400;\">M<\/span><\/td>\n<td><span style=\"font-weight: 400;\">48\/50<\/span><\/td>\n<td><span style=\"font-weight: 400;\">176cm\/190cm<\/span><\/td>\n<\/tr>\n<tr>\n<td><span style=\"font-weight: 400;\">L<\/span><\/td>\n<td><span style=\"font-weight: 400;\">50\/52<\/span><\/td>\n<td><span style=\"font-weight: 400;\">176cm\/190cm<\/span><\/td>\n<\/tr>\n<tr>\n<td><span style=\"font-weight: 400;\">XL<\/span><\/td>\n<td><span style=\"font-weight: 400;\">52\/54<\/span><\/td>\n<td><span style=\"font-weight: 400;\">176cm\/190cm<\/span><\/td>\n<\/tr>\n<tr>\n<td><span style=\"font-weight: 400;\">XXL<\/span><\/td>\n<td><span style=\"font-weight: 400;\">54\/56<\/span><\/td>\n<td><span style=\"font-weight: 400;\">176cm\/190cm<\/span><\/td>\n<\/tr>\n<\/tbody>\n<\/table>\n","protected":false},"featured_media":132721,"template":"","meta":{"_acf_changed":false},"product_brand":[],"product_cat":[1230],"product_tag":[],"class_list":{"0":"post-150208","1":"product","2":"type-product","3":"status-publish","4":"has-post-thumbnail","6":"product_cat-palaidines-marskiniai","8":"first","9":"instock","10":"sale","11":"taxable","12":"shipping-taxable","13":"purchasable","14":"product-type-simple"},"acf":[],"_links":{"self":[{"href":"https:\/\/kingarms.ee\/lt\/wp-json\/wp\/v2\/product\/150208","targetHints":{"allow":["GET"]}}],"collection":[{"href":"https:\/\/kingarms.ee\/lt\/wp-json\/wp\/v2\/product"}],"about":[{"href":"https:\/\/kingarms.ee\/lt\/wp-json\/wp\/v2\/types\/product"}],"wp:featuredmedia":[{"embeddable":true,"href":"https:\/\/kingarms.ee\/lt\/wp-json\/wp\/v2\/media\/132721"}],"wp:attachment":[{"href":"https:\/\/kingarms.ee\/lt\/wp-json\/wp\/v2\/media?parent=150208"}],"wp:term":[{"taxonomy":"product_brand","embeddable":true,"href":"https:\/\/kingarms.ee\/lt\/wp-json\/wp\/v2\/product_brand?post=150208"},{"taxonomy":"product_cat","embeddable":true,"href":"https:\/\/kingarms.ee\/lt\/wp-json\/wp\/v2\/product_cat?post=150208"},{"taxonomy":"product_tag","embeddable":true,"href":"https:\/\/kingarms.ee\/lt\/wp-json\/wp\/v2\/product_tag?post=150208"}],"curies":[{"name":"wp","href":"https:\/\/api.w.org\/{rel}","templated":true}]}}