{"id":150226,"date":"2023-04-25T19:27:25","date_gmt":"2025-05-26T10:57:58","guid":{"rendered":"https:\/\/kingarms.ee\/product\/e-416-devgru-ets-br-evoliucija\/"},"modified":"2025-05-26T13:57:58","modified_gmt":"2025-05-26T10:57:58","slug":"e-416-devgru-ets-br-evoliucija","status":"publish","type":"product","link":"https:\/\/kingarms.ee\/lt\/product\/e-416-devgru-ets-br-evoliucija\/","title":{"rendered":"E-416 DEVGRU ETS BR (evoliucija)"},"content":{"rendered":"","protected":false},"excerpt":{"rendered":"<p><b>PAGRINDIN\u0116 INFORMACIJA:<\/b><\/p>\n<ul>\n<li aria-level=\"1\">E-416 DEVGRU ETS BR (evoliucija)<\/li>\n<li style=\"font-weight: 400;\" aria-level=\"1\"><span style=\"font-weight: 400;\">Akumuliatoriaus ki\u0161tukas: T-plug dekan\u0173 tipas<\/span><\/li>\n<li style=\"font-weight: 400;\" aria-level=\"1\"><span style=\"font-weight: 400;\">Korpuso med\u017eiaga: metalas<\/span><\/li>\n<li style=\"font-weight: 400;\" aria-level=\"1\"><span style=\"font-weight: 400;\">\u012evor\u0117s ir guoliai: 8 mm rutuliniai guoliai<\/span><\/li>\n<li style=\"font-weight: 400;\" aria-level=\"1\"><span style=\"font-weight: 400;\">Pavar\u0173 Komplektas: Plienas<\/span><\/li>\n<li style=\"font-weight: 400;\" aria-level=\"1\"><span style=\"font-weight: 400;\">Pavar\u0173 d\u0117\u017e\u0117: sustiprinta su integruotu MOSFET lizdu ir elektroniniu trigeriu E. T. S.<\/span><\/li>\n<li style=\"font-weight: 400;\" aria-level=\"1\"><span style=\"font-weight: 400;\">Hop-Up kamber: P\u2082rlev t\u2082p<\/span><\/li>\n<li style=\"font-weight: 400;\" aria-level=\"1\"><span style=\"font-weight: 400;\">Vidinis vamzdis: 6.01<\/span><\/li>\n<li style=\"font-weight: 400;\" aria-level=\"1\"><span style=\"font-weight: 400;\">Saugojimo talpa: 130BBs<\/span><\/li>\n<li aria-level=\"1\">Tepalas: MidCap<\/li>\n<li style=\"font-weight: 400;\" aria-level=\"1\"><span style=\"font-weight: 400;\">Mosfet ir elektronika: E. T. S. III programuojamas elektroninis paleidiklis<\/span><\/li>\n<li style=\"font-weight: 400;\" aria-level=\"1\"><span style=\"font-weight: 400;\">Reil sistema: anoduotas CNC apdirbtas Aliuminis<\/span><\/li>\n<li style=\"font-weight: 400;\" aria-level=\"1\"><span style=\"font-weight: 400;\">Spyruoklinis perjungiklis: Greitai nuimamas nei\u0161imant i\u0161 Pavar\u0173 d\u0117\u017e\u0117s korpuso<\/span><\/li>\n<\/ul>\n<p><b>DYDIS:<\/b><\/p>\n<ul>\n<li style=\"font-weight: 400;\" aria-level=\"1\"><span style=\"font-weight: 400;\">Ilgis: 700mm-780mm<\/span><\/li>\n<li style=\"font-weight: 400;\" aria-level=\"1\"><span style=\"font-weight: 400;\">Svoris: 2900G<\/span><\/li>\n<\/ul>\n","protected":false},"featured_media":128579,"template":"","meta":{"_acf_changed":false},"product_brand":[],"product_cat":[1137,1139,1134],"product_tag":[],"class_list":{"0":"post-150226","1":"product","2":"type-product","3":"status-publish","4":"has-post-thumbnail","6":"product_cat-airsoft-ginklas","7":"product_cat-elektro-pneumatiniai-ginklai","8":"product_cat-weapon-lt","10":"first","11":"onbackorder","12":"taxable","13":"shipping-taxable","14":"product-type-simple"},"acf":[],"_links":{"self":[{"href":"https:\/\/kingarms.ee\/lt\/wp-json\/wp\/v2\/product\/150226","targetHints":{"allow":["GET"]}}],"collection":[{"href":"https:\/\/kingarms.ee\/lt\/wp-json\/wp\/v2\/product"}],"about":[{"href":"https:\/\/kingarms.ee\/lt\/wp-json\/wp\/v2\/types\/product"}],"wp:featuredmedia":[{"embeddable":true,"href":"https:\/\/kingarms.ee\/lt\/wp-json\/wp\/v2\/media\/128579"}],"wp:attachment":[{"href":"https:\/\/kingarms.ee\/lt\/wp-json\/wp\/v2\/media?parent=150226"}],"wp:term":[{"taxonomy":"product_brand","embeddable":true,"href":"https:\/\/kingarms.ee\/lt\/wp-json\/wp\/v2\/product_brand?post=150226"},{"taxonomy":"product_cat","embeddable":true,"href":"https:\/\/kingarms.ee\/lt\/wp-json\/wp\/v2\/product_cat?post=150226"},{"taxonomy":"product_tag","embeddable":true,"href":"https:\/\/kingarms.ee\/lt\/wp-json\/wp\/v2\/product_tag?post=150226"}],"curies":[{"name":"wp","href":"https:\/\/api.w.org\/{rel}","templated":true}]}}