{"id":150228,"date":"2023-04-23T20:15:24","date_gmt":"2025-05-26T11:02:31","guid":{"rendered":"https:\/\/kingarms.ee\/product\/kal-9-ginklu-valymo-rinkinys-remington\/"},"modified":"2025-05-26T14:02:31","modified_gmt":"2025-05-26T11:02:31","slug":"kal-9-ginklu-valymo-rinkinys-remington","status":"publish","type":"product","link":"https:\/\/kingarms.ee\/lt\/product\/kal-9-ginklu-valymo-rinkinys-remington\/","title":{"rendered":"Kal. 9 Ginkl\u0173 Valymo Rinkinys (Remington)"},"content":{"rendered":"","protected":false},"excerpt":{"rendered":"<p>Kal. 9 Ginkl\u0173 Valymo Rinkinys (Remington) <\/p>\n<p><span style=\"font-weight: 400;\">Kalibras: 9<\/span><\/p>\n<p><b>\u012e Rinkin:<\/b><\/p>\n<ul>\n<li style=\"font-weight: 400;\" aria-level=\"1\"><span style=\"font-weight: 400;\">Ramrod<\/span><\/li>\n<li style=\"font-weight: 400;\" aria-level=\"1\"><span style=\"font-weight: 400;\">Lanksti ramrod<\/span><\/li>\n<li style=\"font-weight: 400;\" aria-level=\"1\"><span style=\"font-weight: 400;\">Puff ruff<\/span><\/li>\n<li style=\"font-weight: 400;\" aria-level=\"1\"><span style=\"font-weight: 400;\">Spiralinis plieninis ruffas<\/span><\/li>\n<li style=\"font-weight: 400;\" aria-level=\"1\"><span style=\"font-weight: 400;\">\u0160eri\u0173 \u017ealvario ruff<\/span><\/li>\n<li style=\"font-weight: 400;\" aria-level=\"1\"><span style=\"font-weight: 400;\">Veltinio juostel\u0117s-drabu\u017eiai<\/span><\/li>\n<\/ul>\n","protected":false},"featured_media":128555,"template":"","meta":{"_acf_changed":false},"product_brand":[],"product_cat":[1150],"product_tag":[],"class_list":{"0":"post-150228","1":"product","2":"type-product","3":"status-publish","4":"has-post-thumbnail","6":"product_cat-ginklu-prieziura","8":"first","9":"instock","10":"taxable","11":"shipping-taxable","12":"purchasable","13":"product-type-simple"},"acf":[],"_links":{"self":[{"href":"https:\/\/kingarms.ee\/lt\/wp-json\/wp\/v2\/product\/150228","targetHints":{"allow":["GET"]}}],"collection":[{"href":"https:\/\/kingarms.ee\/lt\/wp-json\/wp\/v2\/product"}],"about":[{"href":"https:\/\/kingarms.ee\/lt\/wp-json\/wp\/v2\/types\/product"}],"wp:featuredmedia":[{"embeddable":true,"href":"https:\/\/kingarms.ee\/lt\/wp-json\/wp\/v2\/media\/128555"}],"wp:attachment":[{"href":"https:\/\/kingarms.ee\/lt\/wp-json\/wp\/v2\/media?parent=150228"}],"wp:term":[{"taxonomy":"product_brand","embeddable":true,"href":"https:\/\/kingarms.ee\/lt\/wp-json\/wp\/v2\/product_brand?post=150228"},{"taxonomy":"product_cat","embeddable":true,"href":"https:\/\/kingarms.ee\/lt\/wp-json\/wp\/v2\/product_cat?post=150228"},{"taxonomy":"product_tag","embeddable":true,"href":"https:\/\/kingarms.ee\/lt\/wp-json\/wp\/v2\/product_tag?post=150228"}],"curies":[{"name":"wp","href":"https:\/\/api.w.org\/{rel}","templated":true}]}}