{"id":150234,"date":"2023-04-23T17:34:06","date_gmt":"2025-05-26T11:08:26","guid":{"rendered":"https:\/\/kingarms.ee\/product\/lkv-9-6-ginklu-valymo-rinkinys\/"},"modified":"2025-05-26T14:08:26","modified_gmt":"2025-05-26T11:08:26","slug":"lkv-9-6-ginklu-valymo-rinkinys","status":"publish","type":"product","link":"https:\/\/kingarms.ee\/lt\/product\/lkv-9-6-ginklu-valymo-rinkinys\/","title":{"rendered":"LKV-9.6 ginkl\u0173 valymo rinkinys"},"content":{"rendered":"","protected":false},"excerpt":{"rendered":"<p>LKV-9.6 ginkl\u0173 valymo rinkinys<\/p>\n<p><span style=\"font-weight: 400;\">Anglies dioksido, suod\u017ei\u0173, r\u016bd\u017ei\u0173 ir kt.i\u0161 rank\u0173 ar med\u017eiokl\u0117s ginkl\u0173. \u0160is rinkinys yra labai kompakti\u0161ko dyd\u017eio, jis skirtas 9,6 kalibro ginklams valyti. Suteikia puiki\u0173 valymo rezultat\u0173. Tai prakti\u0161ka, paprasta naudoti ir patvari.    <\/span><\/p>\n<p><b>\u012e Rinkin:<\/b><\/p>\n<ul>\n<li style=\"font-weight: 400;\" aria-level=\"1\"><span style=\"font-weight: 400;\">\u012e<\/span><\/li>\n<li style=\"font-weight: 400;\" aria-level=\"1\"><span style=\"font-weight: 400;\">Bufetas<\/span><\/li>\n<li style=\"font-weight: 400;\" aria-level=\"1\"><span style=\"font-weight: 400;\">\u0160eri\u0173 metalinis \u0161epetys <\/span><\/li>\n<li style=\"font-weight: 400;\" aria-level=\"1\"><span style=\"font-weight: 400;\">Kolmeosaline terasest ramrod<\/span><\/li>\n<\/ul>\n","protected":false},"featured_media":128526,"template":"","meta":{"_acf_changed":false},"product_brand":[],"product_cat":[1150],"product_tag":[],"class_list":{"0":"post-150234","1":"product","2":"type-product","3":"status-publish","4":"has-post-thumbnail","6":"product_cat-ginklu-prieziura","8":"first","9":"instock","10":"taxable","11":"shipping-taxable","12":"purchasable","13":"product-type-simple"},"acf":[],"_links":{"self":[{"href":"https:\/\/kingarms.ee\/lt\/wp-json\/wp\/v2\/product\/150234","targetHints":{"allow":["GET"]}}],"collection":[{"href":"https:\/\/kingarms.ee\/lt\/wp-json\/wp\/v2\/product"}],"about":[{"href":"https:\/\/kingarms.ee\/lt\/wp-json\/wp\/v2\/types\/product"}],"wp:featuredmedia":[{"embeddable":true,"href":"https:\/\/kingarms.ee\/lt\/wp-json\/wp\/v2\/media\/128526"}],"wp:attachment":[{"href":"https:\/\/kingarms.ee\/lt\/wp-json\/wp\/v2\/media?parent=150234"}],"wp:term":[{"taxonomy":"product_brand","embeddable":true,"href":"https:\/\/kingarms.ee\/lt\/wp-json\/wp\/v2\/product_brand?post=150234"},{"taxonomy":"product_cat","embeddable":true,"href":"https:\/\/kingarms.ee\/lt\/wp-json\/wp\/v2\/product_cat?post=150234"},{"taxonomy":"product_tag","embeddable":true,"href":"https:\/\/kingarms.ee\/lt\/wp-json\/wp\/v2\/product_tag?post=150234"}],"curies":[{"name":"wp","href":"https:\/\/api.w.org\/{rel}","templated":true}]}}