{"id":150243,"date":"2023-04-23T13:01:35","date_gmt":"2023-04-23T10:01:35","guid":{"rendered":"https:\/\/kingarms.ee\/product\/redokso-alfa-v2-akumuliatoriaus-ikroviklis-combo-maitinamas\/"},"modified":"2025-05-26T14:44:57","modified_gmt":"2025-05-26T11:44:57","slug":"redokso-alfa-v2-akumuliatoriaus-ikroviklis-combo-maitinamas","status":"publish","type":"product","link":"https:\/\/kingarms.ee\/lt\/product\/redokso-alfa-v2-akumuliatoriaus-ikroviklis-combo-maitinamas\/","title":{"rendered":"Redokso Alfa v2 akumuliatoriaus \u012fkroviklis COMBO (maitinamas)"},"content":{"rendered":"","protected":false},"excerpt":{"rendered":"<p>Redokso Alfa v2 akumuliatoriaus \u012fkroviklis COMBO (maitinamas)<\/p>\n<p><span style=\"font-weight: 400;\">Nauja patobulinta populiarios redokso kompanijos Alfa \u012fkroviklio versija. Redokso Alfa V2, be kita ko, yra apr\u016bpinta aktualizuota programine \u012franga, u\u017etikrinan\u010dia ilg\u0105 ir stabil\u0173 \u012frenginio veikim\u0105. Be to, \u012fkroviklio vir\u0161uje buvo sumontuotas didelis radiatorius, kuris labai efektyviai i\u0161skiria \u0161ilum\u0105. \u012ekrovimo metu galima pakeisti \u012fkroviklio \u012fkrovimo srov\u0119 ir steb\u0117ti kiekvieno elemento \u012ftamp\u0105!   <\/span><\/p>\n<p><span style=\"font-weight: 400;\">\u0160is prietaisas yra idealus nam\u0173 maitinimo \u0161altinis mikroprocesoriniams \u012fkrovikliams. Rekomenduojame, kai reikia u\u017etikrinti stabil\u0173 ir saug\u0173 maitinimo \u0161altin\u012f su stabilizuota srove (pastovi 5a srov\u0117), reikalinga 12 V maitinamiems \u012fkrovikliams valdyti nam\u0173 s\u0105lygomis. Naudojant \u0161iuolaikines gamybos technologijas, \u012fkroviklio matmenys ir svoris buvo suma\u017einti iki minimumo, tod\u0117l gauname itin patog\u0173 ir kompakti\u0161k\u0105 gamin\u012f.  <\/span><\/p>\n<p><span style=\"font-weight: 400;\">\u2014\u2014\u2014\u2014\u2014\u2014\u2014\u2014\u2014\u2014\u2014\u2014\u2014\u2014\u2014\u2014\u2014\u2014\u2014\u2014\u2014\u2014\u2014\u2014\u2014\u2014\u2014\u2014\u2014\u2014\u2014\u2014\u2014\u2014\u2014\u2014\u2014\u2014\u2014\u2014\u2014\u2014<\/span><\/p>\n<p><b>Funkcija:<\/b><\/p>\n<ul>\n<li style=\"font-weight: 400;\" aria-level=\"1\"><span style=\"font-weight: 400;\">Matmenys: 134-86-26 mm<\/span><\/li>\n<li style=\"font-weight: 400;\" aria-level=\"1\"><span style=\"font-weight: 400;\">Darbin\u0117 \u012ftampa: DC 11.0 ~ 18.0 V<\/span><\/li>\n<li style=\"font-weight: 400;\" aria-level=\"1\"><span style=\"font-weight: 400;\">\u012ekrovimo Srov\u0117: 0,1-5,0 A<\/span><\/li>\n<li style=\"font-weight: 400;\" aria-level=\"1\"><span style=\"font-weight: 400;\">I\u0161leidimo Srov\u0117: 0,1~1,0 A<\/span><\/li>\n<li style=\"font-weight: 400;\" aria-level=\"1\"><span style=\"font-weight: 400;\">Balansavimo srov\u0117s intensyvumas: 300 mAh \/ elementas<\/span><\/li>\n<li style=\"font-weight: 400;\" aria-level=\"1\"><span style=\"font-weight: 400;\">Palaikom\u0173 NiCD \/ NiMH l\u0105steli\u0173 skai\u010dius: 1-15 l\u0105steli\u0173<\/span><\/li>\n<li style=\"font-weight: 400;\" aria-level=\"1\"><span style=\"font-weight: 400;\">Palaikom\u0173 Li-Po \/ Fe \/ Ion element\u0173 skai\u010dius: 1-6 elementai<\/span><\/li>\n<li style=\"font-weight: 400;\" aria-level=\"1\"><span style=\"font-weight: 400;\">Palaikomi Pb elementai: 2-20V<\/span><\/li>\n<li style=\"font-weight: 400;\" aria-level=\"1\"><span style=\"font-weight: 400;\">Svoris (be laid\u0173): 400 g<\/span><\/li>\n<li style=\"font-weight: 400;\" aria-level=\"1\"><span style=\"font-weight: 400;\">\u012ekroviklio \u012fmontuota atmintis: ne daugiau kaip 5 baterijos<\/span><\/li>\n<li style=\"font-weight: 400;\" aria-level=\"1\"><span style=\"font-weight: 400;\">Akumuliatoriaus akumuliatoriaus ciklo funkcija<\/span><\/li>\n<li style=\"font-weight: 400;\" aria-level=\"1\"><span style=\"font-weight: 400;\">4 programavimo mygtukai<\/span><\/li>\n<\/ul>\n<p><span style=\"font-weight: 400;\">\u2014\u2014\u2014\u2014\u2014\u2014\u2014\u2014\u2014\u2014\u2014\u2014\u2014\u2014\u2014\u2014\u2014\u2014\u2014\u2014\u2014\u2014\u2014\u2014\u2014\u2014\u2014\u2014\u2014\u2014\u2014\u2014\u2014\u2014\u2014\u2014\u2014\u2014\u2014\u2014\u2014\u2014<\/span><\/p>\n<p><b>I\u0160\u0116JIMO GALIA:<\/b><\/p>\n<ul>\n<li style=\"font-weight: 400;\" aria-level=\"1\"><span style=\"font-weight: 400;\">Maksimali \u012fkrovimo galia 50 V<\/span><\/li>\n<li style=\"font-weight: 400;\" aria-level=\"1\"><span style=\"font-weight: 400;\">Maksimali i\u0161krovimo galia 5 V<\/span><\/li>\n<\/ul>\n<p><span style=\"font-weight: 400;\">\u2014\u2014\u2014\u2014\u2014\u2014\u2014\u2014\u2014\u2014\u2014\u2014\u2014\u2014\u2014\u2014\u2014\u2014\u2014\u2014\u2014\u2014\u2014\u2014\u2014\u2014\u2014\u2014\u2014\u2014\u2014\u2014\u2014\u2014\u2014\u2014\u2014\u2014\u2014\u2014\u2014\u2014<\/span><\/p>\n<p><b>\u012eMONTUOTI LIZDAI:<\/b><\/p>\n<ul>\n<li style=\"font-weight: 400;\" aria-level=\"1\"><span style=\"font-weight: 400;\">balansavimo lizdai 2s, 3s, 4s, 5s, 6s<\/span><\/li>\n<li style=\"font-weight: 400;\" aria-level=\"1\"><span style=\"font-weight: 400;\">auksiniai 4 mm lizdai,<\/span><\/li>\n<li style=\"font-weight: 400;\" aria-level=\"1\"><span style=\"font-weight: 400;\">Lizdo tipo lizdas (maitinamas 12 V DC)<\/span><\/li>\n<li style=\"font-weight: 400;\" aria-level=\"1\"><span style=\"font-weight: 400;\">pasirenkamas temperat\u016bros jutiklio lizdas,<\/span><\/li>\n<li style=\"font-weight: 400;\" aria-level=\"1\"><span style=\"font-weight: 400;\">Redokso 12V \/ 5A maitinimo \u0161altinis<\/span><\/li>\n<\/ul>\n<p><span style=\"font-weight: 400;\">\u2014\u2014\u2014\u2014\u2014\u2014\u2014\u2014\u2014\u2014\u2014\u2014\u2014\u2014\u2014\u2014\u2014\u2014\u2014\u2014\u2014\u2014\u2014\u2014\u2014\u2014\u2014\u2014\u2014\u2014\u2014\u2014\u2014\u2014\u2014\u2014\u2014\u2014\u2014\u2014\u2014\u2014<\/span><\/p>\n<p><b>MAITINIMO FUNKCIJOS:<\/b><\/p>\n<ul>\n<li style=\"font-weight: 400;\" aria-level=\"1\"><span style=\"font-weight: 400;\">\u012evestis: 100 ~ 265V \/ 47\/60 Hz AC<\/span><\/li>\n<li style=\"font-weight: 400;\" aria-level=\"1\"><span style=\"font-weight: 400;\">I\u0161\u0117jimas: stabilizuotas 12V<\/span><\/li>\n<li style=\"font-weight: 400;\" aria-level=\"1\"><span style=\"font-weight: 400;\">Dabartin\u0117 srov\u0117: pastovi 5A<\/span><\/li>\n<li style=\"font-weight: 400;\" aria-level=\"1\"><span style=\"font-weight: 400;\">Matmenys: 125-57-31, 5 mm<\/span><\/li>\n<li style=\"font-weight: 400;\" aria-level=\"1\"><span style=\"font-weight: 400;\">Svoris (laidai \u012ftraukti): 313 g<\/span><\/li>\n<\/ul>\n<p><span style=\"font-weight: 400;\">\u2014\u2014\u2014\u2014\u2014\u2014\u2014\u2014\u2014\u2014\u2014\u2014\u2014\u2014\u2014\u2014\u2014\u2014\u2014\u2014\u2014\u2014\u2014\u2014\u2014\u2014\u2014\u2014\u2014\u2014\u2014\u2014\u2014\u2014\u2014\u2014\u2014\u2014\u2014\u2014\u2014\u2014<\/span><\/p>\n<p><b>\u012e Rinkin:<\/b><\/p>\n<ul>\n<li style=\"font-weight: 400;\" aria-level=\"1\"><span style=\"font-weight: 400;\">Redokso Alfa v2 \u012fkroviklis,<\/span><\/li>\n<li style=\"font-weight: 400;\" aria-level=\"1\"><span style=\"font-weight: 400;\">maitinimas<\/span><\/li>\n<li style=\"font-weight: 400;\" aria-level=\"1\"><span style=\"font-weight: 400;\">12V DC maitinimo laidas (lizdas Krokodilai),<\/span><\/li>\n<li style=\"font-weight: 400;\" aria-level=\"1\"><span style=\"font-weight: 400;\">1 Aukso 4mm adapteris-dekano jungtis,<\/span><\/li>\n<li style=\"font-weight: 400;\" aria-level=\"1\"><span style=\"font-weight: 400;\">Papildomi prailginimo adapteriai Auksiniams 4 mm adapterio-DEAN jungtims:<\/span><\/li>\n<li style=\"font-weight: 400;\" aria-level=\"1\"><span style=\"font-weight: 400;\">1 dekano adapterio ki\u0161tukas-Krokodilai<\/span><\/li>\n<li style=\"font-weight: 400;\" aria-level=\"1\"><span style=\"font-weight: 400;\">1 dekano adapterio ki\u0161tukas-Servo lizdas (FUTABA tipas)<\/span><\/li>\n<li style=\"font-weight: 400;\" aria-level=\"1\"><span style=\"font-weight: 400;\">1 dekano adapterio ki\u0161tukas &#8211; u\u017edegimo \u017evak\u0117s manekenas (1,5 V \u012ekrovimo spaustukams)<\/span><\/li>\n<li style=\"font-weight: 400;\" aria-level=\"1\"><span style=\"font-weight: 400;\">1 dekano adapterio ki\u0161tukas-BEC lizdas<\/span><\/li>\n<\/ul>\n","protected":false},"featured_media":132691,"template":"","meta":{"_acf_changed":false},"product_brand":[],"product_cat":[1193],"product_tag":[],"class_list":{"0":"post-150243","1":"product","2":"type-product","3":"status-publish","4":"has-post-thumbnail","6":"product_cat-ikrovikliai","8":"first","9":"instock","10":"taxable","11":"shipping-taxable","12":"purchasable","13":"product-type-simple"},"acf":[],"_links":{"self":[{"href":"https:\/\/kingarms.ee\/lt\/wp-json\/wp\/v2\/product\/150243","targetHints":{"allow":["GET"]}}],"collection":[{"href":"https:\/\/kingarms.ee\/lt\/wp-json\/wp\/v2\/product"}],"about":[{"href":"https:\/\/kingarms.ee\/lt\/wp-json\/wp\/v2\/types\/product"}],"wp:featuredmedia":[{"embeddable":true,"href":"https:\/\/kingarms.ee\/lt\/wp-json\/wp\/v2\/media\/132691"}],"wp:attachment":[{"href":"https:\/\/kingarms.ee\/lt\/wp-json\/wp\/v2\/media?parent=150243"}],"wp:term":[{"taxonomy":"product_brand","embeddable":true,"href":"https:\/\/kingarms.ee\/lt\/wp-json\/wp\/v2\/product_brand?post=150243"},{"taxonomy":"product_cat","embeddable":true,"href":"https:\/\/kingarms.ee\/lt\/wp-json\/wp\/v2\/product_cat?post=150243"},{"taxonomy":"product_tag","embeddable":true,"href":"https:\/\/kingarms.ee\/lt\/wp-json\/wp\/v2\/product_tag?post=150243"}],"curies":[{"name":"wp","href":"https:\/\/api.w.org\/{rel}","templated":true}]}}