{"id":150245,"date":"2023-04-23T11:59:30","date_gmt":"2025-05-26T11:53:09","guid":{"rendered":"https:\/\/kingarms.ee\/product\/ismanusis-ikroviklis-gfc\/"},"modified":"2025-05-26T14:53:09","modified_gmt":"2025-05-26T11:53:09","slug":"ismanusis-ikroviklis-gfc","status":"publish","type":"product","link":"https:\/\/kingarms.ee\/lt\/product\/ismanusis-ikroviklis-gfc\/","title":{"rendered":"I\u0161manusis \u012fkroviklis-GFC"},"content":{"rendered":"","protected":false},"excerpt":{"rendered":"<p>I\u0161manusis \u012fkroviklis-GFC<\/p>\n<p><b>\u012eKROVIKLIO FUNKCIJOS:<\/b><\/p>\n<ul>\n<li style=\"font-weight: 400;\" aria-level=\"1\"><span style=\"font-weight: 400;\">LiIon, LiPo, life, Ni-Cd, Ni-MH, PB tipo akumuliatoriaus \u012fkrovimas<\/span><\/li>\n<li style=\"font-weight: 400;\" aria-level=\"1\"><span style=\"font-weight: 400;\">Built-in balansavimo (AC)<\/span><\/li>\n<li style=\"font-weight: 400;\" aria-level=\"1\"><span style=\"font-weight: 400;\">Reguliuojamas \u012ftampos nustatymas<\/span><\/li>\n<li style=\"font-weight: 400;\" aria-level=\"1\"><span style=\"font-weight: 400;\">Elektroninis (mikroprocesorinis) valdymas<\/span><\/li>\n<li style=\"font-weight: 400;\" aria-level=\"1\"><span style=\"font-weight: 400;\">Built-in AC<\/span><\/li>\n<li style=\"font-weight: 400;\" aria-level=\"1\"><span style=\"font-weight: 400;\">\u012ekroviklio specifikacija:<\/span><\/li>\n<li style=\"font-weight: 400;\" aria-level=\"1\"><span style=\"font-weight: 400;\">\u012e\u0117jimo \u012ftampa: 11-15V arba AC \/ DC 100-230V 5A<\/span><\/li>\n<li style=\"font-weight: 400;\" aria-level=\"1\"><span style=\"font-weight: 400;\">\u012ekrovimo Srov\u0117: 0,1-4,5 A<\/span><\/li>\n<li style=\"font-weight: 400;\" aria-level=\"1\"><span style=\"font-weight: 400;\">Ni-mh \/ Ni-Cd rakkude arv: 1-15<\/span><\/li>\n<li style=\"font-weight: 400;\" aria-level=\"1\"><span style=\"font-weight: 400;\">Li-Ion \/ Poli elementid arv: 1-3<\/span><\/li>\n<\/ul>\n<p><b>\u012e Rinkin:<\/b><\/p>\n<ul>\n<li style=\"font-weight: 400;\" aria-level=\"1\"><span style=\"font-weight: 400;\">\u012ekroviklis<\/span><\/li>\n<li style=\"font-weight: 400;\" aria-level=\"1\"><span style=\"font-weight: 400;\">12V nuolatin\u0117s srov\u0117s \u012fkrovimo laidas (lizdas-aligatoriaus spaustukai)<\/span><\/li>\n<li style=\"font-weight: 400;\" aria-level=\"1\"><span style=\"font-weight: 400;\">1 dekanas-Tamiya ma\u017eas adapteris<\/span><\/li>\n<li style=\"font-weight: 400;\" aria-level=\"1\"><span style=\"font-weight: 400;\">1. Tamiya ma\u017eas-Crimps adapteris<\/span><\/li>\n<li aria-level=\"1\">220V ki\u0161tuko laidininkas<\/li>\n<\/ul>\n","protected":false},"featured_media":128457,"template":"","meta":{"_acf_changed":false},"product_brand":[],"product_cat":[1220,1193],"product_tag":[],"class_list":{"0":"post-150245","1":"product","2":"type-product","3":"status-publish","4":"has-post-thumbnail","6":"product_cat-baterijos-ir-ikrovikliai","7":"product_cat-ikrovikliai","9":"first","10":"instock","11":"taxable","12":"shipping-taxable","13":"purchasable","14":"product-type-simple"},"acf":[],"_links":{"self":[{"href":"https:\/\/kingarms.ee\/lt\/wp-json\/wp\/v2\/product\/150245","targetHints":{"allow":["GET"]}}],"collection":[{"href":"https:\/\/kingarms.ee\/lt\/wp-json\/wp\/v2\/product"}],"about":[{"href":"https:\/\/kingarms.ee\/lt\/wp-json\/wp\/v2\/types\/product"}],"wp:featuredmedia":[{"embeddable":true,"href":"https:\/\/kingarms.ee\/lt\/wp-json\/wp\/v2\/media\/128457"}],"wp:attachment":[{"href":"https:\/\/kingarms.ee\/lt\/wp-json\/wp\/v2\/media?parent=150245"}],"wp:term":[{"taxonomy":"product_brand","embeddable":true,"href":"https:\/\/kingarms.ee\/lt\/wp-json\/wp\/v2\/product_brand?post=150245"},{"taxonomy":"product_cat","embeddable":true,"href":"https:\/\/kingarms.ee\/lt\/wp-json\/wp\/v2\/product_cat?post=150245"},{"taxonomy":"product_tag","embeddable":true,"href":"https:\/\/kingarms.ee\/lt\/wp-json\/wp\/v2\/product_tag?post=150245"}],"curies":[{"name":"wp","href":"https:\/\/api.w.org\/{rel}","templated":true}]}}