{"id":150248,"date":"2023-04-23T11:23:28","date_gmt":"2025-05-26T11:58:42","guid":{"rendered":"https:\/\/kingarms.ee\/product\/nepersaunama-plokste-tencate-sa\/"},"modified":"2025-05-26T14:58:42","modified_gmt":"2025-05-26T11:58:42","slug":"nepersaunama-plokste-tencate-sa","status":"publish","type":"product","link":"https:\/\/kingarms.ee\/lt\/product\/nepersaunama-plokste-tencate-sa\/","title":{"rendered":"Neper\u0161aunama plok\u0161t\u0117-TENCATE SA"},"content":{"rendered":"","protected":false},"excerpt":{"rendered":"<p>Neper\u0161aunama plok\u0161t\u0117-TENCATE SA<\/p>\n<p><strong>PAGRINDIN\u0116 INFORMACIJA:<\/strong><\/p>\n<ul>\n<li>Matmenys: 248 mm ir 288 mm<\/li>\n<li>Svoris: 2,3 kg<\/li>\n<li>Stov\u0117ti atskirai<\/li>\n<li>Modelis: C-651 SA<\/li>\n<\/ul>\n<p><strong>APSAUGA:<\/strong><\/p>\n<ul>\n<li>7, 62H39 MSC<\/li>\n<li>5. 45h39 7N6<\/li>\n<li>5. 45h39 7N10<\/li>\n<li>7. 62H39 API BZ<\/li>\n<\/ul>\n","protected":false},"featured_media":128453,"template":"","meta":{"_acf_changed":false},"product_brand":[],"product_cat":[1239],"product_tag":[],"class_list":{"0":"post-150248","1":"product","2":"type-product","3":"status-publish","4":"has-post-thumbnail","6":"product_cat-iranga-lt","8":"first","9":"instock","10":"sale","11":"taxable","12":"shipping-taxable","13":"purchasable","14":"product-type-simple"},"acf":[],"_links":{"self":[{"href":"https:\/\/kingarms.ee\/lt\/wp-json\/wp\/v2\/product\/150248","targetHints":{"allow":["GET"]}}],"collection":[{"href":"https:\/\/kingarms.ee\/lt\/wp-json\/wp\/v2\/product"}],"about":[{"href":"https:\/\/kingarms.ee\/lt\/wp-json\/wp\/v2\/types\/product"}],"wp:featuredmedia":[{"embeddable":true,"href":"https:\/\/kingarms.ee\/lt\/wp-json\/wp\/v2\/media\/128453"}],"wp:attachment":[{"href":"https:\/\/kingarms.ee\/lt\/wp-json\/wp\/v2\/media?parent=150248"}],"wp:term":[{"taxonomy":"product_brand","embeddable":true,"href":"https:\/\/kingarms.ee\/lt\/wp-json\/wp\/v2\/product_brand?post=150248"},{"taxonomy":"product_cat","embeddable":true,"href":"https:\/\/kingarms.ee\/lt\/wp-json\/wp\/v2\/product_cat?post=150248"},{"taxonomy":"product_tag","embeddable":true,"href":"https:\/\/kingarms.ee\/lt\/wp-json\/wp\/v2\/product_tag?post=150248"}],"curies":[{"name":"wp","href":"https:\/\/api.w.org\/{rel}","templated":true}]}}