{"id":150253,"date":"2023-04-12T19:01:44","date_gmt":"2025-05-26T12:28:16","guid":{"rendered":"https:\/\/kingarms.ee\/product\/arb-l21-5000-li-on-baterija-fenix\/"},"modified":"2025-05-26T15:28:16","modified_gmt":"2025-05-26T12:28:16","slug":"arb-l21-5000-li-on-baterija-fenix","status":"publish","type":"product","link":"https:\/\/kingarms.ee\/lt\/product\/arb-l21-5000-li-on-baterija-fenix\/","title":{"rendered":"ARB-L21-5000 LI-ON baterija (\u201eFenix\u201c)"},"content":{"rendered":"<p><img loading=\"lazy\" decoding=\"async\" class=\"alignnone size-full wp-image-77145\" src=\"https:\/\/kingarms.ee\/wp-content\/uploads\/2023\/04\/battery.png\" alt=\"\" width=\"850\" height=\"850\" srcset=\"https:\/\/kingarms.ee\/wp-content\/uploads\/2023\/04\/battery.png 850w, https:\/\/kingarms.ee\/wp-content\/uploads\/2023\/04\/battery-300x300.png 300w, https:\/\/kingarms.ee\/wp-content\/uploads\/2023\/04\/battery-150x150.png 150w, https:\/\/kingarms.ee\/wp-content\/uploads\/2023\/04\/battery-768x768.png 768w, https:\/\/kingarms.ee\/wp-content\/uploads\/2023\/04\/battery-500x500.png 500w\" sizes=\"auto, (max-width: 850px) 100vw, 850px\" \/><\/p>\n","protected":false},"excerpt":{"rendered":"<p>Feniksas<\/p>\n<p>Auk\u0161tos kokyb\u0117s Tipo 21700 li\u010dio jon\u0173 baterija. Apsauginis mechanizmas u\u017etikrina, kad akumuliatorius neperkaist\u0173 ir neperkraut\u0173. Savaiminis i\u0161sikrovimas yra suma\u017eintas iki minimumo, daugiau nei 500 \u012fkrovimo cikl\u0173 tarnavimo laikas. I\u0161bandyta tiek \u0161altoje, tiek kar\u0161toje aplinkoje. Nuolatinis maksimalus atsparumas apkrovai 7.5 A.    <\/p>\n<p>Tinka universaliam naudojimui \u017eibintuv\u0117liuose, naudojant standartin\u012f 21700 tipo li\u010dio jon\u0173 akumuliatori\u0173 su a\u0161triu &#8221; + &#8221; kontaktu.<\/p>\n","protected":false},"featured_media":128343,"template":"","meta":{"_acf_changed":false},"product_brand":[],"product_cat":[1173],"product_tag":[],"class_list":{"0":"post-150253","1":"product","2":"type-product","3":"status-publish","4":"has-post-thumbnail","6":"product_cat-zibintuvelis","8":"first","9":"instock","10":"taxable","11":"shipping-taxable","12":"purchasable","13":"product-type-simple"},"acf":[],"_links":{"self":[{"href":"https:\/\/kingarms.ee\/lt\/wp-json\/wp\/v2\/product\/150253","targetHints":{"allow":["GET"]}}],"collection":[{"href":"https:\/\/kingarms.ee\/lt\/wp-json\/wp\/v2\/product"}],"about":[{"href":"https:\/\/kingarms.ee\/lt\/wp-json\/wp\/v2\/types\/product"}],"wp:featuredmedia":[{"embeddable":true,"href":"https:\/\/kingarms.ee\/lt\/wp-json\/wp\/v2\/media\/128343"}],"wp:attachment":[{"href":"https:\/\/kingarms.ee\/lt\/wp-json\/wp\/v2\/media?parent=150253"}],"wp:term":[{"taxonomy":"product_brand","embeddable":true,"href":"https:\/\/kingarms.ee\/lt\/wp-json\/wp\/v2\/product_brand?post=150253"},{"taxonomy":"product_cat","embeddable":true,"href":"https:\/\/kingarms.ee\/lt\/wp-json\/wp\/v2\/product_cat?post=150253"},{"taxonomy":"product_tag","embeddable":true,"href":"https:\/\/kingarms.ee\/lt\/wp-json\/wp\/v2\/product_tag?post=150253"}],"curies":[{"name":"wp","href":"https:\/\/api.w.org\/{rel}","templated":true}]}}