{"id":150255,"date":"2023-04-12T18:54:19","date_gmt":"2025-05-26T13:23:15","guid":{"rendered":"https:\/\/kingarms.ee\/product\/arb-l21-4000p-li-on-atgal-fenix\/"},"modified":"2025-05-26T16:23:15","modified_gmt":"2025-05-26T13:23:15","slug":"arb-l21-4000p-li-on-atgal-fenix","status":"publish","type":"product","link":"https:\/\/kingarms.ee\/lt\/product\/arb-l21-4000p-li-on-atgal-fenix\/","title":{"rendered":"ARB-L21-4000P LI-ON atgal (\u201eFenix\u201c)"},"content":{"rendered":"<p><img loading=\"lazy\" decoding=\"async\" class=\"alignnone size-full wp-image-77123\" src=\"https:\/\/kingarms.ee\/wp-content\/uploads\/2023\/04\/ARBL21400P.jpg\" alt=\"\" width=\"850\" height=\"850\" srcset=\"https:\/\/kingarms.ee\/wp-content\/uploads\/2023\/04\/ARBL21400P.jpg 850w, https:\/\/kingarms.ee\/wp-content\/uploads\/2023\/04\/ARBL21400P-300x300.jpg 300w, https:\/\/kingarms.ee\/wp-content\/uploads\/2023\/04\/ARBL21400P-150x150.jpg 150w, https:\/\/kingarms.ee\/wp-content\/uploads\/2023\/04\/ARBL21400P-768x768.jpg 768w, https:\/\/kingarms.ee\/wp-content\/uploads\/2023\/04\/ARBL21400P-500x500.jpg 500w\" sizes=\"auto, (max-width: 850px) 100vw, 850px\" \/><\/p>\n","protected":false},"excerpt":{"rendered":"<p>Feniksas<\/p>\n<p>Auk\u0161tos kokyb\u0117s 21700 tipo li\u010dio jon\u0173 baterija, skirta naudoti ypa\u010d didel\u0117s galios \u017eibintuv\u0117liuose ir \u012frenginiuose. Apsauginis mechanizmas u\u017etikrina, kad akumuliatorius neperkaist\u0173 ir neperkraut\u0173. Savaiminis i\u0161sikrovimas yra suma\u017eintas iki minimumo, daugiau nei 500 \u012fkrovimo cikl\u0173 tarnavimo laikas. I\u0161bandyta tiek \u0161altoje, tiek kar\u0161toje aplinkoje. Nuolatinis maksimalus atsparumas apkrovai 10A, iki 3min per 18a.    <\/p>\n<p>Tinka universaliam naudojimui \u012fvairi\u0173 gamintoj\u0173 \u017eibintuv\u0117liuose ir \u012frenginiuose, kuriuose naudojama standartin\u0117 21700 tipo li\u010dio jon\u0173 baterija su a\u0161triu &#8222;+&#8221; kontaktu.<\/p>\n<p>On ette n\u00e4htud eriti suure maksimaalse voolutarbega Fenix taskulampidele nagu <strong>LR35R, LR40R, LR50R, TK20R V2.0, PD40R V2.0 jt.<\/strong><\/p>\n","protected":false},"featured_media":128327,"template":"","meta":{"_acf_changed":false},"product_brand":[],"product_cat":[1194,1173],"product_tag":[],"class_list":{"0":"post-150255","1":"product","2":"type-product","3":"status-publish","4":"has-post-thumbnail","6":"product_cat-baterijos","7":"product_cat-zibintuvelis","9":"first","10":"instock","11":"taxable","12":"shipping-taxable","13":"purchasable","14":"product-type-simple"},"acf":[],"_links":{"self":[{"href":"https:\/\/kingarms.ee\/lt\/wp-json\/wp\/v2\/product\/150255","targetHints":{"allow":["GET"]}}],"collection":[{"href":"https:\/\/kingarms.ee\/lt\/wp-json\/wp\/v2\/product"}],"about":[{"href":"https:\/\/kingarms.ee\/lt\/wp-json\/wp\/v2\/types\/product"}],"wp:featuredmedia":[{"embeddable":true,"href":"https:\/\/kingarms.ee\/lt\/wp-json\/wp\/v2\/media\/128327"}],"wp:attachment":[{"href":"https:\/\/kingarms.ee\/lt\/wp-json\/wp\/v2\/media?parent=150255"}],"wp:term":[{"taxonomy":"product_brand","embeddable":true,"href":"https:\/\/kingarms.ee\/lt\/wp-json\/wp\/v2\/product_brand?post=150255"},{"taxonomy":"product_cat","embeddable":true,"href":"https:\/\/kingarms.ee\/lt\/wp-json\/wp\/v2\/product_cat?post=150255"},{"taxonomy":"product_tag","embeddable":true,"href":"https:\/\/kingarms.ee\/lt\/wp-json\/wp\/v2\/product_tag?post=150255"}],"curies":[{"name":"wp","href":"https:\/\/api.w.org\/{rel}","templated":true}]}}