{"id":150256,"date":"2023-04-12T18:49:58","date_gmt":"2025-05-26T13:24:59","guid":{"rendered":"https:\/\/kingarms.ee\/product\/aot-l-reguliatorius-feniksas\/"},"modified":"2025-05-26T16:24:59","modified_gmt":"2025-05-26T13:24:59","slug":"aot-l-reguliatorius-feniksas","status":"publish","type":"product","link":"https:\/\/kingarms.ee\/lt\/product\/aot-l-reguliatorius-feniksas\/","title":{"rendered":"AOT-l reguliatorius (Feniksas)"},"content":{"rendered":"<p><img loading=\"lazy\" decoding=\"async\" class=\"alignnone size-full wp-image-77115\" src=\"https:\/\/kingarms.ee\/wp-content\/uploads\/2023\/04\/1-3.jpg\" alt=\"\" width=\"850\" height=\"850\" srcset=\"https:\/\/kingarms.ee\/wp-content\/uploads\/2023\/04\/1-3.jpg 850w, https:\/\/kingarms.ee\/wp-content\/uploads\/2023\/04\/1-3-300x300.jpg 300w, https:\/\/kingarms.ee\/wp-content\/uploads\/2023\/04\/1-3-150x150.jpg 150w, https:\/\/kingarms.ee\/wp-content\/uploads\/2023\/04\/1-3-768x768.jpg 768w, https:\/\/kingarms.ee\/wp-content\/uploads\/2023\/04\/1-3-500x500.jpg 500w\" sizes=\"auto, (max-width: 850px) 100vw, 850px\" \/><\/p>\n","protected":false},"excerpt":{"rendered":"<p>AOT-l reguliatorius (Feniksas)<\/p>\n<p>Feniksas AOT-L Raudonas sau yra skirtas prane\u0161ti tamsoje eismo reguliatori\u0173 darbe. Pagaminta i\u0161 auk\u0161tos kokyb\u0117s temperat\u016bros ir sm\u016bgiams atsparaus plastiko. <\/p>\n<p>Tinka Fenikso (ir kit\u0173 gamintoj\u0173) \u017eibintuv\u0117liams, kuri\u0173 galvut\u0117s skersmuo 40 mm.<\/p>\n","protected":false},"featured_media":128324,"template":"","meta":{"_acf_changed":false},"product_brand":[],"product_cat":[1173],"product_tag":[],"class_list":{"0":"post-150256","1":"product","2":"type-product","3":"status-publish","4":"has-post-thumbnail","6":"product_cat-zibintuvelis","8":"first","9":"instock","10":"taxable","11":"shipping-taxable","12":"purchasable","13":"product-type-simple"},"acf":[],"_links":{"self":[{"href":"https:\/\/kingarms.ee\/lt\/wp-json\/wp\/v2\/product\/150256","targetHints":{"allow":["GET"]}}],"collection":[{"href":"https:\/\/kingarms.ee\/lt\/wp-json\/wp\/v2\/product"}],"about":[{"href":"https:\/\/kingarms.ee\/lt\/wp-json\/wp\/v2\/types\/product"}],"wp:featuredmedia":[{"embeddable":true,"href":"https:\/\/kingarms.ee\/lt\/wp-json\/wp\/v2\/media\/128324"}],"wp:attachment":[{"href":"https:\/\/kingarms.ee\/lt\/wp-json\/wp\/v2\/media?parent=150256"}],"wp:term":[{"taxonomy":"product_brand","embeddable":true,"href":"https:\/\/kingarms.ee\/lt\/wp-json\/wp\/v2\/product_brand?post=150256"},{"taxonomy":"product_cat","embeddable":true,"href":"https:\/\/kingarms.ee\/lt\/wp-json\/wp\/v2\/product_cat?post=150256"},{"taxonomy":"product_tag","embeddable":true,"href":"https:\/\/kingarms.ee\/lt\/wp-json\/wp\/v2\/product_tag?post=150256"}],"curies":[{"name":"wp","href":"https:\/\/api.w.org\/{rel}","templated":true}]}}