{"id":150260,"date":"2023-04-12T18:26:57","date_gmt":"2025-05-26T14:33:26","guid":{"rendered":"https:\/\/kingarms.ee\/product\/tk20r-zibintuvelis-fenix\/"},"modified":"2025-05-26T17:33:26","modified_gmt":"2025-05-26T14:33:26","slug":"tk20r-zibintuvelis-fenix","status":"publish","type":"product","link":"https:\/\/kingarms.ee\/lt\/product\/tk20r-zibintuvelis-fenix\/","title":{"rendered":"TK20R \u017eibintuv\u0117lis (\u201eFenix\u201c)"},"content":{"rendered":"<p><img loading=\"lazy\" decoding=\"async\" class=\"alignnone size-full wp-image-77009\" src=\"https:\/\/kingarms.ee\/wp-content\/uploads\/2023\/04\/1.jpg\" alt=\"\" width=\"850\" height=\"850\" srcset=\"https:\/\/kingarms.ee\/wp-content\/uploads\/2023\/04\/1.jpg 850w, https:\/\/kingarms.ee\/wp-content\/uploads\/2023\/04\/1-300x300.jpg 300w, https:\/\/kingarms.ee\/wp-content\/uploads\/2023\/04\/1-150x150.jpg 150w, https:\/\/kingarms.ee\/wp-content\/uploads\/2023\/04\/1-768x768.jpg 768w, https:\/\/kingarms.ee\/wp-content\/uploads\/2023\/04\/1-500x500.jpg 500w\" sizes=\"auto, (max-width: 850px) 100vw, 850px\" \/><\/p>\n","protected":false},"excerpt":{"rendered":"<p>\u017dibintuv\u0117lis tk20r (Feniksas) yra tikras &#8220;<em>\u017eaidim\u0173 keitiklis<\/em>&#8221; tarp kompakti\u0161k\u0173 34 mm galvos taktinio dizaino \u017eibintuv\u0117li\u0173. Lempa yra plona, kompakti\u0161ka (ilgis 152 mm, galvos skersmuo 34 mm, Korpuso skersmuo 25,4 mm) ir gerai tvarkoma. Tai i\u0161skirtinio dyd\u017eio ir itin gerai suprojektuoto dizaino lempa. Did\u017eiausia tk20r v2.0 \u0161viesos galia Luminus SFT70 LED elemento d\u0117ka yra 3000 liumen\u0173, o \u0161viesos srauto diapazonas-iki 475 metr\u0173. Lempos naudojimas yra kuo paprastesnis. Tk20r v2. 0 gale yra du taktiniai jungikliai, kurie teikia ne tik standartines funkcijas, bet ir tiesioginius jungiklius, tiek momentinio ap\u0161vietimo re\u017eim\u0105, tiek stroboskopo re\u017eim\u0105. I\u0161 viso yra penki skirtingi \u0161viesos intensyvumai, kuri\u0173 diapazonas yra 30&#8230;3000 liumen\u0173. Maitinamas naujos kartos didel\u0117s talpos 21700 tipo li\u010dio jon\u0173 baterija. Akumuliatoriaus nereikia i\u0161imti i\u0161 lempos, kad b\u016bt\u0173 galima \u012fkrauti, bet jis tiesiogiai \u012fkraunamas per USB-C \u012fkrovimo lizd\u0105, integruot\u0105 \u012f lemp\u0105. Tk20r V2.0 \u012fkrovimo lizdas yra visi\u0161kai atsparus vandeniui, net ir be apsaugos, ta\u010diau jame yra tvirta metalin\u0117 apsauga, apsauganti nuo dulki\u0173 ir ne\u0161varum\u0173 patekimo bei mechanini\u0173 pa\u017eeidim\u0173 (daugumoje lemp\u0173 naudojamas tik silikoninis apsauginis dangtelis). Lempos akumuliatoriaus d\u0117kle abiejuose galuose yra kompensacin\u0117s spyruokl\u0117s, kurios padidina lempos atsparum\u0105 sm\u016bgiams, kritimams ir pistoleto atsitraukimui. Feniksas tk20r v2.0 yra visi\u0161kai atsparus vandeniui tiek su atvirais, tiek su u\u017edarais \u012fkrovimo lizdais ir turi maksimali\u0105 IP68 2m apsaugos klas\u0119, be to, lempa prisitaiko prie daugyb\u0117s pried\u0173-nuo \u012fvairi\u0173 ginkl\u0173 laikikli\u0173 iki atstumo jungikli\u0173, reguliatori\u0173 pj\u016bkl\u0173 ir \u0161viesos filtrai. Feniksas tk20r v2.0 buvo sukurtas pirmiausia policijos ir teis\u0117saugos tarnyboms, ta\u010diau taip pat s\u0117kmingai naudojamas priva\u010diame sektoriuje, med\u017eiokl\u0117je ir nam\u0173 \u016bkyje. Feniksas tk20r v2.0 tiekiamas kaip pilnas komplektas su lempa, didel\u0117s talpos (5000mAh) Feniksas ARB-L21-5000 v2.0 li\u010dio jon\u0173 baterija, USB-C \u012fkrovimo laidas, lengvas dir\u017eo d\u0117klas, apyrank\u0117, atsarginiai \u017eied\u0173 sandarikliai ir vartotojo vadovas. Baterijos, atstumo jungiklis, pistoleto laikikliai, filtrai, reguliavimo pj\u016bklai ir dar daugiau yra kaip priedai.<\/p>\n","protected":false},"featured_media":128242,"template":"","meta":{"_acf_changed":false},"product_brand":[],"product_cat":[1173],"product_tag":[],"class_list":{"0":"post-150260","1":"product","2":"type-product","3":"status-publish","4":"has-post-thumbnail","6":"product_cat-zibintuvelis","8":"first","9":"instock","10":"taxable","11":"shipping-taxable","12":"purchasable","13":"product-type-simple"},"acf":[],"_links":{"self":[{"href":"https:\/\/kingarms.ee\/lt\/wp-json\/wp\/v2\/product\/150260","targetHints":{"allow":["GET"]}}],"collection":[{"href":"https:\/\/kingarms.ee\/lt\/wp-json\/wp\/v2\/product"}],"about":[{"href":"https:\/\/kingarms.ee\/lt\/wp-json\/wp\/v2\/types\/product"}],"wp:featuredmedia":[{"embeddable":true,"href":"https:\/\/kingarms.ee\/lt\/wp-json\/wp\/v2\/media\/128242"}],"wp:attachment":[{"href":"https:\/\/kingarms.ee\/lt\/wp-json\/wp\/v2\/media?parent=150260"}],"wp:term":[{"taxonomy":"product_brand","embeddable":true,"href":"https:\/\/kingarms.ee\/lt\/wp-json\/wp\/v2\/product_brand?post=150260"},{"taxonomy":"product_cat","embeddable":true,"href":"https:\/\/kingarms.ee\/lt\/wp-json\/wp\/v2\/product_cat?post=150260"},{"taxonomy":"product_tag","embeddable":true,"href":"https:\/\/kingarms.ee\/lt\/wp-json\/wp\/v2\/product_tag?post=150260"}],"curies":[{"name":"wp","href":"https:\/\/api.w.org\/{rel}","templated":true}]}}