{"id":150263,"date":"2023-04-06T16:22:28","date_gmt":"2023-04-06T13:22:28","guid":{"rendered":"https:\/\/kingarms.ee\/product\/deltapoint-micro-3-moa-glock-leupold\/"},"modified":"2025-05-26T17:43:53","modified_gmt":"2025-05-26T14:43:53","slug":"deltapoint-micro-3-moa-glock-leupold","status":"publish","type":"product","link":"https:\/\/kingarms.ee\/lt\/product\/deltapoint-micro-3-moa-glock-leupold\/","title":{"rendered":"\u201eDeltapoint Micro 3 Moa Glock\u201c (\u201eLeupold\u201c)"},"content":{"rendered":"<p><img loading=\"lazy\" decoding=\"async\" class=\"alignnone size-full wp-image-76891\" src=\"https:\/\/kingarms.ee\/wp-content\/uploads\/2023\/04\/leupold-deltapoint-micro-3-moa-glock-collimator-93619a888f6c427e84f85b0a8a5f07a9-9cdbe160.jpg\" alt=\"\" width=\"900\" height=\"900\" srcset=\"https:\/\/kingarms.ee\/wp-content\/uploads\/2023\/04\/leupold-deltapoint-micro-3-moa-glock-collimator-93619a888f6c427e84f85b0a8a5f07a9-9cdbe160.jpg 900w, https:\/\/kingarms.ee\/wp-content\/uploads\/2023\/04\/leupold-deltapoint-micro-3-moa-glock-collimator-93619a888f6c427e84f85b0a8a5f07a9-9cdbe160-300x300.jpg 300w, https:\/\/kingarms.ee\/wp-content\/uploads\/2023\/04\/leupold-deltapoint-micro-3-moa-glock-collimator-93619a888f6c427e84f85b0a8a5f07a9-9cdbe160-150x150.jpg 150w, https:\/\/kingarms.ee\/wp-content\/uploads\/2023\/04\/leupold-deltapoint-micro-3-moa-glock-collimator-93619a888f6c427e84f85b0a8a5f07a9-9cdbe160-768x768.jpg 768w, https:\/\/kingarms.ee\/wp-content\/uploads\/2023\/04\/leupold-deltapoint-micro-3-moa-glock-collimator-93619a888f6c427e84f85b0a8a5f07a9-9cdbe160-500x500.jpg 500w\" sizes=\"auto, (max-width: 900px) 100vw, 900px\" \/><\/p>\n","protected":false},"excerpt":{"rendered":"<p>DeltaPoint Micro 3 MOA Glock (Leupold) 3 MOA Glock yra revoliucinis \u017eemo profilio Kolimatorius, skirtas pasl\u0117ptiems ginklams ir asmenin\u0117ms apsaugos priemon\u0117ms.<\/p>\n<p>DeltaPoint Micro 3 MOA savyb\u0117s:<\/p>\n<p>Itin \u017eemas profilis-taikiklis montuojamas tiesiai ant s\u0117dmens, o ne \u012f taikikl\u012f, tod\u0117l jo naudojimas yra labai intuityvus ir lengviau slepiamas.<br \/>\nU\u017edaras diodas-diodas yra pasl\u0117ptas aliuminio korpuso viduje, kuris apsaugo j\u012f nuo dr\u0117gm\u0117s, ne\u0161varum\u0173 ir pa\u017eeidim\u0173.<br \/>\nGreitas ir paprastas montavimas &#8211; Kolimatorius montuojamas \u012f taikikli\u0173 frezavimo ang\u0105, tod\u0117l nereikia malti s\u0117dmens ir \u012fsigyti papildom\u0173 auk\u0161t\u0173 mechanini\u0173 instrument\u0173.<br \/>\n3 MOA ta\u0161kai-optimalus dyd\u017eio nukreipimo ta\u0161kas su reguliuojamu ry\u0161kumo lygiu<br \/>\nGamyklinis peteli\u0161k\u0117s suderinamas Kolimatorius-Kolimatoriaus gale yra 2 apval\u016bs pjaustytuvai, kurie veikia kaip mechaninis taikiklis, kai i\u0161sikrauna baterija.<br \/>\nTinka pasirinktiems Glock gen 3-5 modeliams<\/p>\n<p>Ta\u0161kin\u0117 Spalva Raudona<br \/>\nL\u0105steli\u0173 maitinimo \u0161altinis CR1632 baterija (3V)<br \/>\nKorpuso med\u017eiaga anoduotas duraluminas<br \/>\nDid\u017eiausias vertikalus (auk\u0161\u010dio) reguliavimas [MOA]. 100<br \/>\nMaksimalus horizontalus (\u012frangos) reguliavimas [MOA]. 180<br \/>\nPer\u0117jimas \u012f piln\u0105 rotacij\u0105 [MOA]. 18<br \/>\nTa\u0161ko dydis [MOA]. 3<br \/>\nBendras ilgis [mm]. 57<br \/>\nSvoris [g] 31<br \/>\nPlotis [mm] 32<br \/>\nGamintojas Leupold, JAV    <\/p>\n","protected":false},"featured_media":128181,"template":"","meta":{"_acf_changed":false},"product_brand":[],"product_cat":[1167],"product_tag":[],"class_list":{"0":"post-150263","1":"product","2":"type-product","3":"status-publish","4":"has-post-thumbnail","6":"product_cat-raudoni-taskiniai-taikiniai","8":"first","9":"instock","10":"taxable","11":"shipping-taxable","12":"purchasable","13":"product-type-simple"},"acf":[],"_links":{"self":[{"href":"https:\/\/kingarms.ee\/lt\/wp-json\/wp\/v2\/product\/150263","targetHints":{"allow":["GET"]}}],"collection":[{"href":"https:\/\/kingarms.ee\/lt\/wp-json\/wp\/v2\/product"}],"about":[{"href":"https:\/\/kingarms.ee\/lt\/wp-json\/wp\/v2\/types\/product"}],"wp:featuredmedia":[{"embeddable":true,"href":"https:\/\/kingarms.ee\/lt\/wp-json\/wp\/v2\/media\/128181"}],"wp:attachment":[{"href":"https:\/\/kingarms.ee\/lt\/wp-json\/wp\/v2\/media?parent=150263"}],"wp:term":[{"taxonomy":"product_brand","embeddable":true,"href":"https:\/\/kingarms.ee\/lt\/wp-json\/wp\/v2\/product_brand?post=150263"},{"taxonomy":"product_cat","embeddable":true,"href":"https:\/\/kingarms.ee\/lt\/wp-json\/wp\/v2\/product_cat?post=150263"},{"taxonomy":"product_tag","embeddable":true,"href":"https:\/\/kingarms.ee\/lt\/wp-json\/wp\/v2\/product_tag?post=150263"}],"curies":[{"name":"wp","href":"https:\/\/api.w.org\/{rel}","templated":true}]}}