{"id":150264,"date":"2023-03-27T19:41:47","date_gmt":"2025-05-26T14:45:07","guid":{"rendered":"https:\/\/kingarms.ee\/product\/apsaugos-pistoleto-lagaminas-glock-perfection\/"},"modified":"2025-05-26T17:45:07","modified_gmt":"2025-05-26T14:45:07","slug":"apsaugos-pistoleto-lagaminas-glock-perfection","status":"publish","type":"product","link":"https:\/\/kingarms.ee\/lt\/product\/apsaugos-pistoleto-lagaminas-glock-perfection\/","title":{"rendered":"Apsaugos pistoleto lagaminas (\u201eGlock Perfection\u201c)"},"content":{"rendered":"<p><img loading=\"lazy\" decoding=\"async\" class=\"alignnone size-full wp-image-76638\" src=\"https:\/\/kingarms.ee\/wp-content\/uploads\/2023\/03\/glock-2929-2a5ce91aa527ea82d6f304de04229ae7.jpg\" alt=\"\" width=\"480\" height=\"480\" srcset=\"https:\/\/kingarms.ee\/wp-content\/uploads\/2023\/03\/glock-2929-2a5ce91aa527ea82d6f304de04229ae7.jpg 480w, https:\/\/kingarms.ee\/wp-content\/uploads\/2023\/03\/glock-2929-2a5ce91aa527ea82d6f304de04229ae7-300x300.jpg 300w, https:\/\/kingarms.ee\/wp-content\/uploads\/2023\/03\/glock-2929-2a5ce91aa527ea82d6f304de04229ae7-150x150.jpg 150w\" sizes=\"auto, (max-width: 480px) 100vw, 480px\" \/><\/p>\n","protected":false},"excerpt":{"rendered":"<p>Apsauginis pistoleto d\u0117klas (Glock Perfection) pagamintas i\u0161 patvaraus kieto polimero (atsparus sm\u016bgiams ir oro s\u0105lygoms) su vidiniu kiau\u0161inio luk\u0161to putplas\u010dio pamu\u0161alu. Jis matuoja 10-1\/2&#8243; su 9&#8243; z 2-1 \/ 2 &#8220;ir tinka visiems &#8220;Glock&#8221; modeliams. Integruotas cilindro u\u017eraktas apsaugo pistolet\u0105 nuo neteis\u0117tos prieigos.<br \/>\nD\u0117kle patogiai telpa visi daiktai, \u012ftraukti \u012f Glock pistoleto rinkin\u012f.  <\/p>\n<p>Funkcijos:<\/p>\n<p>&#8211; Tinka bet kuriam Glock pistoletui<br \/>\n&#8211; Saugos rakto u\u017eraktas<br \/>\n&#8211; Atver\u010diamas dizainas su Glock logotipu<br \/>\n&#8211; Su put\u0173 pamu\u0161alu<\/p>\n","protected":false},"featured_media":128052,"template":"","meta":{"_acf_changed":false},"product_brand":[],"product_cat":[1196],"product_tag":[],"class_list":{"0":"post-150264","1":"product","2":"type-product","3":"status-publish","4":"has-post-thumbnail","6":"product_cat-lagaminai","8":"first","9":"onbackorder","10":"taxable","11":"shipping-taxable","12":"product-type-simple"},"acf":[],"_links":{"self":[{"href":"https:\/\/kingarms.ee\/lt\/wp-json\/wp\/v2\/product\/150264","targetHints":{"allow":["GET"]}}],"collection":[{"href":"https:\/\/kingarms.ee\/lt\/wp-json\/wp\/v2\/product"}],"about":[{"href":"https:\/\/kingarms.ee\/lt\/wp-json\/wp\/v2\/types\/product"}],"wp:featuredmedia":[{"embeddable":true,"href":"https:\/\/kingarms.ee\/lt\/wp-json\/wp\/v2\/media\/128052"}],"wp:attachment":[{"href":"https:\/\/kingarms.ee\/lt\/wp-json\/wp\/v2\/media?parent=150264"}],"wp:term":[{"taxonomy":"product_brand","embeddable":true,"href":"https:\/\/kingarms.ee\/lt\/wp-json\/wp\/v2\/product_brand?post=150264"},{"taxonomy":"product_cat","embeddable":true,"href":"https:\/\/kingarms.ee\/lt\/wp-json\/wp\/v2\/product_cat?post=150264"},{"taxonomy":"product_tag","embeddable":true,"href":"https:\/\/kingarms.ee\/lt\/wp-json\/wp\/v2\/product_tag?post=150264"}],"curies":[{"name":"wp","href":"https:\/\/api.w.org\/{rel}","templated":true}]}}