{"id":150265,"date":"2023-03-27T19:35:10","date_gmt":"2025-05-26T14:46:16","guid":{"rendered":"https:\/\/kingarms.ee\/product\/hi-capa-5-1-bds-gbb-vorsk\/"},"modified":"2025-05-26T17:46:16","modified_gmt":"2025-05-26T14:46:16","slug":"hi-capa-5-1-bds-gbb-vorsk","status":"publish","type":"product","link":"https:\/\/kingarms.ee\/lt\/product\/hi-capa-5-1-bds-gbb-vorsk\/","title":{"rendered":"\u201eHi-Capa 5.1 + BDS GBB\u201c (\u201eVorsk\u201c)"},"content":{"rendered":"<p><img loading=\"lazy\" decoding=\"async\" class=\"alignnone size-full wp-image-76630\" src=\"https:\/\/kingarms.ee\/wp-content\/uploads\/2023\/03\/173624_1.jpg\" alt=\"\" width=\"1800\" height=\"1200\" srcset=\"https:\/\/kingarms.ee\/wp-content\/uploads\/2023\/03\/173624_1.jpg 1800w, https:\/\/kingarms.ee\/wp-content\/uploads\/2023\/03\/173624_1-300x200.jpg 300w, https:\/\/kingarms.ee\/wp-content\/uploads\/2023\/03\/173624_1-1024x683.jpg 1024w, https:\/\/kingarms.ee\/wp-content\/uploads\/2023\/03\/173624_1-768x512.jpg 768w, https:\/\/kingarms.ee\/wp-content\/uploads\/2023\/03\/173624_1-1536x1024.jpg 1536w, https:\/\/kingarms.ee\/wp-content\/uploads\/2023\/03\/173624_1-500x333.jpg 500w, https:\/\/kingarms.ee\/wp-content\/uploads\/2023\/03\/173624_1-150x100.jpg 150w\" sizes=\"auto, (max-width: 1800px) 100vw, 1800px\" \/><\/p>\n","protected":false},"excerpt":{"rendered":"<p>Hi-Rubisafe 5.1 + BD GBB (Vorsk) seeria ja k\u00f5ik teised Vorski mudelid d\u0117l inspireeritud parimatest ja arenenumatest kaasaegsetest lahingu &#8211; ja v\u00f5istlusk\u00e4sirelvade disainidest, VORSK t\u00f5lgib reikia ainulaadsed ja uuenduslikud kontseptsioonid Airsofti turule t\u00e4iesti uue GBB p\u00fcstolite serija n\u00e4ol.<\/p>\n<p>Ilgis (coliais): 9.84<br \/>\nVamzd\u017eio ilgis (coliais): 4.44<br \/>\nSvoris: 2.05 kg<br \/>\nGaisro Re\u017eimas Pusiau Automatinis<br \/>\nVamzd\u017eio skersmuo (mm) 6.03<br \/>\nReils Taip<br \/>\nugnies greitis. FPS 328<br \/>\nPagrindin\u0117s med\u017eiagos HIPS med\u017eiaga ir aliuminis <\/p>\n","protected":false},"featured_media":128048,"template":"","meta":{"_acf_changed":false},"product_brand":[],"product_cat":[1138],"product_tag":[],"class_list":{"0":"post-150265","1":"product","2":"type-product","3":"status-publish","4":"has-post-thumbnail","6":"product_cat-airsoft-pistols","8":"first","9":"onbackorder","10":"taxable","11":"shipping-taxable","12":"product-type-simple"},"acf":[],"_links":{"self":[{"href":"https:\/\/kingarms.ee\/lt\/wp-json\/wp\/v2\/product\/150265","targetHints":{"allow":["GET"]}}],"collection":[{"href":"https:\/\/kingarms.ee\/lt\/wp-json\/wp\/v2\/product"}],"about":[{"href":"https:\/\/kingarms.ee\/lt\/wp-json\/wp\/v2\/types\/product"}],"wp:featuredmedia":[{"embeddable":true,"href":"https:\/\/kingarms.ee\/lt\/wp-json\/wp\/v2\/media\/128048"}],"wp:attachment":[{"href":"https:\/\/kingarms.ee\/lt\/wp-json\/wp\/v2\/media?parent=150265"}],"wp:term":[{"taxonomy":"product_brand","embeddable":true,"href":"https:\/\/kingarms.ee\/lt\/wp-json\/wp\/v2\/product_brand?post=150265"},{"taxonomy":"product_cat","embeddable":true,"href":"https:\/\/kingarms.ee\/lt\/wp-json\/wp\/v2\/product_cat?post=150265"},{"taxonomy":"product_tag","embeddable":true,"href":"https:\/\/kingarms.ee\/lt\/wp-json\/wp\/v2\/product_tag?post=150265"}],"curies":[{"name":"wp","href":"https:\/\/api.w.org\/{rel}","templated":true}]}}