{"id":150267,"date":"2023-03-27T16:19:29","date_gmt":"2025-05-26T14:48:58","guid":{"rendered":"https:\/\/kingarms.ee\/product\/lpc-zemo-profilio-liemene-warrior\/"},"modified":"2025-05-26T17:48:58","modified_gmt":"2025-05-26T14:48:58","slug":"lpc-zemo-profilio-liemene-warrior","status":"publish","type":"product","link":"https:\/\/kingarms.ee\/lt\/product\/lpc-zemo-profilio-liemene-warrior\/","title":{"rendered":"LPC \u017eemo profilio liemen\u0117 (\u201eWarrior\u201c)"},"content":{"rendered":"<p><img loading=\"lazy\" decoding=\"async\" class=\"alignnone size-full wp-image-76517\" src=\"https:\/\/kingarms.ee\/wp-content\/uploads\/2023\/03\/LPC-Low-Profile-Carrier-Large-Sides-Ranger-Green-Warrior-am29227large1.png\" alt=\"\" width=\"1400\" height=\"980\" srcset=\"https:\/\/kingarms.ee\/wp-content\/uploads\/2023\/03\/LPC-Low-Profile-Carrier-Large-Sides-Ranger-Green-Warrior-am29227large1.png 1400w, https:\/\/kingarms.ee\/wp-content\/uploads\/2023\/03\/LPC-Low-Profile-Carrier-Large-Sides-Ranger-Green-Warrior-am29227large1-300x210.png 300w, https:\/\/kingarms.ee\/wp-content\/uploads\/2023\/03\/LPC-Low-Profile-Carrier-Large-Sides-Ranger-Green-Warrior-am29227large1-1024x717.png 1024w, https:\/\/kingarms.ee\/wp-content\/uploads\/2023\/03\/LPC-Low-Profile-Carrier-Large-Sides-Ranger-Green-Warrior-am29227large1-768x538.png 768w, https:\/\/kingarms.ee\/wp-content\/uploads\/2023\/03\/LPC-Low-Profile-Carrier-Large-Sides-Ranger-Green-Warrior-am29227large1-500x350.png 500w, https:\/\/kingarms.ee\/wp-content\/uploads\/2023\/03\/LPC-Low-Profile-Carrier-Large-Sides-Ranger-Green-Warrior-am29227large1-150x105.png 150w\" sizes=\"auto, (max-width: 1400px) 100vw, 1400px\" \/><\/p>\n","protected":false},"excerpt":{"rendered":"<p>LPC \u017eemo profilio liemen\u0117 (karys) yra m\u016bs\u0173 naujos oro ventiliacijos \u0160ilumin\u0117s pagalv\u0117l\u0117s, leid\u017eian\u010dios \u0161ilumai i\u0161garuoti i\u0161 k\u016bno ir padidinti oro sraut\u0105, kad pad\u0117t\u0173 atv\u0117sti.<\/p>\n<p>LPC naudoja moderniausias med\u017eiagas, kad suma\u017eint\u0173 bendr\u0105 d\u0117kl\u0105 ir svor\u012f. Standarti\u0161kai jis yra su nuimamu MOLLE priekiniu atvartu, kur\u012f laiko 2 vertikal\u016bs kasmetiniai spaustukai, ir kabliu bei kilpa, leid\u017eian\u010dia nuimti skyd\u0105 ir pakeisti daugeliu i\u0161 anksto sukonfig\u016bruot\u0173 plok\u0161\u010di\u0173, kurios yra b\u016bdingos ir ginklui, ir misijai. <\/p>\n<p>LPC-san m\u016bs\u0173 greito spaustuko sistema, leid\u017eianti labai greitai nuimti laikikl\u012f kasdien, bet ir kritiniu atveju, nesijaudinant d\u0117l sud\u0117ting\u0173 kabeli\u0173, o surinkimas trunka tik kelias sekundes.<\/p>\n","protected":false},"featured_media":127978,"template":"","meta":{"_acf_changed":false},"product_brand":[],"product_cat":[1235],"product_tag":[],"class_list":{"0":"post-150267","1":"product","2":"type-product","3":"status-publish","4":"has-post-thumbnail","6":"product_cat-liemeneles-ir-dirzai","8":"first","9":"instock","10":"taxable","11":"shipping-taxable","12":"purchasable","13":"product-type-simple"},"acf":[],"_links":{"self":[{"href":"https:\/\/kingarms.ee\/lt\/wp-json\/wp\/v2\/product\/150267","targetHints":{"allow":["GET"]}}],"collection":[{"href":"https:\/\/kingarms.ee\/lt\/wp-json\/wp\/v2\/product"}],"about":[{"href":"https:\/\/kingarms.ee\/lt\/wp-json\/wp\/v2\/types\/product"}],"wp:featuredmedia":[{"embeddable":true,"href":"https:\/\/kingarms.ee\/lt\/wp-json\/wp\/v2\/media\/127978"}],"wp:attachment":[{"href":"https:\/\/kingarms.ee\/lt\/wp-json\/wp\/v2\/media?parent=150267"}],"wp:term":[{"taxonomy":"product_brand","embeddable":true,"href":"https:\/\/kingarms.ee\/lt\/wp-json\/wp\/v2\/product_brand?post=150267"},{"taxonomy":"product_cat","embeddable":true,"href":"https:\/\/kingarms.ee\/lt\/wp-json\/wp\/v2\/product_cat?post=150267"},{"taxonomy":"product_tag","embeddable":true,"href":"https:\/\/kingarms.ee\/lt\/wp-json\/wp\/v2\/product_tag?post=150267"}],"curies":[{"name":"wp","href":"https:\/\/api.w.org\/{rel}","templated":true}]}}