{"id":150268,"date":"2023-03-27T16:05:54","date_gmt":"2025-05-26T14:50:35","guid":{"rendered":"https:\/\/kingarms.ee\/product\/multicam-dcs-5-56-vest-warrior\/"},"modified":"2025-05-26T17:50:35","modified_gmt":"2025-05-26T14:50:35","slug":"multicam-dcs-5-56-vest-warrior","status":"publish","type":"product","link":"https:\/\/kingarms.ee\/lt\/product\/multicam-dcs-5-56-vest-warrior\/","title":{"rendered":"\u201eMultiCam DCS 5.56 Vest\u201c (\u201eWarrior\u201c)"},"content":{"rendered":"<p><img loading=\"lazy\" decoding=\"async\" class=\"alignnone size-full wp-image-76503\" src=\"https:\/\/kingarms.ee\/wp-content\/uploads\/2023\/03\/warrior-assault-systems-dcs-multicam-556-configuration.jpg\" alt=\"\" width=\"1200\" height=\"1372\" srcset=\"https:\/\/kingarms.ee\/wp-content\/uploads\/2023\/03\/warrior-assault-systems-dcs-multicam-556-configuration.jpg 1200w, https:\/\/kingarms.ee\/wp-content\/uploads\/2023\/03\/warrior-assault-systems-dcs-multicam-556-configuration-262x300.jpg 262w, https:\/\/kingarms.ee\/wp-content\/uploads\/2023\/03\/warrior-assault-systems-dcs-multicam-556-configuration-896x1024.jpg 896w, https:\/\/kingarms.ee\/wp-content\/uploads\/2023\/03\/warrior-assault-systems-dcs-multicam-556-configuration-768x878.jpg 768w, https:\/\/kingarms.ee\/wp-content\/uploads\/2023\/03\/warrior-assault-systems-dcs-multicam-556-configuration-500x572.jpg 500w, https:\/\/kingarms.ee\/wp-content\/uploads\/2023\/03\/warrior-assault-systems-dcs-multicam-556-configuration-150x172.jpg 150w\" sizes=\"auto, (max-width: 1200px) 100vw, 1200px\" \/><\/p>\n","protected":false},"excerpt":{"rendered":"<p>\u201eMultiCam DCS 5.56 Vest\u201c (\u201eWarrior\u201c)<\/p>\n<p>Liemen\u0117 DCS 5.56 (karys) yra lengva \u017eemo profilio sistema, kuri yra patvari, ta\u010diau Ergonomi\u0161ko dizaino, u\u017etikrinanti i\u0161skirtin\u012f komfort\u0105 ir funkcionalum\u0105. Sukurta su aktyviu S. F. su tiesiogine \u012fvestimi. Operatoriai DCS tinka tiek speciali\u0173j\u0173 paj\u0117g\u0173 reikalavimams, tiek PSD operacijoms.  <\/p>\n<p>Pe\u010diai yra visi\u0161kai reguliuojami, o vienoje pus\u0117je yra avarinis atleidimas, kuris atlaisvina kair\u012fj\u012f pet\u012f ir leid\u017eia operatoriui nuimti \u012frang\u0105 nenuimant \u0161almo. \u0160onin\u0117s DCS dalys yra visi\u0161kai reguliuojamos ir gali b\u016bti sureguliuotos per ma\u017eiau nei 15 sekund\u017ei\u0173. 3D tarpiklio \u012fd\u0117klas naudojamas patogumui ir leid\u017eia k\u016bno \u0161ilumai nutolti nuo k\u016bno pavir\u0161iaus, tuo pa\u010diu padedant atv\u0117sinti oro sraut\u0105.  <\/p>\n<p>DCS buvo sukurtas d\u0117v\u0117ti su kario PLB dir\u017eu, Frag dir\u017eu ir \u017eemo profilio Molle dir\u017eu (parduodamas atskirai).<\/p>\n<p>DCS M4 variante yra 5 kario elito Ops M4 Mag mai\u0161eliai, kiekviename mai\u0161elyje telpa 2 5,56 mm ir 45 mm \u017eurnalas. Taip pat yra 2 ma\u017ei vartojimo \/ medicininiai krep\u0161iai. <\/p>\n","protected":false},"featured_media":127970,"template":"","meta":{"_acf_changed":false},"product_brand":[],"product_cat":[1235],"product_tag":[],"class_list":{"0":"post-150268","1":"product","2":"type-product","3":"status-publish","4":"has-post-thumbnail","6":"product_cat-liemeneles-ir-dirzai","8":"first","9":"onbackorder","10":"taxable","11":"shipping-taxable","12":"product-type-simple"},"acf":[],"_links":{"self":[{"href":"https:\/\/kingarms.ee\/lt\/wp-json\/wp\/v2\/product\/150268","targetHints":{"allow":["GET"]}}],"collection":[{"href":"https:\/\/kingarms.ee\/lt\/wp-json\/wp\/v2\/product"}],"about":[{"href":"https:\/\/kingarms.ee\/lt\/wp-json\/wp\/v2\/types\/product"}],"wp:featuredmedia":[{"embeddable":true,"href":"https:\/\/kingarms.ee\/lt\/wp-json\/wp\/v2\/media\/127970"}],"wp:attachment":[{"href":"https:\/\/kingarms.ee\/lt\/wp-json\/wp\/v2\/media?parent=150268"}],"wp:term":[{"taxonomy":"product_brand","embeddable":true,"href":"https:\/\/kingarms.ee\/lt\/wp-json\/wp\/v2\/product_brand?post=150268"},{"taxonomy":"product_cat","embeddable":true,"href":"https:\/\/kingarms.ee\/lt\/wp-json\/wp\/v2\/product_cat?post=150268"},{"taxonomy":"product_tag","embeddable":true,"href":"https:\/\/kingarms.ee\/lt\/wp-json\/wp\/v2\/product_tag?post=150268"}],"curies":[{"name":"wp","href":"https:\/\/api.w.org\/{rel}","templated":true}]}}