{"id":150269,"date":"2023-03-27T16:00:14","date_gmt":"2025-05-26T14:52:18","guid":{"rendered":"https:\/\/kingarms.ee\/product\/crossfire-red-dot-sukurys\/"},"modified":"2025-05-26T17:52:18","modified_gmt":"2025-05-26T14:52:18","slug":"crossfire-red-dot-sukurys","status":"publish","type":"product","link":"https:\/\/kingarms.ee\/lt\/product\/crossfire-red-dot-sukurys\/","title":{"rendered":"\u201eCrossfire Red Dot\u201c (s\u016bkurys)"},"content":{"rendered":"<p><img loading=\"lazy\" decoding=\"async\" class=\"alignnone size-full wp-image-76483\" src=\"https:\/\/kingarms.ee\/wp-content\/uploads\/2023\/03\/vortex-crossfire-red-dot-collimator-696b8e83a7a441af84685ceb45173dd8-7a8a868b.jpg\" alt=\"\" width=\"900\" height=\"900\" srcset=\"https:\/\/kingarms.ee\/wp-content\/uploads\/2023\/03\/vortex-crossfire-red-dot-collimator-696b8e83a7a441af84685ceb45173dd8-7a8a868b.jpg 900w, https:\/\/kingarms.ee\/wp-content\/uploads\/2023\/03\/vortex-crossfire-red-dot-collimator-696b8e83a7a441af84685ceb45173dd8-7a8a868b-300x300.jpg 300w, https:\/\/kingarms.ee\/wp-content\/uploads\/2023\/03\/vortex-crossfire-red-dot-collimator-696b8e83a7a441af84685ceb45173dd8-7a8a868b-150x150.jpg 150w, https:\/\/kingarms.ee\/wp-content\/uploads\/2023\/03\/vortex-crossfire-red-dot-collimator-696b8e83a7a441af84685ceb45173dd8-7a8a868b-768x768.jpg 768w, https:\/\/kingarms.ee\/wp-content\/uploads\/2023\/03\/vortex-crossfire-red-dot-collimator-696b8e83a7a441af84685ceb45173dd8-7a8a868b-500x500.jpg 500w\" sizes=\"auto, (max-width: 900px) 100vw, 900px\" \/><\/p>\n","protected":false},"excerpt":{"rendered":"<p>Crossfire red dot (S\u016bkurys) yra Kolimatorius, kuris atveria keli\u0105 tiems, kurie ilg\u0105 laik\u0105 svarst\u0117 galimyb\u0119 \u012fsigyti kolimatori\u0173, ta\u010diau gera tokio tipo \u012franga buvo arba per brangi, arba per \u017eema konstrukcijos kokyb\u0117. Dabar tinkamas apdirbimas ir \u012fperkamumas dera su \u0161iuo kompakti\u0161ku dizainu. <\/p>\n<p>S\u016bkurinis Crossfire Kolimatorius turi ry\u0161ki\u0105 viet\u0105, kurios skersmuo yra 2 MOA. Vietos viet\u0105 lengva rasti, o tai leid\u017eia greitai sekti taikin\u012f ir tiksliai pataikyti. <\/p>\n<p>Skeleto formos laikiklis yra dviej\u0173 auk\u0161\u010di\u0173. Tai leid\u017eia s\u016bkurin\u012f kry\u017eminio ugnies kolimatori\u0173 naudoti tiek \u0161autuv\u0173, tiek pistolet\u0173, tiek AR platformose. <\/p>\n<p>TECHNINIAI DUOMENYS:<\/p>\n<p>Atstumas nuo akies [mm] neribotas<br \/>\nU\u017epildas Duj\u0173 Azoto<br \/>\nZoom [\u00d7]. 1<br \/>\nTa\u0161kin\u0117 Spalva Raudona<br \/>\nReg\u0117jimo tipas reg\u0117jimo (tinklain\u0117s) d\u0117m\u0117<br \/>\nL\u0105steli\u0173 maitinimo \u0161altinis CR2032ARGE 1<br \/>\nLaipsni\u0161kas koregavimas [MOA]. 1<br \/>\nDid\u017eiausias vertikalus (auk\u0161\u010dio) reguliavimas [MOA]. 100<br \/>\nMaksimalus horizontalus (\u012frangos) reguliavimas [MOA]. 100<br \/>\nTa\u0161ko dydis [MOA]. 2<br \/>\nObjektyvo skersmuo [mm]. 28<br \/>\nBendras ilgis [mm].    64<br \/>\nSvoris [g] 147,4<br \/>\nKolimatoriaus rinkinio elementai<br \/>\nPicantinny auk\u0161tis,<br \/>\napimti,<br \/>\n\u0160e\u0161iakampis raktas,<br \/>\nbaterija,<br \/>\ngamintojo garantija,<br \/>\nplatintojo garantija,<br \/>\nplatintojo vadovas,<br \/>\ngamintojo vadovas,<br \/>\nKolimatorius<\/p>\n","protected":false},"featured_media":127954,"template":"","meta":{"_acf_changed":false},"product_brand":[],"product_cat":[1167],"product_tag":[],"class_list":{"0":"post-150269","1":"product","2":"type-product","3":"status-publish","4":"has-post-thumbnail","6":"product_cat-raudoni-taskiniai-taikiniai","8":"first","9":"instock","10":"taxable","11":"shipping-taxable","12":"purchasable","13":"product-type-simple"},"acf":[],"_links":{"self":[{"href":"https:\/\/kingarms.ee\/lt\/wp-json\/wp\/v2\/product\/150269","targetHints":{"allow":["GET"]}}],"collection":[{"href":"https:\/\/kingarms.ee\/lt\/wp-json\/wp\/v2\/product"}],"about":[{"href":"https:\/\/kingarms.ee\/lt\/wp-json\/wp\/v2\/types\/product"}],"wp:featuredmedia":[{"embeddable":true,"href":"https:\/\/kingarms.ee\/lt\/wp-json\/wp\/v2\/media\/127954"}],"wp:attachment":[{"href":"https:\/\/kingarms.ee\/lt\/wp-json\/wp\/v2\/media?parent=150269"}],"wp:term":[{"taxonomy":"product_brand","embeddable":true,"href":"https:\/\/kingarms.ee\/lt\/wp-json\/wp\/v2\/product_brand?post=150269"},{"taxonomy":"product_cat","embeddable":true,"href":"https:\/\/kingarms.ee\/lt\/wp-json\/wp\/v2\/product_cat?post=150269"},{"taxonomy":"product_tag","embeddable":true,"href":"https:\/\/kingarms.ee\/lt\/wp-json\/wp\/v2\/product_tag?post=150269"}],"curies":[{"name":"wp","href":"https:\/\/api.w.org\/{rel}","templated":true}]}}