{"id":150280,"date":"2023-03-22T15:10:58","date_gmt":"2025-05-26T15:14:50","guid":{"rendered":"https:\/\/kingarms.ee\/product\/43-cal-rubber-metal-rutuliai-100-vnt\/"},"modified":"2025-05-26T18:14:50","modified_gmt":"2025-05-26T15:14:50","slug":"43-cal-rubber-metal-rutuliai-100-vnt","status":"publish","type":"product","link":"https:\/\/kingarms.ee\/lt\/product\/43-cal-rubber-metal-rutuliai-100-vnt\/","title":{"rendered":"43 \u201eCal Rubber-Metal\u201c rutuliai 100 vnt."},"content":{"rendered":"<p><img loading=\"lazy\" decoding=\"async\" class=\"alignnone size-full wp-image-76355\" src=\"https:\/\/kingarms.ee\/wp-content\/uploads\/2023\/03\/razorgun-43-cal-43-rubber-metal-bullets-100-pcs-009722bfdce940e3a1a03b6ca01db303-24695c83.jpg\" alt=\"\" width=\"900\" height=\"900\" srcset=\"https:\/\/kingarms.ee\/wp-content\/uploads\/2023\/03\/razorgun-43-cal-43-rubber-metal-bullets-100-pcs-009722bfdce940e3a1a03b6ca01db303-24695c83.jpg 900w, https:\/\/kingarms.ee\/wp-content\/uploads\/2023\/03\/razorgun-43-cal-43-rubber-metal-bullets-100-pcs-009722bfdce940e3a1a03b6ca01db303-24695c83-300x300.jpg 300w, https:\/\/kingarms.ee\/wp-content\/uploads\/2023\/03\/razorgun-43-cal-43-rubber-metal-bullets-100-pcs-009722bfdce940e3a1a03b6ca01db303-24695c83-150x150.jpg 150w, https:\/\/kingarms.ee\/wp-content\/uploads\/2023\/03\/razorgun-43-cal-43-rubber-metal-bullets-100-pcs-009722bfdce940e3a1a03b6ca01db303-24695c83-768x768.jpg 768w, https:\/\/kingarms.ee\/wp-content\/uploads\/2023\/03\/razorgun-43-cal-43-rubber-metal-bullets-100-pcs-009722bfdce940e3a1a03b6ca01db303-24695c83-500x500.jpg 500w\" sizes=\"auto, (max-width: 900px) 100vw, 900px\" \/><\/p>\n","protected":false},"excerpt":{"rendered":"<p>43 Cal Guminiai metaliniai rutuliai 100 vnt yra sunki treniruo\u010di\u0173 amunicija RAM \u017eymekliams.<\/p>\n<p>RazorGun Guminiai metaliniai \u0161audmenys skirti pramoginiam \u0161audymui, savigynai, treniruot\u0117ms ir taktin\u0117ms treniruot\u0117ms su avin\u0173 \u017eymekliais.<\/p>\n<p>Rutuliai pagaminti i\u0161 kietos gumos, praturtintos metalo dalel\u0117mis. Gumin\u0117s metalin\u0117s kulkos yra kietesn\u0117s ir sunkesn\u0117s u\u017e gumines kulkas, tod\u0117l efektyviau i\u0161skiria energij\u0105 ir geriau \u012fsiskverbia \u012f taikin\u012f. <\/p>\n","protected":false},"featured_media":127888,"template":"","meta":{"_acf_changed":false},"product_brand":[],"product_cat":[1191],"product_tag":[],"class_list":{"0":"post-150280","1":"product","2":"type-product","3":"status-publish","4":"has-post-thumbnail","6":"product_cat-gumines-kulkos","8":"first","9":"onbackorder","10":"taxable","11":"shipping-taxable","12":"product-type-simple"},"acf":[],"_links":{"self":[{"href":"https:\/\/kingarms.ee\/lt\/wp-json\/wp\/v2\/product\/150280","targetHints":{"allow":["GET"]}}],"collection":[{"href":"https:\/\/kingarms.ee\/lt\/wp-json\/wp\/v2\/product"}],"about":[{"href":"https:\/\/kingarms.ee\/lt\/wp-json\/wp\/v2\/types\/product"}],"wp:featuredmedia":[{"embeddable":true,"href":"https:\/\/kingarms.ee\/lt\/wp-json\/wp\/v2\/media\/127888"}],"wp:attachment":[{"href":"https:\/\/kingarms.ee\/lt\/wp-json\/wp\/v2\/media?parent=150280"}],"wp:term":[{"taxonomy":"product_brand","embeddable":true,"href":"https:\/\/kingarms.ee\/lt\/wp-json\/wp\/v2\/product_brand?post=150280"},{"taxonomy":"product_cat","embeddable":true,"href":"https:\/\/kingarms.ee\/lt\/wp-json\/wp\/v2\/product_cat?post=150280"},{"taxonomy":"product_tag","embeddable":true,"href":"https:\/\/kingarms.ee\/lt\/wp-json\/wp\/v2\/product_tag?post=150280"}],"curies":[{"name":"wp","href":"https:\/\/api.w.org\/{rel}","templated":true}]}}