{"id":150285,"date":"2023-03-09T20:54:33","date_gmt":"2025-05-26T15:23:05","guid":{"rendered":"https:\/\/kingarms.ee\/product\/hn-testester-diabolo-4-5mm\/"},"modified":"2025-05-26T18:23:05","modified_gmt":"2025-05-26T15:23:05","slug":"hn-testester-diabolo-4-5mm","status":"publish","type":"product","link":"https:\/\/kingarms.ee\/lt\/product\/hn-testester-diabolo-4-5mm\/","title":{"rendered":"\u201eH&amp;N Testester Diabolo 4.5mm\u201c"},"content":{"rendered":"<p><img loading=\"lazy\" decoding=\"async\" class=\"alignnone size-full wp-image-75861\" src=\"https:\/\/kingarms.ee\/wp-content\/uploads\/2023\/03\/h-amp-n-tester-hunting-diabolo-shot-4-5-215-1dee9fa068b0440690abef5f11c93129-09f9ea0e.jpg\" alt=\"\" width=\"900\" height=\"900\" srcset=\"https:\/\/kingarms.ee\/wp-content\/uploads\/2023\/03\/h-amp-n-tester-hunting-diabolo-shot-4-5-215-1dee9fa068b0440690abef5f11c93129-09f9ea0e.jpg 900w, https:\/\/kingarms.ee\/wp-content\/uploads\/2023\/03\/h-amp-n-tester-hunting-diabolo-shot-4-5-215-1dee9fa068b0440690abef5f11c93129-09f9ea0e-300x300.jpg 300w, https:\/\/kingarms.ee\/wp-content\/uploads\/2023\/03\/h-amp-n-tester-hunting-diabolo-shot-4-5-215-1dee9fa068b0440690abef5f11c93129-09f9ea0e-150x150.jpg 150w, https:\/\/kingarms.ee\/wp-content\/uploads\/2023\/03\/h-amp-n-tester-hunting-diabolo-shot-4-5-215-1dee9fa068b0440690abef5f11c93129-09f9ea0e-768x768.jpg 768w, https:\/\/kingarms.ee\/wp-content\/uploads\/2023\/03\/h-amp-n-tester-hunting-diabolo-shot-4-5-215-1dee9fa068b0440690abef5f11c93129-09f9ea0e-500x500.jpg 500w\" sizes=\"auto, (max-width: 900px) 100vw, 900px\" \/><\/p>\n","protected":false},"excerpt":{"rendered":"<p>\u201eH&amp;N Testester Diabolo 4.5mm\u201c<\/p>\n<p>\u012e komplekt\u0105 \u012feina:<\/p>\n<p>H &amp; N Baracuda Hunter shot-tikslus, vidutinio svorio med\u017eiokl\u0117s kamuolys, skirtas didesniems nei 50 m atstumams.<br \/>\nH &amp; N Sidabrinis \u0161autuvas-d\u0117l didelio kibiro \u0161autuvas rekomenduojamas galingiems v\u0117jo pistoletams, turintiems tiek PCP, tiek spyruoklin\u012f, labai didel\u012f pradin\u012f greit\u012f.<br \/>\nH &amp; N Varna Magnum-didesnis nei vidutinis svoris, glotnumas ir kruop\u0161tus apdirbimas daro j\u012f labai tiksliu sprogimo \u0161\u016bviu.<\/p>\n<p>Kalibras [mm] 4.5 mm<br \/>\nPakuot\u0117s tipas plastikin\u0117 lizdin\u0117 plok\u0161tel\u0117<br \/>\nKiekis [Vnt.] 215<br \/>\nSriegiu \u012f barel\u012f<br \/>\nInsulto diabolo tipas<br \/>\n\u0160autuvo forma plok\u0161\u010dia, smaigalys, apvali galva, skyl\u0117<br \/>\n\u0160autuvo rinkinio elementai<br \/>\nH &amp; N Lauko Taikinio Trof\u0117jus \u017dalias-40 Vnt.,<br \/>\nH &amp; N Lauko Taikinio Trof\u0117jus-40 Vnt.,<br \/>\nH &amp; N Baracuda Med\u017eiotojas Ekstremalus-35 Vnt.,<br \/>\nH &amp; N Baracuda Galia-35 Vnt.,<br \/>\nH &amp; N Sidabrinis Ta\u0161kas &#8211; 30 Vnt.,<br \/>\nH &amp; N Varna Magnum &#8211; 35 Vnt.<br \/>\nGamintojas H &amp; N Sport, Vokietija<\/p>\n","protected":false},"featured_media":127655,"template":"","meta":{"_acf_changed":false},"product_brand":[],"product_cat":[1189],"product_tag":[],"class_list":{"0":"post-150285","1":"product","2":"type-product","3":"status-publish","4":"has-post-thumbnail","6":"product_cat-oro-pistoletas-4-5-mm","8":"first","9":"instock","10":"taxable","11":"shipping-taxable","12":"purchasable","13":"product-type-simple"},"acf":[],"_links":{"self":[{"href":"https:\/\/kingarms.ee\/lt\/wp-json\/wp\/v2\/product\/150285","targetHints":{"allow":["GET"]}}],"collection":[{"href":"https:\/\/kingarms.ee\/lt\/wp-json\/wp\/v2\/product"}],"about":[{"href":"https:\/\/kingarms.ee\/lt\/wp-json\/wp\/v2\/types\/product"}],"wp:featuredmedia":[{"embeddable":true,"href":"https:\/\/kingarms.ee\/lt\/wp-json\/wp\/v2\/media\/127655"}],"wp:attachment":[{"href":"https:\/\/kingarms.ee\/lt\/wp-json\/wp\/v2\/media?parent=150285"}],"wp:term":[{"taxonomy":"product_brand","embeddable":true,"href":"https:\/\/kingarms.ee\/lt\/wp-json\/wp\/v2\/product_brand?post=150285"},{"taxonomy":"product_cat","embeddable":true,"href":"https:\/\/kingarms.ee\/lt\/wp-json\/wp\/v2\/product_cat?post=150285"},{"taxonomy":"product_tag","embeddable":true,"href":"https:\/\/kingarms.ee\/lt\/wp-json\/wp\/v2\/product_tag?post=150285"}],"curies":[{"name":"wp","href":"https:\/\/api.w.org\/{rel}","templated":true}]}}