{"id":150287,"date":"2023-03-09T20:41:33","date_gmt":"2025-05-26T15:25:55","guid":{"rendered":"https:\/\/kingarms.ee\/product\/pistoletas-valiklis-400ml-protech\/"},"modified":"2025-05-26T18:25:55","modified_gmt":"2025-05-26T15:25:55","slug":"pistoletas-valiklis-400ml-protech","status":"publish","type":"product","link":"https:\/\/kingarms.ee\/lt\/product\/pistoletas-valiklis-400ml-protech\/","title":{"rendered":"Pistoletas valiklis 400ml (ProTech)"},"content":{"rendered":"","protected":false},"excerpt":{"rendered":"<p>Pistoletas valiklis 400ml (ProTech)<\/p>\n<p>TECHNINIAI DUOMENYS:<br \/>\nTalpa [ml]. 400<br \/>\nTinka \u0161autuvui, pistoletui, v\u0117jo mal\u016bnui, revolveriui<br \/>\nTaikymas (tikslas)<br \/>\nginkl\u0173 prie\u017ei\u016bra, metalas<br \/>\nNepa\u017eeid\u017eia sandarikli\u0173 \/ St\u016bmokli\u0173<br \/>\nNaudokite Aerozol\u012f<br \/>\nTinka vidiniams komponentams taip <\/p>\n","protected":false},"featured_media":131949,"template":"","meta":{"_acf_changed":false},"product_brand":[],"product_cat":[1150],"product_tag":[],"class_list":{"0":"post-150287","1":"product","2":"type-product","3":"status-publish","4":"has-post-thumbnail","6":"product_cat-ginklu-prieziura","8":"first","9":"instock","10":"taxable","11":"shipping-taxable","12":"purchasable","13":"product-type-simple"},"acf":[],"_links":{"self":[{"href":"https:\/\/kingarms.ee\/lt\/wp-json\/wp\/v2\/product\/150287","targetHints":{"allow":["GET"]}}],"collection":[{"href":"https:\/\/kingarms.ee\/lt\/wp-json\/wp\/v2\/product"}],"about":[{"href":"https:\/\/kingarms.ee\/lt\/wp-json\/wp\/v2\/types\/product"}],"wp:featuredmedia":[{"embeddable":true,"href":"https:\/\/kingarms.ee\/lt\/wp-json\/wp\/v2\/media\/131949"}],"wp:attachment":[{"href":"https:\/\/kingarms.ee\/lt\/wp-json\/wp\/v2\/media?parent=150287"}],"wp:term":[{"taxonomy":"product_brand","embeddable":true,"href":"https:\/\/kingarms.ee\/lt\/wp-json\/wp\/v2\/product_brand?post=150287"},{"taxonomy":"product_cat","embeddable":true,"href":"https:\/\/kingarms.ee\/lt\/wp-json\/wp\/v2\/product_cat?post=150287"},{"taxonomy":"product_tag","embeddable":true,"href":"https:\/\/kingarms.ee\/lt\/wp-json\/wp\/v2\/product_tag?post=150287"}],"curies":[{"name":"wp","href":"https:\/\/api.w.org\/{rel}","templated":true}]}}