{"id":150291,"date":"2023-03-09T20:25:45","date_gmt":"2025-05-26T15:33:18","guid":{"rendered":"https:\/\/kingarms.ee\/product\/vortex-vmx-3t-padidejimas-iki-raudonos\/"},"modified":"2025-05-26T18:33:18","modified_gmt":"2025-05-26T15:33:18","slug":"vortex-vmx-3t-padidejimas-iki-raudonos","status":"publish","type":"product","link":"https:\/\/kingarms.ee\/lt\/product\/vortex-vmx-3t-padidejimas-iki-raudonos\/","title":{"rendered":"\u201eVortex VMX-3T\u201c padid\u0117jimas iki raudonos"},"content":{"rendered":"<p><img loading=\"lazy\" decoding=\"async\" class=\"alignnone size-full wp-image-75795\" src=\"https:\/\/kingarms.ee\/wp-content\/uploads\/2023\/03\/vortex-vmx-3t-enlarger-for-collimator-e10414c770ba4910a866854825d93827-d4790e63.jpg\" alt=\"\" width=\"900\" height=\"900\" srcset=\"https:\/\/kingarms.ee\/wp-content\/uploads\/2023\/03\/vortex-vmx-3t-enlarger-for-collimator-e10414c770ba4910a866854825d93827-d4790e63.jpg 900w, https:\/\/kingarms.ee\/wp-content\/uploads\/2023\/03\/vortex-vmx-3t-enlarger-for-collimator-e10414c770ba4910a866854825d93827-d4790e63-300x300.jpg 300w, https:\/\/kingarms.ee\/wp-content\/uploads\/2023\/03\/vortex-vmx-3t-enlarger-for-collimator-e10414c770ba4910a866854825d93827-d4790e63-150x150.jpg 150w, https:\/\/kingarms.ee\/wp-content\/uploads\/2023\/03\/vortex-vmx-3t-enlarger-for-collimator-e10414c770ba4910a866854825d93827-d4790e63-768x768.jpg 768w, https:\/\/kingarms.ee\/wp-content\/uploads\/2023\/03\/vortex-vmx-3t-enlarger-for-collimator-e10414c770ba4910a866854825d93827-d4790e63-500x500.jpg 500w\" sizes=\"auto, (max-width: 900px) 100vw, 900px\" \/><\/p>\n","protected":false},"excerpt":{"rendered":"<p>\u201eVortex VMX-3T\u201c padid\u0117jimas iki raudonos<\/p>\n<p>Paprasta, greita ir patogu \u2013 naudojant s\u016bkurin\u012f VM-3t didinam\u0105j\u012f dangtel\u012f Strikeefire ir Sparc II kolimatoriui, padid\u0117s j\u016bs\u0173 Kolimatoriaus padidinimas.<\/p>\n<p>Dangtelyje yra patentuotos antirefleksin\u0117s dangos, u\u017etikrinan\u010dios optimal\u0173 \u0161viesos pralaidum\u0105. Gr\u016bdintas anoduotas aliuminis suteikia tvirtumo ir atsparumo pa\u017eeidimams. VMK-3T yra apsaugotas nuo \u012ftraukimo \u012fpur\u0161kiant azoto \u012f jo vid\u0173.  <\/p>\n<p>Optika<\/p>\n<p>daugiasluoksn\u0117 optika-pagerina \u0161viesos pralaidum\u0105 d\u0117l antirefleksin\u0117s vis\u0173 l\u0119\u0161i\u0173 dangos.<br \/>\nAtsparus vandeniui-d\u0117l tarpikli\u0173 naudojimo \u012f prietais\u0105 nepatenka dr\u0117gm\u0117, dulk\u0117s ir dulk\u0117s.<br \/>\natsparumas Rasai-d\u0117l azoto u\u017epildymo dabar i\u0161vengsite situacijos, kai l\u0119\u0161iai i\u0161garuoja d\u0117l temperat\u016br\u0173 skirtumo<br \/>\ngr\u016bdintas Aliuminis-aviacijos technologija daro j\u016bs\u0173 reg\u0117jim\u0105 lengv\u0105 ir labai atspar\u0173 sm\u016bgiams ir vis\u0173 r\u016b\u0161i\u0173 pa\u017eeidimams<br \/>\nanoduota danga &#8211; dar didesnis patvarumas d\u0117l anoduotos dangos. \u0160i danga daugel\u012f met\u0173 apsaugos j\u016bs\u0173 taikymo srit\u012f nuo \u012fbr\u0117\u017eim\u0173 ir korozijos. <\/p>\n<p>TECHNINIAI DUOMENYS:<br \/>\nAki\u0173 atstumas [mm] 56<br \/>\nU\u017epildas Duj\u0173 Azoto<br \/>\nLinijinis matymo laukas 100 m [m]. 12<br \/>\nZoom [\u00d7]. 3<br \/>\nBendras ilgis [mm]. 109<br \/>\nVamzd\u017eio skersmuo [mm].   30 mm (1,18 tolli)<br \/>\nKaal [g] 337<br \/>\nKollimaatori komplekti elemendid<br \/>\nkahekordistaja,<br \/>\nOptika puhastuslapp,<br \/>\ntootja garantii,<br \/>\nturustaja garantii,<br \/>\nturustaja k\u00e4siraamat,<br \/>\ntootja k\u00e4siraamat<br \/>\nGarantii periood<br \/>\nVIP eluaegne garantii* Vortex Opticsilt<br \/>\nTootja<br \/>\nVortex Optics, USA<br \/>\nTarnija s\u00fcmbol<br \/>\nVMX-3T<\/p>\n","protected":false},"featured_media":127618,"template":"","meta":{"_acf_changed":false},"product_brand":[],"product_cat":[1166],"product_tag":[],"class_list":{"0":"post-150291","1":"product","2":"type-product","3":"status-publish","4":"has-post-thumbnail","6":"product_cat-padidinti","8":"first","9":"onbackorder","10":"taxable","11":"shipping-taxable","12":"product-type-simple"},"acf":[],"_links":{"self":[{"href":"https:\/\/kingarms.ee\/lt\/wp-json\/wp\/v2\/product\/150291","targetHints":{"allow":["GET"]}}],"collection":[{"href":"https:\/\/kingarms.ee\/lt\/wp-json\/wp\/v2\/product"}],"about":[{"href":"https:\/\/kingarms.ee\/lt\/wp-json\/wp\/v2\/types\/product"}],"wp:featuredmedia":[{"embeddable":true,"href":"https:\/\/kingarms.ee\/lt\/wp-json\/wp\/v2\/media\/127618"}],"wp:attachment":[{"href":"https:\/\/kingarms.ee\/lt\/wp-json\/wp\/v2\/media?parent=150291"}],"wp:term":[{"taxonomy":"product_brand","embeddable":true,"href":"https:\/\/kingarms.ee\/lt\/wp-json\/wp\/v2\/product_brand?post=150291"},{"taxonomy":"product_cat","embeddable":true,"href":"https:\/\/kingarms.ee\/lt\/wp-json\/wp\/v2\/product_cat?post=150291"},{"taxonomy":"product_tag","embeddable":true,"href":"https:\/\/kingarms.ee\/lt\/wp-json\/wp\/v2\/product_tag?post=150291"}],"curies":[{"name":"wp","href":"https:\/\/api.w.org\/{rel}","templated":true}]}}