{"id":150293,"date":"2023-03-09T20:14:19","date_gmt":"2025-05-26T15:36:11","guid":{"rendered":"https:\/\/kingarms.ee\/product\/stabili-saudymo-baze-razorgun\/"},"modified":"2025-05-26T18:36:11","modified_gmt":"2025-05-26T15:36:11","slug":"stabili-saudymo-baze-razorgun","status":"publish","type":"product","link":"https:\/\/kingarms.ee\/lt\/product\/stabili-saudymo-baze-razorgun\/","title":{"rendered":"Stabili \u0161audymo baz\u0117 (Razorgun)"},"content":{"rendered":"<p><img loading=\"lazy\" decoding=\"async\" class=\"alignnone size-full wp-image-75767\" src=\"https:\/\/kingarms.ee\/wp-content\/uploads\/2023\/03\/razorgun-steady-shooting-stand-base-129c2ecd52534d4a8091ddb617a32b41-a16a183e.jpg\" alt=\"\" width=\"900\" height=\"900\" srcset=\"https:\/\/kingarms.ee\/wp-content\/uploads\/2023\/03\/razorgun-steady-shooting-stand-base-129c2ecd52534d4a8091ddb617a32b41-a16a183e.jpg 900w, https:\/\/kingarms.ee\/wp-content\/uploads\/2023\/03\/razorgun-steady-shooting-stand-base-129c2ecd52534d4a8091ddb617a32b41-a16a183e-300x300.jpg 300w, https:\/\/kingarms.ee\/wp-content\/uploads\/2023\/03\/razorgun-steady-shooting-stand-base-129c2ecd52534d4a8091ddb617a32b41-a16a183e-150x150.jpg 150w, https:\/\/kingarms.ee\/wp-content\/uploads\/2023\/03\/razorgun-steady-shooting-stand-base-129c2ecd52534d4a8091ddb617a32b41-a16a183e-768x768.jpg 768w, https:\/\/kingarms.ee\/wp-content\/uploads\/2023\/03\/razorgun-steady-shooting-stand-base-129c2ecd52534d4a8091ddb617a32b41-a16a183e-500x500.jpg 500w\" sizes=\"auto, (max-width: 900px) 100vw, 900px\" \/><\/p>\n","protected":false},"excerpt":{"rendered":"<p>Stabilus \u0161audymo stovas (RazorGun) yra profesionalus stovas, u\u017etikrinantis stabilum\u0105 nuliui nu\u0117mus ginkl\u0105. Ideali priemon\u0117 tiems, kurie nori teisingai ir tiksliai nustatyti savo ginklus. <\/p>\n<p>Ginkl\u0173 galandimo ir valymo pagrindas<br \/>\nGinkl\u0173 \u0161audymo stovas yra nepakei\u010diamas \u012frankis sportiniams \u0161auliams ir med\u017eiotojams, norint teisingai nustatyti taikymo instrumentus. Stovas taip pat gali b\u016bti naudojamas ginkl\u0173 valymui ir ginkl\u0173 kalimui. <\/p>\n<p>Pagrindinis stendo u\u017edavinys yra pa\u0161alinti \u0161aulio klaidas (vibracij\u0105, laikysen\u0105, nuovarg\u012f), kurios gali trukdyti ar trukdyti tiksliam \u0161audymo i\u0161 \u0161autuvo procesui. Lentyna tarnauja kaip pagrindas ir laikiklis, \u012f kur\u012f stabiliai pritvirtiname ginkl\u0105. I\u0161skyrus savo klaidas, teisingai nustat\u0119s taikiklius, \u0161aulys gali gauti pakartojam\u0105 sm\u016bgio ta\u0161k\u0105.  <\/p>\n<p>Plieno konstrukcija<br \/>\nStovas turi sunki\u0105 konstrukcij\u0105, pagamint\u0105 i\u0161 plienini\u0173 profili\u0173, kuri u\u017etikrina pakankam\u0105 stabilum\u0105 ir tvirtum\u0105 \u0161audant didelio kalibro ginklu. Pagrindo vir\u0161utin\u0119 rank\u0105 galima reguliuoti vertikaliai nuo -5 &#8220;iki +20&#8221;. Ginklo tvirtinimui naudojamos metalin\u0117s \u0161ak\u0117s su stand\u017eiu Velcro padu ir odiniu \u012fd\u0117klu. \u0160ie sprendimai leid\u017eia stabiliai pastatyti ginkl\u0105 ant pagrindo, nerizikuojant j\u012f subrai\u017eyti. Rankos ir ginklo laikikli\u0173 auk\u0161t\u012f galima tiksliai sureguliuoti u\u017erakinamais mygtukais be \u012franki\u0173. Padidintos sagos yra patogios naudoti ir gali b\u016bti naudojamos net su pir\u0161tin\u0117mis. Pagrindas turi neslid\u017eias gumines kojeles, kurias galima pakeisti smaigaliais (\u012f komplekt\u0105 ne\u012feina).      <\/p>\n","protected":false},"featured_media":134399,"template":"","meta":{"_acf_changed":false},"product_brand":[],"product_cat":[1179,1201],"product_tag":[],"class_list":{"0":"post-150293","1":"product","2":"type-product","3":"status-publish","4":"has-post-thumbnail","6":"product_cat-saudymo-krepsiai","7":"product_cat-taikiniai","9":"first","10":"onbackorder","11":"taxable","12":"shipping-taxable","13":"product-type-simple"},"acf":[],"_links":{"self":[{"href":"https:\/\/kingarms.ee\/lt\/wp-json\/wp\/v2\/product\/150293","targetHints":{"allow":["GET"]}}],"collection":[{"href":"https:\/\/kingarms.ee\/lt\/wp-json\/wp\/v2\/product"}],"about":[{"href":"https:\/\/kingarms.ee\/lt\/wp-json\/wp\/v2\/types\/product"}],"wp:featuredmedia":[{"embeddable":true,"href":"https:\/\/kingarms.ee\/lt\/wp-json\/wp\/v2\/media\/134399"}],"wp:attachment":[{"href":"https:\/\/kingarms.ee\/lt\/wp-json\/wp\/v2\/media?parent=150293"}],"wp:term":[{"taxonomy":"product_brand","embeddable":true,"href":"https:\/\/kingarms.ee\/lt\/wp-json\/wp\/v2\/product_brand?post=150293"},{"taxonomy":"product_cat","embeddable":true,"href":"https:\/\/kingarms.ee\/lt\/wp-json\/wp\/v2\/product_cat?post=150293"},{"taxonomy":"product_tag","embeddable":true,"href":"https:\/\/kingarms.ee\/lt\/wp-json\/wp\/v2\/product_tag?post=150293"}],"curies":[{"name":"wp","href":"https:\/\/api.w.org\/{rel}","templated":true}]}}