{"id":150300,"date":"2023-03-09T18:24:11","date_gmt":"2023-03-09T15:24:11","guid":{"rendered":"https:\/\/kingarms.ee\/product\/pintas-siaudu-kilimelis-lankui-80h8cm\/"},"modified":"2025-05-26T18:45:27","modified_gmt":"2025-05-26T15:45:27","slug":"pintas-siaudu-kilimelis-lankui-80h8cm","status":"publish","type":"product","link":"https:\/\/kingarms.ee\/lt\/product\/pintas-siaudu-kilimelis-lankui-80h8cm\/","title":{"rendered":"Pintas \u0161iaud\u0173 kilim\u0117lis lankui 80h8cm"},"content":{"rendered":"<p><img loading=\"lazy\" decoding=\"async\" class=\"alignnone size-full wp-image-75672\" src=\"https:\/\/kingarms.ee\/wp-content\/uploads\/2023\/03\/straw-mat-65-x-6-cm-7a84548faffb431990cb0cb404ba8088-45a7d568.jpg\" alt=\"\" width=\"900\" height=\"900\" srcset=\"https:\/\/kingarms.ee\/wp-content\/uploads\/2023\/03\/straw-mat-65-x-6-cm-7a84548faffb431990cb0cb404ba8088-45a7d568.jpg 900w, https:\/\/kingarms.ee\/wp-content\/uploads\/2023\/03\/straw-mat-65-x-6-cm-7a84548faffb431990cb0cb404ba8088-45a7d568-300x300.jpg 300w, https:\/\/kingarms.ee\/wp-content\/uploads\/2023\/03\/straw-mat-65-x-6-cm-7a84548faffb431990cb0cb404ba8088-45a7d568-150x150.jpg 150w, https:\/\/kingarms.ee\/wp-content\/uploads\/2023\/03\/straw-mat-65-x-6-cm-7a84548faffb431990cb0cb404ba8088-45a7d568-768x768.jpg 768w, https:\/\/kingarms.ee\/wp-content\/uploads\/2023\/03\/straw-mat-65-x-6-cm-7a84548faffb431990cb0cb404ba8088-45a7d568-500x500.jpg 500w\" sizes=\"auto, (max-width: 900px) 100vw, 900px\" \/><\/p>\n","protected":false},"excerpt":{"rendered":"<p>Pintas \u0161iaud\u0173 kilim\u0117lis lankui 80h8cm<\/p>\n<p>\u0160audymas i\u0161 lanko kilim\u0117lis 80 cm auk\u0161tos kokyb\u0117s rugi\u0173 \u0161iaud\u0173 ir tanki\u0173 audini\u0173, nes puikiai sugauna plaukiojan\u010dias rodykles. Medinis \u0161audymo i\u0161 lanko kilim\u0117lio pagrindas, prisukamas var\u017etais ir sparn\u0173 ver\u017el\u0117mis. Dizainas leid\u017eia stabiliai nustatyti net nelygiame ar nuo\u017eulniame reljefe. Ilgis 145 cm, galima reguliuoti   <\/p>\n","protected":false},"featured_media":127545,"template":"","meta":{"_acf_changed":false},"product_brand":[],"product_cat":[1155],"product_tag":[],"class_list":{"0":"post-150300","1":"product","2":"type-product","3":"status-publish","4":"has-post-thumbnail","6":"product_cat-priedai","8":"first","9":"instock","10":"taxable","11":"shipping-taxable","12":"purchasable","13":"product-type-simple"},"acf":[],"_links":{"self":[{"href":"https:\/\/kingarms.ee\/lt\/wp-json\/wp\/v2\/product\/150300","targetHints":{"allow":["GET"]}}],"collection":[{"href":"https:\/\/kingarms.ee\/lt\/wp-json\/wp\/v2\/product"}],"about":[{"href":"https:\/\/kingarms.ee\/lt\/wp-json\/wp\/v2\/types\/product"}],"wp:featuredmedia":[{"embeddable":true,"href":"https:\/\/kingarms.ee\/lt\/wp-json\/wp\/v2\/media\/127545"}],"wp:attachment":[{"href":"https:\/\/kingarms.ee\/lt\/wp-json\/wp\/v2\/media?parent=150300"}],"wp:term":[{"taxonomy":"product_brand","embeddable":true,"href":"https:\/\/kingarms.ee\/lt\/wp-json\/wp\/v2\/product_brand?post=150300"},{"taxonomy":"product_cat","embeddable":true,"href":"https:\/\/kingarms.ee\/lt\/wp-json\/wp\/v2\/product_cat?post=150300"},{"taxonomy":"product_tag","embeddable":true,"href":"https:\/\/kingarms.ee\/lt\/wp-json\/wp\/v2\/product_tag?post=150300"}],"curies":[{"name":"wp","href":"https:\/\/api.w.org\/{rel}","templated":true}]}}