{"id":150304,"date":"2023-03-03T17:40:04","date_gmt":"2023-03-03T14:40:04","guid":{"rendered":"https:\/\/kingarms.ee\/product\/nxg-sautuvo-rodykles-36-vnt\/"},"modified":"2025-05-27T12:40:32","modified_gmt":"2025-05-27T09:40:32","slug":"nxg-sautuvo-rodykles-36-vnt","status":"publish","type":"product","link":"https:\/\/kingarms.ee\/lt\/product\/nxg-sautuvo-rodykles-36-vnt\/","title":{"rendered":"NXG \u0161autuvo rodykl\u0117s 36 vnt."},"content":{"rendered":"<p><img loading=\"lazy\" decoding=\"async\" class=\"alignnone size-full wp-image-75610\" src=\"https:\/\/kingarms.ee\/wp-content\/uploads\/2023\/03\/5.jpg\" alt=\"\" width=\"900\" height=\"900\" srcset=\"https:\/\/kingarms.ee\/wp-content\/uploads\/2023\/03\/5.jpg 900w, https:\/\/kingarms.ee\/wp-content\/uploads\/2023\/03\/5-300x300.jpg 300w, https:\/\/kingarms.ee\/wp-content\/uploads\/2023\/03\/5-150x150.jpg 150w, https:\/\/kingarms.ee\/wp-content\/uploads\/2023\/03\/5-768x768.jpg 768w, https:\/\/kingarms.ee\/wp-content\/uploads\/2023\/03\/5-500x500.jpg 500w\" sizes=\"auto, (max-width: 900px) 100vw, 900px\" \/><\/p>\n","protected":false},"excerpt":{"rendered":"<p>NXG \u0161autuvo rodykl\u0117s 36 vnt.<\/p>\n<p>Umarekso mu\u0161amieji str\u0117l\u0117s<br \/>\nRodykl\u0117s yra modulin\u0117s konstrukcijos, susidedan\u010dios i\u0161 metalin\u0117s str\u0117l\u0117s antgalio ir polimerin\u0117s apykakl\u0117s, kuri naudojama str\u0117lei pasodinti ir rodyklei stabilizuoti po \u0161audymo. Str\u0117li\u0173 montavimas yra paprastas ir reikalauja tik str\u0117l\u0117s antgalio \u012fki\u0161imo \u012f polimero pagrind\u0105. Sparn\u0173 skersmuo yra gerai suderintas su mu\u0161am\u0173j\u0173 ginkl\u0173 trosu.  <\/p>\n<p>Rodykl\u0117s yra \u012fvairiaspalv\u0117s (m\u0117lyna, \u017ealia, geltona ir ro\u017ein\u0117), tod\u0117l var\u017eydamiesi su draugais galime lengvai perskaityti var\u017eyb\u0173 rezultatus. Taip pat praleidus, d\u0117l kontrasting\u0173 spalv\u0173 str\u0117les lengviau rasti tarp augmenijos. <\/p>\n","protected":false},"featured_media":131972,"template":"","meta":{"_acf_changed":false},"product_brand":[],"product_cat":[1136],"product_tag":[],"class_list":{"0":"post-150304","1":"product","2":"type-product","3":"status-publish","4":"has-post-thumbnail","6":"product_cat-putimas","8":"first","9":"instock","10":"taxable","11":"shipping-taxable","12":"purchasable","13":"product-type-simple"},"acf":[],"_links":{"self":[{"href":"https:\/\/kingarms.ee\/lt\/wp-json\/wp\/v2\/product\/150304","targetHints":{"allow":["GET"]}}],"collection":[{"href":"https:\/\/kingarms.ee\/lt\/wp-json\/wp\/v2\/product"}],"about":[{"href":"https:\/\/kingarms.ee\/lt\/wp-json\/wp\/v2\/types\/product"}],"wp:featuredmedia":[{"embeddable":true,"href":"https:\/\/kingarms.ee\/lt\/wp-json\/wp\/v2\/media\/131972"}],"wp:attachment":[{"href":"https:\/\/kingarms.ee\/lt\/wp-json\/wp\/v2\/media?parent=150304"}],"wp:term":[{"taxonomy":"product_brand","embeddable":true,"href":"https:\/\/kingarms.ee\/lt\/wp-json\/wp\/v2\/product_brand?post=150304"},{"taxonomy":"product_cat","embeddable":true,"href":"https:\/\/kingarms.ee\/lt\/wp-json\/wp\/v2\/product_cat?post=150304"},{"taxonomy":"product_tag","embeddable":true,"href":"https:\/\/kingarms.ee\/lt\/wp-json\/wp\/v2\/product_tag?post=150304"}],"curies":[{"name":"wp","href":"https:\/\/api.w.org\/{rel}","templated":true}]}}