{"id":150310,"date":"2023-03-03T17:20:35","date_gmt":"2025-05-27T09:49:33","guid":{"rendered":"https:\/\/kingarms.ee\/product\/nxg-backstroke-30\/"},"modified":"2025-05-27T12:49:33","modified_gmt":"2025-05-27T09:49:33","slug":"nxg-backstroke-30","status":"publish","type":"product","link":"https:\/\/kingarms.ee\/lt\/product\/nxg-backstroke-30\/","title":{"rendered":"NXG Backstroke 30"},"content":{"rendered":"<p><img loading=\"lazy\" decoding=\"async\" class=\"alignnone size-full wp-image-75583\" src=\"https:\/\/kingarms.ee\/wp-content\/uploads\/2023\/03\/2.jpg\" alt=\"\" width=\"900\" height=\"900\" srcset=\"https:\/\/kingarms.ee\/wp-content\/uploads\/2023\/03\/2.jpg 900w, https:\/\/kingarms.ee\/wp-content\/uploads\/2023\/03\/2-300x300.jpg 300w, https:\/\/kingarms.ee\/wp-content\/uploads\/2023\/03\/2-150x150.jpg 150w, https:\/\/kingarms.ee\/wp-content\/uploads\/2023\/03\/2-768x768.jpg 768w, https:\/\/kingarms.ee\/wp-content\/uploads\/2023\/03\/2-500x500.jpg 500w\" sizes=\"auto, (max-width: 900px) 100vw, 900px\" \/><\/p>\n","protected":false},"excerpt":{"rendered":"<p>NXG Backstroke 30<\/p>\n<p>Orap\u016bt\u0117s pistoletas 40 &#8221; yra 76 cm ilgio vientisas orap\u016bt\u0117s pistoletas su suspaudimo snukiu, gumuota ne\u0161iojimo rankena ir lanko laikikliu, kad b\u016bt\u0173 lengva nusitaikyti.<\/p>\n<p>P\u016bstuvai (\u0161autuvai) yra paprasti oro ginklai, kuriuos primityvios Azijos, Afrikos ir Piet\u0173 Amerikos tautos naudoja pauk\u0161\u010diams ir ma\u017eiems gyv\u016bnams med\u017eioti. \u0160iuolaikiniai \u0161autuvai, skirtingai nei tradiciniai Med\u017eiokliniai ginklai, daugiausia skirti laisvalaikiui ir \u017eaidimams lauke. <\/p>\n<p>Pripu\u010diama sporto \u012franga Kolba lauko parduotuv\u0117je<br \/>\n30 &#8221; turi lengv\u0105 konstrukcij\u0105, pagamint\u0105 i\u0161 aliuminio ir polimero. 76 cm ilgio p\u016bstuvo pistoletas turi k\u016bgin\u012f suspaud\u017eiam\u0105 snuk\u012f, kad b\u016bt\u0173 lengva \u012fpur\u0161kti or\u0105, gumuot\u0105 ranken\u0105, sparno laikikl\u012f ir ties\u0173 lank\u0105, kad gal\u0117tume lengviau nusitaikyti \u012f taikinius u\u017e keli\u0173 metr\u0173. V\u0117jo \u0161autuvo \u0161audymo nuotolis ir tikslumas priklauso nuo individualaus pasirengimo ir treniruo\u010di\u0173, kurias skiriame \u0161iam \u012fg\u016bd\u017eiui tobulinti. Paprastai dauguma vartotoj\u0173 jau po poros treniruo\u010di\u0173 gali pataikyti \u012f taikin\u012f u\u017e 5-7 metr\u0173. Rinkin\u012f sudaro 10 str\u0117li\u0173 su a\u0161triu taikiniu str\u0117l\u0117s antgaliu.    <\/p>\n<p>Kaip \u0161audyti mu\u0161amuoju ginklu?<br \/>\nPirmasis \u017eingsnis yra \u012fd\u0117ti rodykl\u0119 nuo snukio. Pasirink\u0119 taikin\u012f, paspauskite burnos galiuk\u0105 ir, stipriai p\u016bsdami, meskite rodykl\u0119 link taikinio. Imant or\u0105 \u012f plau\u010dius, reikia pasir\u016bpinti, kad juosta ne\u012fsiurbt\u0173 \u012f burn\u0105, nes tai gali sukelti u\u017edusimo pavoj\u0173.  <\/p>\n<p>Pastabos vartotojams<br \/>\nNiekada nesitaikykite ir Ne\u0161audykite ta kryptimi, kur yra \u017emoni\u0173 ir gyv\u016bn\u0173.<br \/>\nNaudojant p\u016bstuvo pistolet\u0105, rekomenduojama d\u0117v\u0117ti akinius.<br \/>\nAtminkite, kad \u0161audymas ant kieto pavir\u0161iaus gali sukelti pavojing\u0105 riko\u0161et\u0105 (nekontroliuojamas rodykl\u0117s skrydis)<br \/>\nNors p\u016bstuvo pistoletas nelaikomas ginklu, vartotojas yra atsakingas u\u017e saugos taisykli\u0173, \u012fstatym\u0173 ir sveiko proto laikym\u0105si. Tod\u0117l prie\u0161 \u0161audant patartina pasirinkti saugi\u0105 viet\u0105, kurioje n\u0117ra \u017emoni\u0173 ar gyv\u016bn\u0173. <\/p>\n<p>&nbsp;<\/p>\n","protected":false},"featured_media":127530,"template":"","meta":{"_acf_changed":false},"product_brand":[],"product_cat":[1136],"product_tag":[],"class_list":{"0":"post-150310","1":"product","2":"type-product","3":"status-publish","4":"has-post-thumbnail","6":"product_cat-putimas","8":"first","9":"instock","10":"taxable","11":"shipping-taxable","12":"purchasable","13":"product-type-simple"},"acf":[],"_links":{"self":[{"href":"https:\/\/kingarms.ee\/lt\/wp-json\/wp\/v2\/product\/150310","targetHints":{"allow":["GET"]}}],"collection":[{"href":"https:\/\/kingarms.ee\/lt\/wp-json\/wp\/v2\/product"}],"about":[{"href":"https:\/\/kingarms.ee\/lt\/wp-json\/wp\/v2\/types\/product"}],"wp:featuredmedia":[{"embeddable":true,"href":"https:\/\/kingarms.ee\/lt\/wp-json\/wp\/v2\/media\/127530"}],"wp:attachment":[{"href":"https:\/\/kingarms.ee\/lt\/wp-json\/wp\/v2\/media?parent=150310"}],"wp:term":[{"taxonomy":"product_brand","embeddable":true,"href":"https:\/\/kingarms.ee\/lt\/wp-json\/wp\/v2\/product_brand?post=150310"},{"taxonomy":"product_cat","embeddable":true,"href":"https:\/\/kingarms.ee\/lt\/wp-json\/wp\/v2\/product_cat?post=150310"},{"taxonomy":"product_tag","embeddable":true,"href":"https:\/\/kingarms.ee\/lt\/wp-json\/wp\/v2\/product_tag?post=150310"}],"curies":[{"name":"wp","href":"https:\/\/api.w.org\/{rel}","templated":true}]}}