{"id":150316,"date":"2023-02-20T19:04:34","date_gmt":"2025-05-27T10:01:09","guid":{"rendered":"https:\/\/kingarms.ee\/product\/alg-15-pistoleto-tvirtinimo-laikiklis-feniksas\/"},"modified":"2025-05-27T13:01:09","modified_gmt":"2025-05-27T10:01:09","slug":"alg-15-pistoleto-tvirtinimo-laikiklis-feniksas","status":"publish","type":"product","link":"https:\/\/kingarms.ee\/lt\/product\/alg-15-pistoleto-tvirtinimo-laikiklis-feniksas\/","title":{"rendered":"ALG-15 pistoleto Tvirtinimo laikiklis (Feniksas)"},"content":{"rendered":"<p><img loading=\"lazy\" decoding=\"async\" class=\"alignnone size-full wp-image-74931\" src=\"https:\/\/kingarms.ee\/wp-content\/uploads\/2023\/02\/alg15.jpg\" alt=\"\" width=\"850\" height=\"850\" srcset=\"https:\/\/kingarms.ee\/wp-content\/uploads\/2023\/02\/alg15.jpg 850w, https:\/\/kingarms.ee\/wp-content\/uploads\/2023\/02\/alg15-300x300.jpg 300w, https:\/\/kingarms.ee\/wp-content\/uploads\/2023\/02\/alg15-150x150.jpg 150w, https:\/\/kingarms.ee\/wp-content\/uploads\/2023\/02\/alg15-768x768.jpg 768w, https:\/\/kingarms.ee\/wp-content\/uploads\/2023\/02\/alg15-500x500.jpg 500w\" sizes=\"auto, (max-width: 850px) 100vw, 850px\" \/><\/p>\n","protected":false},"excerpt":{"rendered":"<p>ALG-15 pistoleto Tvirtinimo laikiklis (Feniksas)<\/p>\n<p>Feniksas ALG-15 yra taktinis Tvirtinimo laikiklis, skirtas \u017eibintuv\u0117liams montuoti ant \u0161aunam\u0173j\u0173 ginkl\u0173. Montavimas be \u012franki\u0173 ant Picatinny (Mil-Std-1913) b\u0117gi\u0173. Tinka \u017eibintuv\u0117liams, kuri\u0173 korpuso skersmuo yra 22,5&#8230;26mm ir lempos galvut\u0117s skersmuo iki 40mm. Pagaminta i\u0161 auk\u0161tos kokyb\u0117s anoduoto aliuminio lydinio. Vidinis tvirtinimo laikiklio pavir\u0161ius yra padengtas guminiu amortizatoriumi. Montavimo laikiklio gabarito matmenys yra 75h31h30mm, svoris yra 38,6 g.<\/p>\n","protected":false},"featured_media":127418,"template":"","meta":{"_acf_changed":false},"product_brand":[],"product_cat":[1207],"product_tag":[],"class_list":{"0":"post-150316","1":"product","2":"type-product","3":"status-publish","4":"has-post-thumbnail","6":"product_cat-rankenos-ziedai-dirzai","8":"first","9":"instock","10":"taxable","11":"shipping-taxable","12":"purchasable","13":"product-type-simple"},"acf":[],"_links":{"self":[{"href":"https:\/\/kingarms.ee\/lt\/wp-json\/wp\/v2\/product\/150316","targetHints":{"allow":["GET"]}}],"collection":[{"href":"https:\/\/kingarms.ee\/lt\/wp-json\/wp\/v2\/product"}],"about":[{"href":"https:\/\/kingarms.ee\/lt\/wp-json\/wp\/v2\/types\/product"}],"wp:featuredmedia":[{"embeddable":true,"href":"https:\/\/kingarms.ee\/lt\/wp-json\/wp\/v2\/media\/127418"}],"wp:attachment":[{"href":"https:\/\/kingarms.ee\/lt\/wp-json\/wp\/v2\/media?parent=150316"}],"wp:term":[{"taxonomy":"product_brand","embeddable":true,"href":"https:\/\/kingarms.ee\/lt\/wp-json\/wp\/v2\/product_brand?post=150316"},{"taxonomy":"product_cat","embeddable":true,"href":"https:\/\/kingarms.ee\/lt\/wp-json\/wp\/v2\/product_cat?post=150316"},{"taxonomy":"product_tag","embeddable":true,"href":"https:\/\/kingarms.ee\/lt\/wp-json\/wp\/v2\/product_tag?post=150316"}],"curies":[{"name":"wp","href":"https:\/\/api.w.org\/{rel}","templated":true}]}}