{"id":150323,"date":"2023-02-10T16:15:03","date_gmt":"2025-05-27T10:11:30","guid":{"rendered":"https:\/\/kingarms.ee\/product\/mb-gerai-derinimo-dalys\/"},"modified":"2025-05-27T13:11:30","modified_gmt":"2025-05-27T10:11:30","slug":"mb-gerai-derinimo-dalys","status":"publish","type":"product","link":"https:\/\/kingarms.ee\/lt\/product\/mb-gerai-derinimo-dalys\/","title":{"rendered":"MB gerai derinimo dalys"},"content":{"rendered":"<p><img loading=\"lazy\" decoding=\"async\" class=\"alignnone size-full wp-image-74550\" src=\"https:\/\/kingarms.ee\/wp-content\/uploads\/2023\/02\/eng_pm_MB-WELL-tuning-parts-1152207653_1.webp\" alt=\"\" width=\"800\" height=\"533\" srcset=\"https:\/\/kingarms.ee\/wp-content\/uploads\/2023\/02\/eng_pm_MB-WELL-tuning-parts-1152207653_1.webp 800w, https:\/\/kingarms.ee\/wp-content\/uploads\/2023\/02\/eng_pm_MB-WELL-tuning-parts-1152207653_1-300x200.webp 300w, https:\/\/kingarms.ee\/wp-content\/uploads\/2023\/02\/eng_pm_MB-WELL-tuning-parts-1152207653_1-768x512.webp 768w, https:\/\/kingarms.ee\/wp-content\/uploads\/2023\/02\/eng_pm_MB-WELL-tuning-parts-1152207653_1-500x333.webp 500w, https:\/\/kingarms.ee\/wp-content\/uploads\/2023\/02\/eng_pm_MB-WELL-tuning-parts-1152207653_1-150x100.webp 150w\" sizes=\"auto, (max-width: 800px) 100vw, 800px\" \/><\/p>\n","protected":false},"excerpt":{"rendered":"<p><strong>Dalyvi\u0173 dalys<\/strong><\/p>\n<p>Tuning Kit MB01, MB05, SW01, SW04 ir SW10 serijos snaiperio \u0161autuv\u0173 kopijos. Komplekt\u0105 sudaro stovyklaviet\u0117je pritvirtintas pagrindin\u0117s j\u0117gos \u012ftaisas, kintama spyruokl\u0117 ir u\u017edarytas st\u016bmoklis. Auk\u0161ta naudojam\u0173 med\u017eiag\u0173 kokyb\u0117 u\u017etikrina ger\u0105 sistemos na\u0161um\u0105 ir ilgaam\u017ei\u0161kum\u0105. Priklausomai nuo sistemos tankio, \u012fmanoma iki ~ 500 kadr\u0173 per sekund\u0119.   <\/p>\n","protected":false},"featured_media":127274,"template":"","meta":{"_acf_changed":false},"product_brand":[],"product_cat":[1273],"product_tag":[],"class_list":{"0":"post-150323","1":"product","2":"type-product","3":"status-publish","4":"has-post-thumbnail","6":"product_cat-atsargines-dalys","8":"first","9":"instock","10":"taxable","11":"shipping-taxable","12":"purchasable","13":"product-type-simple"},"acf":[],"_links":{"self":[{"href":"https:\/\/kingarms.ee\/lt\/wp-json\/wp\/v2\/product\/150323","targetHints":{"allow":["GET"]}}],"collection":[{"href":"https:\/\/kingarms.ee\/lt\/wp-json\/wp\/v2\/product"}],"about":[{"href":"https:\/\/kingarms.ee\/lt\/wp-json\/wp\/v2\/types\/product"}],"wp:featuredmedia":[{"embeddable":true,"href":"https:\/\/kingarms.ee\/lt\/wp-json\/wp\/v2\/media\/127274"}],"wp:attachment":[{"href":"https:\/\/kingarms.ee\/lt\/wp-json\/wp\/v2\/media?parent=150323"}],"wp:term":[{"taxonomy":"product_brand","embeddable":true,"href":"https:\/\/kingarms.ee\/lt\/wp-json\/wp\/v2\/product_brand?post=150323"},{"taxonomy":"product_cat","embeddable":true,"href":"https:\/\/kingarms.ee\/lt\/wp-json\/wp\/v2\/product_cat?post=150323"},{"taxonomy":"product_tag","embeddable":true,"href":"https:\/\/kingarms.ee\/lt\/wp-json\/wp\/v2\/product_tag?post=150323"}],"curies":[{"name":"wp","href":"https:\/\/api.w.org\/{rel}","templated":true}]}}