{"id":150359,"date":"2024-06-28T15:37:00","date_gmt":"2025-06-06T12:12:53","guid":{"rendered":"https:\/\/kingarms.ee\/product\/enginstar-nesiojama-elektrine-120-is-100-vatu\/"},"modified":"2025-06-06T15:12:53","modified_gmt":"2025-06-06T12:12:53","slug":"enginstar-nesiojama-elektrine-120-is-100-vatu","status":"publish","type":"product","link":"https:\/\/kingarms.ee\/lt\/product\/enginstar-nesiojama-elektrine-120-is-100-vatu\/","title":{"rendered":"Enginstar ne\u0161iojama elektrin\u0117 120 i\u0161 100 vat\u0173"},"content":{"rendered":"","protected":false},"excerpt":{"rendered":"<h2>Enginstar Ne\u0161iojama Elektrin\u0117 120 vat\u0173 100 vat\u0173 saul\u0117s generatorius su 110 V Kintamosios srov\u0117s maitinimo lizdu ne\u0161iojamas li\u010dio akumuliatoriaus maitinimo bankas avariniam nam\u0173 lauko kempingui RV<\/h2>\n<p>&nbsp;<\/p>\n<p>Apie \u0161\u012f element\u0105<br \/>\nLengva ne\u0161iotis: ne\u0161iojamas 8.7h6. 7h3. 2 coliai, sveria tik 3,2 svaro, ta\u010diau yra suprojektuotas su 120 vat\u0173 galia ir 100 vat\u0173 galia. Enginstar ne\u0161iojama elektrin\u0117 gali tiekti pakankamai sul\u010di\u0173, kad \u012fkraut\u0173 j\u016bs\u0173 telefonus, ne\u0161iojam\u0105j\u012f kompiuter\u012f, fotoaparat\u0105, dron\u0105 ir kt. Sukurtas su 6 i\u0161vesties prievadais, kurie vienu metu gali \u012fkrauti kelis \u012frenginius, tod\u0117l tai idealus avarinis maitinimo blokas su kintamosios srov\u0117s maitinimo lizdu, lauko RV ir \u017eygi\u0173 rezervo akumuliatori\u0173 banku.<br \/>\nUniversalus maitinimo \u0161altinis: \u012frengtas 1 110 V \/ 100 V Kintamosios srov\u0117s maitinimo lizdas saul\u0117s generatoriui (saul\u0117s kolektorius nepridedamas), kad j\u016bs\u0173 \u012frenginiai (pvz., ne\u0161iojamas kompiuteris) gal\u0117t\u0173 efektyviau ir stabiliau maitinti. 1 * nuolatin\u0117s srov\u0117s i\u0161\u0117jimas (maks.9V-12,6 V\/10a) gali u\u017etikrinti stabili\u0105 nuolatin\u0117s srov\u0117s \u012frangos, tokios kaip mini \u0161aldytuvas ar automobili\u0173 dulki\u0173 siurblys, i\u0161\u0117jimo gali\u0105. Greitas \u012fkroviklis su 4 kart\u0173 USB prievadu greitai \u012fkraus j\u016bs\u0173 mobil\u0173j\u012f telefon\u0105 ir plan\u0161etin\u012f kompiuter\u012f.<br \/>\nAtnaujinta versija: Enginstar atnaujintas elektros generatorius, pastatytas su ry\u0161kiu LED ap\u0161vietimu, puikiai tinka avarin\u0117ms, naktin\u0117ms ir avarin\u0117ms situacijoms. Atnaujinta apsaugos sistema nuo perkrovos, perpildymo, vir\u0161\u012ftampio, perkrovos ir klaid\u0173 pavojaus signal\u0173, kad b\u016bt\u0173 u\u017etikrintas saugesnis naudojimas.<br \/>\n3 \u012fkrovimo b\u016bdai: 1) Saul\u0117s generatori\u0173 galima \u012fkrauti bet kokiu suderinamu 13-23 V OCV saul\u0117s kolektoriumi (nepridedama). 2) ne\u0161iojam\u0105 generatori\u0173 galima \u012fkrauti prijungus j\u012f prie sieninio lizdo. 3) RV atsargin\u012f akumuliatori\u0173 galima \u012fkrauti i\u0161 automobilio lizdo. Kai maksimali \u012fkrovimo \u012fvestis yra 30 vat\u0173, j\u0105 galima visi\u0161kai \u012fkrauti per kelias valandas.<br \/>\nK\u0105 gausite: 1 * 120 ne\u0161iojam\u0173 elektrini\u0173, 1 * kintamosios srov\u0117s maitinimo adapteris, 12V automobilio \u012fkrovimo kabelis , 1 * cigare\u010di\u0173 \u017eiebtuv\u0117lis, 1 * vartotojo vadovas         <\/p>\n<p>&nbsp;<\/p>\n<div class=\"a-row\">\n<div class=\"a-column a-span6\">\n<h1 class=\"a-size-medium a-spacing-small\">techniniai<\/h1>\n<\/div>\n<\/div>\n<div class=\"a-expander-content a-expander-extend-content\" data-expanded=\"true\">\n<div class=\"a-row a-expander-container a-expander-inline-container\">\n<div class=\"a-expander-content a-expander-section-content a-section-expander-inner\" data-expanded=\"true\">\n<table id=\"productDetails_techSpec_section_1\" class=\"a-keyvalue prodDetTable\" role=\"presentation\">\n<tbody>\n<tr>\n<th class=\"a-color-secondary a-size-base prodDetSectionEntry\">Zhenklas<\/th>\n<td class=\"a-size-base prodDetAttrValue\">EnginStar<\/td>\n<\/tr>\n<tr>\n<th class=\"a-color-secondary a-size-base prodDetSectionEntry\">Wattage<\/th>\n<td class=\"a-size-base prodDetAttrValue\">\u200e120 Watt-hours<\/td>\n<\/tr>\n<tr>\n<th class=\"a-color-secondary a-size-base prodDetSectionEntry\">Kuro Tipas<\/th>\n<td class=\"a-size-base prodDetAttrValue\">elektra<\/td>\n<\/tr>\n<tr>\n<th class=\"a-color-secondary a-size-base prodDetSectionEntry\">Power Source<\/th>\n<td class=\"a-size-base prodDetAttrValue\">\u200e110v,Battery Powered,Corded Electric<\/td>\n<\/tr>\n<tr>\n<th class=\"a-color-secondary a-size-base prodDetSectionEntry\">Recommended Uses For Product<\/th>\n<td class=\"a-size-base prodDetAttrValue\">\u200eResidential, Camping<\/td>\n<\/tr>\n<tr>\n<th class=\"a-color-secondary a-size-base prodDetSectionEntry\">Item Weight<\/th>\n<td class=\"a-size-base prodDetAttrValue\">\u200e3.2 Pounds<\/td>\n<\/tr>\n<tr>\n<th class=\"a-color-secondary a-size-base prodDetSectionEntry\">Voltage<\/th>\n<td class=\"a-size-base prodDetAttrValue\">\u200e110 Volts<\/td>\n<\/tr>\n<tr>\n<th class=\"a-color-secondary a-size-base prodDetSectionEntry\">Output Wattage<\/th>\n<td class=\"a-size-base prodDetAttrValue\">\u200e100 Watts<\/td>\n<\/tr>\n<tr>\n<th class=\"a-color-secondary a-size-base prodDetSectionEntry\">ypatumas<\/th>\n<td class=\"a-size-base prodDetAttrValue\">Elektrinis, Ne\u0161iojamas<\/td>\n<\/tr>\n<tr>\n<th class=\"a-color-secondary a-size-base prodDetSectionEntry\">Included Components<\/th>\n<td class=\"a-size-base prodDetAttrValue\">\u200eAC adapter, Charging Cable<\/td>\n<\/tr>\n<tr>\n<th class=\"a-color-secondary a-size-base prodDetSectionEntry\">Product Dimensions<\/th>\n<td class=\"a-size-base prodDetAttrValue\">\u200e7.9&#8243;L x 3.1&#8243;W x 6.5&#8243;H<\/td>\n<\/tr>\n<tr>\n<th class=\"a-color-secondary a-size-base prodDetSectionEntry\">Model Name<\/th>\n<td class=\"a-size-base prodDetAttrValue\">\u200eHP200S<\/td>\n<\/tr>\n<tr>\n<th class=\"a-color-secondary a-size-base prodDetSectionEntry\">Engine Type<\/th>\n<td class=\"a-size-base prodDetAttrValue\">\u200e4 Stroke<\/td>\n<\/tr>\n<tr>\n<th class=\"a-color-secondary a-size-base prodDetSectionEntry\">Ignition System Type<\/th>\n<td class=\"a-size-base prodDetAttrValue\">\u200eelectric<\/td>\n<\/tr>\n<tr>\n<th class=\"a-color-secondary a-size-base prodDetSectionEntry\">Runtime<\/th>\n<td class=\"a-size-base prodDetAttrValue\">\u200e5 hours<\/td>\n<\/tr>\n<tr>\n<th class=\"a-color-secondary a-size-base prodDetSectionEntry\">Frequency<\/th>\n<td class=\"a-size-base prodDetAttrValue\">\u200e60 Hz<\/td>\n<\/tr>\n<tr>\n<th class=\"a-color-secondary a-size-base prodDetSectionEntry\">Starting Wattage<\/th>\n<td class=\"a-size-base prodDetAttrValue\">\u200e100 Watts<\/td>\n<\/tr>\n<tr>\n<th class=\"a-color-secondary a-size-base prodDetSectionEntry\">Running Wattage<\/th>\n<td class=\"a-size-base prodDetAttrValue\">\u200e100 Watts<\/td>\n<\/tr>\n<tr>\n<th class=\"a-color-secondary a-size-base prodDetSectionEntry\">UPC<\/th>\n<td class=\"a-size-base prodDetAttrValue\">\u200e645716648513<\/td>\n<\/tr>\n<tr>\n<th class=\"a-color-secondary a-size-base prodDetSectionEntry\">Manufacturer<\/th>\n<td class=\"a-size-base prodDetAttrValue\">\u200eHengke Energy(GuangDong) Co., Ltd<\/td>\n<\/tr>\n<tr>\n<th class=\"a-color-secondary a-size-base prodDetSectionEntry\">Part Number<\/th>\n<td class=\"a-size-base prodDetAttrValue\">\u200eHP200S<\/td>\n<\/tr>\n<tr>\n<th class=\"a-color-secondary a-size-base prodDetSectionEntry\">Item Weight<\/th>\n<td class=\"a-size-base prodDetAttrValue\">\u200e3.2 pounds<\/td>\n<\/tr>\n<tr>\n<th class=\"a-color-secondary a-size-base prodDetSectionEntry\">Item model number<\/th>\n<td class=\"a-size-base prodDetAttrValue\">\u200eHP200S<\/td>\n<\/tr>\n<tr>\n<th class=\"a-color-secondary a-size-base prodDetSectionEntry\">Batteries<\/th>\n<td class=\"a-size-base prodDetAttrValue\">\u200e1 Lithium Ion batteries required. (included) <\/td>\n<\/tr>\n<tr>\n<th class=\"a-color-secondary a-size-base prodDetSectionEntry\">Size<\/th>\n<td class=\"a-size-base prodDetAttrValue\">\u200e120Wh<\/td>\n<\/tr>\n<tr>\n<th class=\"a-color-secondary a-size-base prodDetSectionEntry\">Special Features<\/th>\n<td class=\"a-size-base prodDetAttrValue\">\u200eElectric,Portable<\/td>\n<\/tr>\n<tr>\n<th class=\"a-color-secondary a-size-base prodDetSectionEntry\">Batteries Included?<\/th>\n<td class=\"a-size-base prodDetAttrValue\">\u200eYes<\/td>\n<\/tr>\n<tr>\n<th class=\"a-color-secondary a-size-base prodDetSectionEntry\">Batteries Required?<\/th>\n<td class=\"a-size-base prodDetAttrValue\">\u200eYes<\/td>\n<\/tr>\n<tr>\n<th class=\"a-color-secondary a-size-base prodDetSectionEntry\">Battery Cell Type<\/th>\n<td class=\"a-size-base prodDetAttrValue\">\u200eLithium Ion<\/td>\n<\/tr>\n<tr>\n<th class=\"a-color-secondary a-size-base prodDetSectionEntry\">Battery Capacity<\/th>\n<td class=\"a-size-base prodDetAttrValue\">\u200e32000 Milliamp Hours<\/td>\n<\/tr>\n<tr>\n<th class=\"a-color-secondary a-size-base prodDetSectionEntry\">Warranty Description<\/th>\n<td class=\"a-size-base prodDetAttrValue\">\u200eOne Year Warranty<\/td>\n<\/tr>\n<\/tbody>\n<\/table>\n<\/div>\n<\/div>\n<\/div>\n","protected":false},"featured_media":135606,"template":"","meta":{"_acf_changed":false},"product_brand":[],"product_cat":[1264],"product_tag":[],"class_list":{"0":"post-150359","1":"product","2":"type-product","3":"status-publish","4":"has-post-thumbnail","6":"product_cat-galios-bankas","8":"first","9":"instock","10":"taxable","11":"shipping-taxable","12":"purchasable","13":"product-type-simple"},"acf":[],"_links":{"self":[{"href":"https:\/\/kingarms.ee\/lt\/wp-json\/wp\/v2\/product\/150359","targetHints":{"allow":["GET"]}}],"collection":[{"href":"https:\/\/kingarms.ee\/lt\/wp-json\/wp\/v2\/product"}],"about":[{"href":"https:\/\/kingarms.ee\/lt\/wp-json\/wp\/v2\/types\/product"}],"wp:featuredmedia":[{"embeddable":true,"href":"https:\/\/kingarms.ee\/lt\/wp-json\/wp\/v2\/media\/135606"}],"wp:attachment":[{"href":"https:\/\/kingarms.ee\/lt\/wp-json\/wp\/v2\/media?parent=150359"}],"wp:term":[{"taxonomy":"product_brand","embeddable":true,"href":"https:\/\/kingarms.ee\/lt\/wp-json\/wp\/v2\/product_brand?post=150359"},{"taxonomy":"product_cat","embeddable":true,"href":"https:\/\/kingarms.ee\/lt\/wp-json\/wp\/v2\/product_cat?post=150359"},{"taxonomy":"product_tag","embeddable":true,"href":"https:\/\/kingarms.ee\/lt\/wp-json\/wp\/v2\/product_tag?post=150359"}],"curies":[{"name":"wp","href":"https:\/\/api.w.org\/{rel}","templated":true}]}}