{"id":150361,"date":"2023-12-05T18:47:26","date_gmt":"2025-06-06T12:15:17","guid":{"rendered":"https:\/\/kingarms.ee\/product\/irasu-turetojas-smelio-spalvos-emersongear\/"},"modified":"2025-06-06T15:15:17","modified_gmt":"2025-06-06T12:15:17","slug":"irasu-turetojas-smelio-spalvos-emersongear","status":"publish","type":"product","link":"https:\/\/kingarms.ee\/lt\/product\/irasu-turetojas-smelio-spalvos-emersongear\/","title":{"rendered":"\u012era\u0161\u0173 Tur\u0117tojas-Sm\u0117lio Spalvos (EmersonGear)"},"content":{"rendered":"<p><img loading=\"lazy\" decoding=\"async\" class=\"alignnone size-full wp-image-85606\" src=\"https:\/\/kingarms.ee\/wp-content\/uploads\/2023\/12\/emersongear-tactical-vest-420-plate-carrier-coyote-brown-em7362cb.jpeg\" alt=\"\" width=\"600\" height=\"600\" srcset=\"https:\/\/kingarms.ee\/wp-content\/uploads\/2023\/12\/emersongear-tactical-vest-420-plate-carrier-coyote-brown-em7362cb.jpeg 600w, https:\/\/kingarms.ee\/wp-content\/uploads\/2023\/12\/emersongear-tactical-vest-420-plate-carrier-coyote-brown-em7362cb-300x300.jpeg 300w, https:\/\/kingarms.ee\/wp-content\/uploads\/2023\/12\/emersongear-tactical-vest-420-plate-carrier-coyote-brown-em7362cb-150x150.jpeg 150w, https:\/\/kingarms.ee\/wp-content\/uploads\/2023\/12\/emersongear-tactical-vest-420-plate-carrier-coyote-brown-em7362cb-500x500.jpeg 500w\" sizes=\"auto, (max-width: 600px) 100vw, 600px\" \/><\/p>\n","protected":false},"excerpt":{"rendered":"<p>\u012era\u0161\u0173 Tur\u0117tojas-Sm\u0117lio Spalvos (EmersonGear)<\/p>\n<p>Taktilin\u0117 liemen\u0117<br \/>\nCordura 500D<br \/>\nMolle sistema gale ir abiejose pus\u0117se<br \/>\nNuimamas trigubas d\u0117klo krep\u0161ys su virvele ir papildoma molle sistema<br \/>\nPriekinis krep\u0161ys su bunkeriu ir kablio kilpos skydeliu<br \/>\nTinka puol\u0117jo lyt\u0117jimo plok\u0161t\u0117ms<br \/>\nSpalva kojotas ruda<\/p>\n","protected":false},"featured_media":131346,"template":"","meta":{"_acf_changed":false},"product_brand":[],"product_cat":[1235],"product_tag":[],"class_list":{"0":"post-150361","1":"product","2":"type-product","3":"status-publish","4":"has-post-thumbnail","6":"product_cat-liemeneles-ir-dirzai","8":"first","9":"instock","10":"taxable","11":"shipping-taxable","12":"purchasable","13":"product-type-simple"},"acf":[],"_links":{"self":[{"href":"https:\/\/kingarms.ee\/lt\/wp-json\/wp\/v2\/product\/150361","targetHints":{"allow":["GET"]}}],"collection":[{"href":"https:\/\/kingarms.ee\/lt\/wp-json\/wp\/v2\/product"}],"about":[{"href":"https:\/\/kingarms.ee\/lt\/wp-json\/wp\/v2\/types\/product"}],"wp:featuredmedia":[{"embeddable":true,"href":"https:\/\/kingarms.ee\/lt\/wp-json\/wp\/v2\/media\/131346"}],"wp:attachment":[{"href":"https:\/\/kingarms.ee\/lt\/wp-json\/wp\/v2\/media?parent=150361"}],"wp:term":[{"taxonomy":"product_brand","embeddable":true,"href":"https:\/\/kingarms.ee\/lt\/wp-json\/wp\/v2\/product_brand?post=150361"},{"taxonomy":"product_cat","embeddable":true,"href":"https:\/\/kingarms.ee\/lt\/wp-json\/wp\/v2\/product_cat?post=150361"},{"taxonomy":"product_tag","embeddable":true,"href":"https:\/\/kingarms.ee\/lt\/wp-json\/wp\/v2\/product_tag?post=150361"}],"curies":[{"name":"wp","href":"https:\/\/api.w.org\/{rel}","templated":true}]}}