{"id":150365,"date":"2023-11-18T13:37:47","date_gmt":"2025-06-06T12:22:37","guid":{"rendered":"https:\/\/kingarms.ee\/product\/smugis-tr17\/"},"modified":"2025-06-06T15:22:37","modified_gmt":"2025-06-06T12:22:37","slug":"smugis-tr17","status":"publish","type":"product","link":"https:\/\/kingarms.ee\/lt\/product\/smugis-tr17\/","title":{"rendered":"Sm\u016bgis TR17"},"content":{"rendered":"<p><img loading=\"lazy\" decoding=\"async\" class=\"alignnone size-full wp-image-83382\" src=\"https:\/\/kingarms.ee\/wp-content\/uploads\/2023\/11\/BLOW-TR17-B-scaled.jpg\" alt=\"\" width=\"2560\" height=\"1746\" srcset=\"https:\/\/kingarms.ee\/wp-content\/uploads\/2023\/11\/BLOW-TR17-B-scaled.jpg 2560w, https:\/\/kingarms.ee\/wp-content\/uploads\/2023\/11\/BLOW-TR17-B-300x205.jpg 300w, https:\/\/kingarms.ee\/wp-content\/uploads\/2023\/11\/BLOW-TR17-B-1024x698.jpg 1024w, https:\/\/kingarms.ee\/wp-content\/uploads\/2023\/11\/BLOW-TR17-B-768x524.jpg 768w, https:\/\/kingarms.ee\/wp-content\/uploads\/2023\/11\/BLOW-TR17-B-1536x1047.jpg 1536w, https:\/\/kingarms.ee\/wp-content\/uploads\/2023\/11\/BLOW-TR17-B-2048x1397.jpg 2048w, https:\/\/kingarms.ee\/wp-content\/uploads\/2023\/11\/BLOW-TR17-B-500x341.jpg 500w, https:\/\/kingarms.ee\/wp-content\/uploads\/2023\/11\/BLOW-TR17-B-150x102.jpg 150w\" sizes=\"auto, (max-width: 2560px) 100vw, 2560px\" \/><\/p>\n","protected":false},"excerpt":{"rendered":"<p>Pradinis Pydstol sm\u016bgis TR17 yra autenti\u0161ka Glock 17 pistoleto kopija. Visos Starterio dalys veikia kaip \u0161aunamasis ginklas, \u0161\u016bvio garsas prilygsta \u0161aunamojo ginklo \u0161\u016bvio garsui. Pistoletas supakuotas \u012f plastikin\u012f ne\u0161iojimo d\u0117kl\u0105.  <\/p>\n<ul>\n<li>Kalibras: 9 mm<\/li>\n<li>\u0160audmenys: 9 mm P. A. K. kaset\u0117s<\/li>\n<li>Ilgis: 191 mm<\/li>\n<li>Auk\u0161tis: 140 mm<\/li>\n<li>Plotis: 33 mm<\/li>\n<li>Svoris: 900 g<\/li>\n<li>D\u0117klo talpa: 17 raund\u0173<\/li>\n<li>J\u016bs negalite \u0161audyti fejerverk\u0173 ir raket\u0173 su paleidimo pistoletu<\/li>\n<\/ul>\n","protected":false},"featured_media":152706,"template":"","meta":{"_acf_changed":false},"product_brand":[],"product_cat":[1148],"product_tag":[],"class_list":{"0":"post-150365","1":"product","2":"type-product","3":"status-publish","4":"has-post-thumbnail","6":"product_cat-pradedantys-pistoletai","8":"first","9":"instock","10":"taxable","11":"shipping-taxable","12":"purchasable","13":"product-type-simple"},"acf":[],"_links":{"self":[{"href":"https:\/\/kingarms.ee\/lt\/wp-json\/wp\/v2\/product\/150365","targetHints":{"allow":["GET"]}}],"collection":[{"href":"https:\/\/kingarms.ee\/lt\/wp-json\/wp\/v2\/product"}],"about":[{"href":"https:\/\/kingarms.ee\/lt\/wp-json\/wp\/v2\/types\/product"}],"wp:featuredmedia":[{"embeddable":true,"href":"https:\/\/kingarms.ee\/lt\/wp-json\/wp\/v2\/media\/152706"}],"wp:attachment":[{"href":"https:\/\/kingarms.ee\/lt\/wp-json\/wp\/v2\/media?parent=150365"}],"wp:term":[{"taxonomy":"product_brand","embeddable":true,"href":"https:\/\/kingarms.ee\/lt\/wp-json\/wp\/v2\/product_brand?post=150365"},{"taxonomy":"product_cat","embeddable":true,"href":"https:\/\/kingarms.ee\/lt\/wp-json\/wp\/v2\/product_cat?post=150365"},{"taxonomy":"product_tag","embeddable":true,"href":"https:\/\/kingarms.ee\/lt\/wp-json\/wp\/v2\/product_tag?post=150365"}],"curies":[{"name":"wp","href":"https:\/\/api.w.org\/{rel}","templated":true}]}}