{"id":150367,"date":"2023-08-30T19:22:56","date_gmt":"2023-08-30T16:22:56","guid":{"rendered":"https:\/\/kingarms.ee\/product\/pcp-optima-hatsan-at44-10\/"},"modified":"2025-06-06T15:31:10","modified_gmt":"2025-06-06T12:31:10","slug":"pcp-optima-hatsan-at44-10","status":"publish","type":"product","link":"https:\/\/kingarms.ee\/lt\/product\/pcp-optima-hatsan-at44-10\/","title":{"rendered":"\u201ePCP Optima\u201c Hatsan AT44-10"},"content":{"rendered":"<p><img loading=\"lazy\" decoding=\"async\" class=\"alignnone size-medium wp-image-80424\" src=\"https:\/\/kingarms.ee\/wp-content\/uploads\/2023\/08\/wiatrowka-pcp-optima-by-hatsan-at44-10-long-4-5-mm-e1b913cb50f24fd4a49a36a487741ed7-f152ff3e-300x300.jpg\" alt=\"\" width=\"300\" height=\"300\" srcset=\"https:\/\/kingarms.ee\/wp-content\/uploads\/2023\/08\/wiatrowka-pcp-optima-by-hatsan-at44-10-long-4-5-mm-e1b913cb50f24fd4a49a36a487741ed7-f152ff3e-300x300.jpg 300w, https:\/\/kingarms.ee\/wp-content\/uploads\/2023\/08\/wiatrowka-pcp-optima-by-hatsan-at44-10-long-4-5-mm-e1b913cb50f24fd4a49a36a487741ed7-f152ff3e-150x150.jpg 150w, https:\/\/kingarms.ee\/wp-content\/uploads\/2023\/08\/wiatrowka-pcp-optima-by-hatsan-at44-10-long-4-5-mm-e1b913cb50f24fd4a49a36a487741ed7-f152ff3e-768x768.jpg 768w, https:\/\/kingarms.ee\/wp-content\/uploads\/2023\/08\/wiatrowka-pcp-optima-by-hatsan-at44-10-long-4-5-mm-e1b913cb50f24fd4a49a36a487741ed7-f152ff3e-500x500.jpg 500w, https:\/\/kingarms.ee\/wp-content\/uploads\/2023\/08\/wiatrowka-pcp-optima-by-hatsan-at44-10-long-4-5-mm-e1b913cb50f24fd4a49a36a487741ed7-f152ff3e.jpg 900w\" sizes=\"auto, (max-width: 300px) 100vw, 300px\" \/><\/p>\n","protected":false},"excerpt":{"rendered":"<p>\u201ePCP Optima\u201c Hatsan AT44-10<\/p>\n<p>Populiarus pcp karabinas su puikiomis derinimo galimyb\u0117mis<br \/>\noro \u0161autuvas \u0161audo standartin\u0117mis 4,5 mm kulkomis<br \/>\nkei\u010diamas plieninis oro cilindras, kurio talpa 180 cc<br \/>\nergonomi\u0161ka polimerinio pistoleto rankena<br \/>\nsimetri\u0161ka kaba de\u0161iniarankiams ir kairiarankiams \u0161auliams<br \/>\ntekst\u016bruotos plok\u0161t\u0117s ant lub\u0173 kra\u0161to, kad pagerint\u0173 karabino sukibim\u0105<br \/>\nmink\u0161tas reguliuojamo auk\u0161\u010dio skruostas<br \/>\nreguliuojamo auk\u0161\u010dio gumin\u0117 pe\u010di\u0173 atrama<br \/>\naliuminio b\u0117gelis 11\/22 mm optinio taikiklio montavimui<br \/>\nperkrovimas su dviej\u0173 bar\u0173 \u0161onin\u0117s svirties svirtimi<br \/>\nUber &#8221; UNF srieginis vamzdis Duslintuvo montavimui<br \/>\nPicatinny b\u0117giai, skirti tvirtinti estakad\u0105<br \/>\n2 pakop\u0173 keturra\u010dio paleidimo mechanizmas, kur\u012f galima reguliuoti trimis diapazonais<br \/>\nAnti-nock sistema-kaitse lasu eest\u2082hkrelva kukkumise korral<br \/>\nAnti-Dukart granuli\u0173 pa\u0161ar\u0173 mehhanizmas-takistab rohkem kui\u2082he pelleti laadimist padrunipessa<br \/>\nrankin\u0117 ir automatin\u0117 apsauga r\u0117mo gale<br \/>\n\u012etraukti 2 10 \u0161\u016bvi\u0173 tepalai<br \/>\ntvirtinimo detal\u0117s, skirtos pritvirtinti ne\u0161iojimo dir\u017eel\u012f<br \/>\nstilingas paauksuotas Gaidukas<\/p>\n<p>Kalibras-4,5 mm<br \/>\npradinis kulkos greitis-355 m \/ s<br \/>\nEnergija &#8211; 36 D\u017eauliai<br \/>\nIlgis &#8211; 1085 mm.<br \/>\nVamzd\u017eio ilgis-580 mm.<br \/>\nSvoris &#8211; 3,7 kg<br \/>\nOro cilindro darbinis t\u016bris-230cc<br \/>\nU\u017epildymo sl\u0117gis-200 BAR<br \/>\nD\u0117klo talpa-10<br \/>\nKadr\u0173 per u\u017epildyti-80<\/p>\n","protected":false},"featured_media":129745,"template":"","meta":{"_acf_changed":false},"product_brand":[],"product_cat":[1146],"product_tag":[],"class_list":{"0":"post-150367","1":"product","2":"type-product","3":"status-publish","4":"has-post-thumbnail","6":"product_cat-pcp-hpa-lt","8":"first","9":"instock","10":"sale","11":"taxable","12":"shipping-taxable","13":"purchasable","14":"product-type-simple"},"acf":[],"_links":{"self":[{"href":"https:\/\/kingarms.ee\/lt\/wp-json\/wp\/v2\/product\/150367","targetHints":{"allow":["GET"]}}],"collection":[{"href":"https:\/\/kingarms.ee\/lt\/wp-json\/wp\/v2\/product"}],"about":[{"href":"https:\/\/kingarms.ee\/lt\/wp-json\/wp\/v2\/types\/product"}],"wp:featuredmedia":[{"embeddable":true,"href":"https:\/\/kingarms.ee\/lt\/wp-json\/wp\/v2\/media\/129745"}],"wp:attachment":[{"href":"https:\/\/kingarms.ee\/lt\/wp-json\/wp\/v2\/media?parent=150367"}],"wp:term":[{"taxonomy":"product_brand","embeddable":true,"href":"https:\/\/kingarms.ee\/lt\/wp-json\/wp\/v2\/product_brand?post=150367"},{"taxonomy":"product_cat","embeddable":true,"href":"https:\/\/kingarms.ee\/lt\/wp-json\/wp\/v2\/product_cat?post=150367"},{"taxonomy":"product_tag","embeddable":true,"href":"https:\/\/kingarms.ee\/lt\/wp-json\/wp\/v2\/product_tag?post=150367"}],"curies":[{"name":"wp","href":"https:\/\/api.w.org\/{rel}","templated":true}]}}