{"id":150373,"date":"2023-07-07T12:43:49","date_gmt":"2025-06-06T12:39:04","guid":{"rendered":"https:\/\/kingarms.ee\/product\/colt-python\/"},"modified":"2025-06-06T15:39:04","modified_gmt":"2025-06-06T12:39:04","slug":"colt-python","status":"publish","type":"product","link":"https:\/\/kingarms.ee\/lt\/product\/colt-python\/","title":{"rendered":"Colt Python"},"content":{"rendered":"<p><img loading=\"lazy\" decoding=\"async\" class=\"alignnone size-full wp-image-79862\" src=\"https:\/\/kingarms.ee\/wp-content\/uploads\/2023\/07\/colt-python-4-5-mm-wind-revolver-6eeebc9ffb23428bb144eab886c3a30e-36fd21c2.jpg\" alt=\"\" width=\"900\" height=\"900\" srcset=\"https:\/\/kingarms.ee\/wp-content\/uploads\/2023\/07\/colt-python-4-5-mm-wind-revolver-6eeebc9ffb23428bb144eab886c3a30e-36fd21c2.jpg 900w, https:\/\/kingarms.ee\/wp-content\/uploads\/2023\/07\/colt-python-4-5-mm-wind-revolver-6eeebc9ffb23428bb144eab886c3a30e-36fd21c2-300x300.jpg 300w, https:\/\/kingarms.ee\/wp-content\/uploads\/2023\/07\/colt-python-4-5-mm-wind-revolver-6eeebc9ffb23428bb144eab886c3a30e-36fd21c2-150x150.jpg 150w, https:\/\/kingarms.ee\/wp-content\/uploads\/2023\/07\/colt-python-4-5-mm-wind-revolver-6eeebc9ffb23428bb144eab886c3a30e-36fd21c2-768x768.jpg 768w, https:\/\/kingarms.ee\/wp-content\/uploads\/2023\/07\/colt-python-4-5-mm-wind-revolver-6eeebc9ffb23428bb144eab886c3a30e-36fd21c2-500x500.jpg 500w\" sizes=\"auto, (max-width: 900px) 100vw, 900px\" \/><\/p>\n","protected":false},"excerpt":{"rendered":"<p>Colt Python 2,5 colio 4,5 mm BB CO2 yra ikoni\u0161kas .Pneumatin\u0117 357 Magnum revolverio kopija, varoma CO2 kapsule ir \u0161audanti diabolo ir BB \u0161\u016bviais.<\/p>\n<p>Kalibras [mm] 4.5 mm<br \/>\nPradinis greitis [m \/ s]. 115\/100<br \/>\nKulkos kinetin\u0117 energija [J]. ma\u017eiau nei 3<br \/>\nD\u0117klo t\u016bris [vnt] 10<br \/>\nTrigerio tipas DA \/ SA (dvigubas veiksmas \/ vienas veiksmas)<br \/>\nKulkos tipas:<br \/>\nBB,<br \/>\ndiabolo  <\/p>\n","protected":false},"featured_media":129558,"template":"","meta":{"_acf_changed":false},"product_brand":[],"product_cat":[1143],"product_tag":[],"class_list":{"0":"post-150373","1":"product","2":"type-product","3":"status-publish","4":"has-post-thumbnail","6":"product_cat-rankinis-ginklas","8":"first","9":"onbackorder","10":"taxable","11":"shipping-taxable","12":"product-type-simple"},"acf":[],"_links":{"self":[{"href":"https:\/\/kingarms.ee\/lt\/wp-json\/wp\/v2\/product\/150373","targetHints":{"allow":["GET"]}}],"collection":[{"href":"https:\/\/kingarms.ee\/lt\/wp-json\/wp\/v2\/product"}],"about":[{"href":"https:\/\/kingarms.ee\/lt\/wp-json\/wp\/v2\/types\/product"}],"wp:featuredmedia":[{"embeddable":true,"href":"https:\/\/kingarms.ee\/lt\/wp-json\/wp\/v2\/media\/129558"}],"wp:attachment":[{"href":"https:\/\/kingarms.ee\/lt\/wp-json\/wp\/v2\/media?parent=150373"}],"wp:term":[{"taxonomy":"product_brand","embeddable":true,"href":"https:\/\/kingarms.ee\/lt\/wp-json\/wp\/v2\/product_brand?post=150373"},{"taxonomy":"product_cat","embeddable":true,"href":"https:\/\/kingarms.ee\/lt\/wp-json\/wp\/v2\/product_cat?post=150373"},{"taxonomy":"product_tag","embeddable":true,"href":"https:\/\/kingarms.ee\/lt\/wp-json\/wp\/v2\/product_tag?post=150373"}],"curies":[{"name":"wp","href":"https:\/\/api.w.org\/{rel}","templated":true}]}}