{"id":150374,"date":"2023-07-07T12:38:12","date_gmt":"2025-06-06T12:40:13","guid":{"rendered":"https:\/\/kingarms.ee\/product\/umarex-sa10\/"},"modified":"2025-06-06T15:40:13","modified_gmt":"2025-06-06T12:40:13","slug":"umarex-sa10","status":"publish","type":"product","link":"https:\/\/kingarms.ee\/lt\/product\/umarex-sa10\/","title":{"rendered":"\u201eUmarex SA10\u201c"},"content":{"rendered":"<p><img loading=\"lazy\" decoding=\"async\" class=\"alignnone size-full wp-image-79842\" src=\"https:\/\/kingarms.ee\/wp-content\/uploads\/2023\/07\/umarex-sa10-4-5-mm-air-pistol-3d821daee5d048c48dbba30a15f5c964-b3984efd.jpg\" alt=\"\" width=\"900\" height=\"900\" srcset=\"https:\/\/kingarms.ee\/wp-content\/uploads\/2023\/07\/umarex-sa10-4-5-mm-air-pistol-3d821daee5d048c48dbba30a15f5c964-b3984efd.jpg 900w, https:\/\/kingarms.ee\/wp-content\/uploads\/2023\/07\/umarex-sa10-4-5-mm-air-pistol-3d821daee5d048c48dbba30a15f5c964-b3984efd-300x300.jpg 300w, https:\/\/kingarms.ee\/wp-content\/uploads\/2023\/07\/umarex-sa10-4-5-mm-air-pistol-3d821daee5d048c48dbba30a15f5c964-b3984efd-150x150.jpg 150w, https:\/\/kingarms.ee\/wp-content\/uploads\/2023\/07\/umarex-sa10-4-5-mm-air-pistol-3d821daee5d048c48dbba30a15f5c964-b3984efd-768x768.jpg 768w, https:\/\/kingarms.ee\/wp-content\/uploads\/2023\/07\/umarex-sa10-4-5-mm-air-pistol-3d821daee5d048c48dbba30a15f5c964-b3984efd-500x500.jpg 500w\" sizes=\"auto, (max-width: 900px) 100vw, 900px\" \/><\/p>\n","protected":false},"excerpt":{"rendered":"<p>Umareksas SA10 Diabolo CO2 su 4,5 mm atatranka yra modernus v\u0117jo pistoletas su atatrankos sistema, kuri \u0161audo dviej\u0173 tip\u0173 \u0161\u016bviais. Oro \u0161autuvas Umareks SA10 pritaikytas tiek standartiniams 4,5 mm diabolo \u0161\u016bviams, tiek 4,5 mm plieniniams BB \u0161\u016bviams. Visa tai d\u0117ka naujovi\u0161ko d\u0117klo, kuriame telpa 4 d\u0117klo b\u016bgnai (\u012eskaitant 3 atsargines kasetes), kuri\u0173 kiekvienoje telpa 8 kamuoliukai. I\u0161\u0161ovus \u0161\u016bv\u012f i\u0161 pirmojo b\u016bgno, tereikia i\u0161imti d\u0117kl\u0105 ir sumontuoti antr\u0105 b\u016bgn\u0105 su anks\u010diau \u012fkrautu \u0161\u016bviu. Toks funkcionalumas rei\u0161kia, kad kiekvien\u0105 kart\u0105 ginkle galime ne\u0161ti iki 32 kulk\u0173, tiek dinami\u0161ko, tiek tikslaus \u0161audymo.    <\/p>\n<p>Kalibras [mm] 4.5 mm<br \/>\nPradinis greitis [m \/ s]. 130<br \/>\nD\u0117klo t\u016bris [vnt] 8<br \/>\nMontavimo b\u0117gi\u0173 skai\u010dius 1<br \/>\nDiegimo parinktis:<br \/>\nlazerinis taikiklis,<br \/>\n\u017eibintuv\u0117lis <\/p>\n","protected":false},"featured_media":129542,"template":"","meta":{"_acf_changed":false},"product_brand":[],"product_cat":[1143],"product_tag":[],"class_list":{"0":"post-150374","1":"product","2":"type-product","3":"status-publish","4":"has-post-thumbnail","6":"product_cat-rankinis-ginklas","8":"first","9":"onbackorder","10":"sale","11":"taxable","12":"shipping-taxable","13":"product-type-simple"},"acf":[],"_links":{"self":[{"href":"https:\/\/kingarms.ee\/lt\/wp-json\/wp\/v2\/product\/150374","targetHints":{"allow":["GET"]}}],"collection":[{"href":"https:\/\/kingarms.ee\/lt\/wp-json\/wp\/v2\/product"}],"about":[{"href":"https:\/\/kingarms.ee\/lt\/wp-json\/wp\/v2\/types\/product"}],"wp:featuredmedia":[{"embeddable":true,"href":"https:\/\/kingarms.ee\/lt\/wp-json\/wp\/v2\/media\/129542"}],"wp:attachment":[{"href":"https:\/\/kingarms.ee\/lt\/wp-json\/wp\/v2\/media?parent=150374"}],"wp:term":[{"taxonomy":"product_brand","embeddable":true,"href":"https:\/\/kingarms.ee\/lt\/wp-json\/wp\/v2\/product_brand?post=150374"},{"taxonomy":"product_cat","embeddable":true,"href":"https:\/\/kingarms.ee\/lt\/wp-json\/wp\/v2\/product_cat?post=150374"},{"taxonomy":"product_tag","embeddable":true,"href":"https:\/\/kingarms.ee\/lt\/wp-json\/wp\/v2\/product_tag?post=150374"}],"curies":[{"name":"wp","href":"https:\/\/api.w.org\/{rel}","templated":true}]}}