{"id":150375,"date":"2023-07-07T12:32:07","date_gmt":"2023-07-07T09:32:07","guid":{"rendered":"https:\/\/kingarms.ee\/product\/ruger-mark-iv-sidabrinis-vejas\/"},"modified":"2025-06-06T15:41:41","modified_gmt":"2025-06-06T12:41:41","slug":"ruger-mark-iv-sidabrinis-vejas","status":"publish","type":"product","link":"https:\/\/kingarms.ee\/lt\/product\/ruger-mark-iv-sidabrinis-vejas\/","title":{"rendered":"Ruger Mark IV Sidabrinis v\u0117jas"},"content":{"rendered":"<p><img loading=\"lazy\" decoding=\"async\" class=\"alignnone size-full wp-image-79825\" src=\"https:\/\/kingarms.ee\/wp-content\/uploads\/2023\/07\/ruger-mark-iv-4-5mm-silver-wind-gun-60ebc16610dd4bdeb04fb4e6631af48c-2e4db895.jpg\" alt=\"\" width=\"900\" height=\"900\" srcset=\"https:\/\/kingarms.ee\/wp-content\/uploads\/2023\/07\/ruger-mark-iv-4-5mm-silver-wind-gun-60ebc16610dd4bdeb04fb4e6631af48c-2e4db895.jpg 900w, https:\/\/kingarms.ee\/wp-content\/uploads\/2023\/07\/ruger-mark-iv-4-5mm-silver-wind-gun-60ebc16610dd4bdeb04fb4e6631af48c-2e4db895-300x300.jpg 300w, https:\/\/kingarms.ee\/wp-content\/uploads\/2023\/07\/ruger-mark-iv-4-5mm-silver-wind-gun-60ebc16610dd4bdeb04fb4e6631af48c-2e4db895-150x150.jpg 150w, https:\/\/kingarms.ee\/wp-content\/uploads\/2023\/07\/ruger-mark-iv-4-5mm-silver-wind-gun-60ebc16610dd4bdeb04fb4e6631af48c-2e4db895-768x768.jpg 768w, https:\/\/kingarms.ee\/wp-content\/uploads\/2023\/07\/ruger-mark-iv-4-5mm-silver-wind-gun-60ebc16610dd4bdeb04fb4e6631af48c-2e4db895-500x500.jpg 500w\" sizes=\"auto, (max-width: 900px) 100vw, 900px\" \/><\/p>\n","protected":false},"excerpt":{"rendered":"<p>Ruger Mark IV Sidabrinis v\u0117jas yra spyruoklinis pneumatinis \u0161autuvas, sukurtas po populiaraus \u0161oninio \u0161audymo pistoleto, kuris savo populiarum\u0105 lemia i\u0161skirtin\u0117 ergonomika ir tikslumas. Pistoletas turi sidabrin\u0119 apdail\u0105. <\/p>\n<p>Kalibras [mm] 4.5 mm<br \/>\nPradinis greitis [m \/ s]. 94<br \/>\nKulkos kinetin\u0117 energija [J]. iki 3<br \/>\nD\u0117klo t\u016bris [vnt] 1<br \/>\nbullet Tipo diabol  <\/p>\n","protected":false},"featured_media":129530,"template":"","meta":{"_acf_changed":false},"product_brand":[],"product_cat":[1143],"product_tag":[],"class_list":{"0":"post-150375","1":"product","2":"type-product","3":"status-publish","4":"has-post-thumbnail","6":"product_cat-rankinis-ginklas","8":"first","9":"instock","10":"taxable","11":"shipping-taxable","12":"purchasable","13":"product-type-simple"},"acf":[],"_links":{"self":[{"href":"https:\/\/kingarms.ee\/lt\/wp-json\/wp\/v2\/product\/150375","targetHints":{"allow":["GET"]}}],"collection":[{"href":"https:\/\/kingarms.ee\/lt\/wp-json\/wp\/v2\/product"}],"about":[{"href":"https:\/\/kingarms.ee\/lt\/wp-json\/wp\/v2\/types\/product"}],"wp:featuredmedia":[{"embeddable":true,"href":"https:\/\/kingarms.ee\/lt\/wp-json\/wp\/v2\/media\/129530"}],"wp:attachment":[{"href":"https:\/\/kingarms.ee\/lt\/wp-json\/wp\/v2\/media?parent=150375"}],"wp:term":[{"taxonomy":"product_brand","embeddable":true,"href":"https:\/\/kingarms.ee\/lt\/wp-json\/wp\/v2\/product_brand?post=150375"},{"taxonomy":"product_cat","embeddable":true,"href":"https:\/\/kingarms.ee\/lt\/wp-json\/wp\/v2\/product_cat?post=150375"},{"taxonomy":"product_tag","embeddable":true,"href":"https:\/\/kingarms.ee\/lt\/wp-json\/wp\/v2\/product_tag?post=150375"}],"curies":[{"name":"wp","href":"https:\/\/api.w.org\/{rel}","templated":true}]}}