{"id":150377,"date":"2023-07-05T19:16:27","date_gmt":"2023-07-05T16:16:27","guid":{"rendered":"https:\/\/kingarms.ee\/product\/pradekite-pistoleta-pm\/"},"modified":"2025-06-06T15:43:41","modified_gmt":"2025-06-06T12:43:41","slug":"pradekite-pistoleta-pm","status":"publish","type":"product","link":"https:\/\/kingarms.ee\/lt\/product\/pradekite-pistoleta-pm\/","title":{"rendered":"Prad\u0117kite pistolet\u0105 PM"},"content":{"rendered":"<p><img loading=\"lazy\" decoding=\"async\" class=\"alignnone size-full wp-image-79782\" src=\"https:\/\/kingarms.ee\/wp-content\/uploads\/2023\/07\/2893c4e5-fdec-11ec-b770-00155d8ed203_fbb9bb1c-0120-11ed-b770-00155d8ed203.jpg\" alt=\"\" width=\"720\" height=\"588\" srcset=\"https:\/\/kingarms.ee\/wp-content\/uploads\/2023\/07\/2893c4e5-fdec-11ec-b770-00155d8ed203_fbb9bb1c-0120-11ed-b770-00155d8ed203.jpg 720w, https:\/\/kingarms.ee\/wp-content\/uploads\/2023\/07\/2893c4e5-fdec-11ec-b770-00155d8ed203_fbb9bb1c-0120-11ed-b770-00155d8ed203-300x245.jpg 300w, https:\/\/kingarms.ee\/wp-content\/uploads\/2023\/07\/2893c4e5-fdec-11ec-b770-00155d8ed203_fbb9bb1c-0120-11ed-b770-00155d8ed203-500x408.jpg 500w, https:\/\/kingarms.ee\/wp-content\/uploads\/2023\/07\/2893c4e5-fdec-11ec-b770-00155d8ed203_fbb9bb1c-0120-11ed-b770-00155d8ed203-150x123.jpg 150w\" sizes=\"auto, (max-width: 720px) 100vw, 720px\" \/><\/p>\n","protected":false},"excerpt":{"rendered":"<div>Prad\u0117kite pistolet\u0105 PM<\/div>\n<div><\/div>\n<div>Kalibras: 9 mm P.A.K<br \/>\nD\u0117klo t\u016bris: 6+1<br \/>\nSauga: \u0161audymo kai\u0161\u010dio sauga<br \/>\nIlgis: 160 mm<br \/>\nAuk\u0161tis: 120 mm<br \/>\nSvoris: 805 g<br \/>\nTrigeris: dvigubas veiksmas<br \/>\nSistema: pusiau automatinis<\/div>\n<div><\/div>\n<div>Mudel n\u00e4eb v\u00e4lja nagu kuulus Makarovi p\u00fcstol. Mudelil on sarnased m\u00f5\u00f5tmed ja kaal nagu on tulirelval. <\/div>\n<div>Raam on valmistatud kergsulamist ning toru on valmistatud tsingi, alumiiniumi ja vase sulamist.<\/div>\n<div><\/div>\n","protected":false},"featured_media":152526,"template":"","meta":{"_acf_changed":false},"product_brand":[],"product_cat":[1148],"product_tag":[],"class_list":{"0":"post-150377","1":"product","2":"type-product","3":"status-publish","4":"has-post-thumbnail","6":"product_cat-pradedantys-pistoletai","8":"first","9":"instock","10":"taxable","11":"shipping-taxable","12":"purchasable","13":"product-type-simple"},"acf":[],"_links":{"self":[{"href":"https:\/\/kingarms.ee\/lt\/wp-json\/wp\/v2\/product\/150377","targetHints":{"allow":["GET"]}}],"collection":[{"href":"https:\/\/kingarms.ee\/lt\/wp-json\/wp\/v2\/product"}],"about":[{"href":"https:\/\/kingarms.ee\/lt\/wp-json\/wp\/v2\/types\/product"}],"wp:featuredmedia":[{"embeddable":true,"href":"https:\/\/kingarms.ee\/lt\/wp-json\/wp\/v2\/media\/152526"}],"wp:attachment":[{"href":"https:\/\/kingarms.ee\/lt\/wp-json\/wp\/v2\/media?parent=150377"}],"wp:term":[{"taxonomy":"product_brand","embeddable":true,"href":"https:\/\/kingarms.ee\/lt\/wp-json\/wp\/v2\/product_brand?post=150377"},{"taxonomy":"product_cat","embeddable":true,"href":"https:\/\/kingarms.ee\/lt\/wp-json\/wp\/v2\/product_cat?post=150377"},{"taxonomy":"product_tag","embeddable":true,"href":"https:\/\/kingarms.ee\/lt\/wp-json\/wp\/v2\/product_tag?post=150377"}],"curies":[{"name":"wp","href":"https:\/\/api.w.org\/{rel}","templated":true}]}}