{"id":150385,"date":"2023-07-02T14:53:06","date_gmt":"2025-06-06T12:54:02","guid":{"rendered":"https:\/\/kingarms.ee\/product\/duona-50g-arpol\/"},"modified":"2025-06-06T15:54:02","modified_gmt":"2025-06-06T12:54:02","slug":"duona-50g-arpol","status":"publish","type":"product","link":"https:\/\/kingarms.ee\/lt\/product\/duona-50g-arpol\/","title":{"rendered":"Duona 50G (Arpol)"},"content":{"rendered":"<p><img loading=\"lazy\" decoding=\"async\" class=\"alignnone size-full wp-image-79651\" src=\"https:\/\/kingarms.ee\/wp-content\/uploads\/2023\/07\/arpol-pumpernickel-bread-50g-1ed714014c8f4f22a712f4591e42f287-e03da3eb.jpg\" alt=\"\" width=\"628\" height=\"471\" srcset=\"https:\/\/kingarms.ee\/wp-content\/uploads\/2023\/07\/arpol-pumpernickel-bread-50g-1ed714014c8f4f22a712f4591e42f287-e03da3eb.jpg 628w, https:\/\/kingarms.ee\/wp-content\/uploads\/2023\/07\/arpol-pumpernickel-bread-50g-1ed714014c8f4f22a712f4591e42f287-e03da3eb-300x225.jpg 300w, https:\/\/kingarms.ee\/wp-content\/uploads\/2023\/07\/arpol-pumpernickel-bread-50g-1ed714014c8f4f22a712f4591e42f287-e03da3eb-600x450.jpg 600w, https:\/\/kingarms.ee\/wp-content\/uploads\/2023\/07\/arpol-pumpernickel-bread-50g-1ed714014c8f4f22a712f4591e42f287-e03da3eb-500x375.jpg 500w, https:\/\/kingarms.ee\/wp-content\/uploads\/2023\/07\/arpol-pumpernickel-bread-50g-1ed714014c8f4f22a712f4591e42f287-e03da3eb-150x113.jpg 150w\" sizes=\"auto, (max-width: 628px) 100vw, 628px\" \/><\/p>\n","protected":false},"excerpt":{"rendered":"<p>Duona 50G (Arpol)<\/p>\n<p>Arpol pumpernickel duona 50 g yra tamsi viso gr\u016bdo duona, kurioje gausu skaidul\u0173 ir ma\u017eai kalorij\u0173. Jiems b\u016bdingas ilgas galiojimo laikas. <\/p>\n<p>Arpol pumpernickel duona 50 g-sveikas maistas idealiai tinka stovyklavimui<br \/>\nD\u0117l vitamin\u0173 PP, B ir E bei didelio skaidul\u0173 kiekio pumpernickel yra sveikas ir maistingas. Be kit\u0173 dalyk\u0173, jis turi teigiam\u0105 poveik\u012f vir\u0161kinimo sistemai. \u0160ios r\u016b\u0161ies duona paprastai rekomenduojama \u017emon\u0117ms, besilaikantiems suma\u017eintos dietos.<br \/>\nD\u0117l hermeti\u0161kos pakuot\u0117s, apsaugan\u010dios j\u0105 nuo u\u017eter\u0161imo, duon\u0105 galima saugiai pasiimti su savimi \u012f kemping\u0105, kemping\u0105, keliones su bushcraft ar \u0161eimos kepsnin\u0119.  <\/p>\n<p>Arpopl pumpernickel taip pat tur\u0117t\u0173 sudominti gamintojus \u2013 folijos sandariklis u\u017etikrina, kad duona nesu\u0161lapt\u0173 ir ilg\u0105 laik\u0105 i\u0161laikyt\u0173 savo skon\u012f. D\u0117l to jis gali papildyti kriz\u0117s diet\u0105. <\/p>\n<p>Arpol pumpernickel duona 50 g-sud\u0117tis.<br \/>\nPumpernickel buvo gaminamas naudojant ruginius miltus (41,5%), kvietinius miltus, viso gr\u016bdo ruginius miltus (5%), augalinius riebalus, kepimo mieles, mie\u017ei\u0173 salyklo ekstrakt\u0105, bulvi\u0173 dribsnius, drusk\u0105 ir sojos miltus. Duonoje yra gyv\u0173 laktobacil\u0173 kult\u016br\u0173. <\/p>\n","protected":false},"featured_media":129430,"template":"","meta":{"_acf_changed":false},"product_brand":[],"product_cat":[1272],"product_tag":[],"class_list":{"0":"post-150385","1":"product","2":"type-product","3":"status-publish","4":"has-post-thumbnail","6":"product_cat-taktine-maisto-pakuote","8":"first","9":"instock","10":"taxable","11":"shipping-taxable","12":"purchasable","13":"product-type-simple"},"acf":[],"_links":{"self":[{"href":"https:\/\/kingarms.ee\/lt\/wp-json\/wp\/v2\/product\/150385","targetHints":{"allow":["GET"]}}],"collection":[{"href":"https:\/\/kingarms.ee\/lt\/wp-json\/wp\/v2\/product"}],"about":[{"href":"https:\/\/kingarms.ee\/lt\/wp-json\/wp\/v2\/types\/product"}],"wp:featuredmedia":[{"embeddable":true,"href":"https:\/\/kingarms.ee\/lt\/wp-json\/wp\/v2\/media\/129430"}],"wp:attachment":[{"href":"https:\/\/kingarms.ee\/lt\/wp-json\/wp\/v2\/media?parent=150385"}],"wp:term":[{"taxonomy":"product_brand","embeddable":true,"href":"https:\/\/kingarms.ee\/lt\/wp-json\/wp\/v2\/product_brand?post=150385"},{"taxonomy":"product_cat","embeddable":true,"href":"https:\/\/kingarms.ee\/lt\/wp-json\/wp\/v2\/product_cat?post=150385"},{"taxonomy":"product_tag","embeddable":true,"href":"https:\/\/kingarms.ee\/lt\/wp-json\/wp\/v2\/product_tag?post=150385"}],"curies":[{"name":"wp","href":"https:\/\/api.w.org\/{rel}","templated":true}]}}