{"id":150389,"date":"2023-07-02T14:42:44","date_gmt":"2025-06-06T15:32:26","guid":{"rendered":"https:\/\/kingarms.ee\/product\/pcp-optima-hatsan-bt65-sb-elite-45-mm\/"},"modified":"2025-06-06T18:32:26","modified_gmt":"2025-06-06T15:32:26","slug":"pcp-optima-hatsan-bt65-sb-elite-45-mm","status":"publish","type":"product","link":"https:\/\/kingarms.ee\/lt\/product\/pcp-optima-hatsan-bt65-sb-elite-45-mm\/","title":{"rendered":"\u201ePCP Optima Hatsan BT65 SB Elite\u201c 4,5 mm"},"content":{"rendered":"<p><img loading=\"lazy\" decoding=\"async\" class=\"alignnone size-full wp-image-79620\" src=\"https:\/\/kingarms.ee\/wp-content\/uploads\/2023\/07\/wiatrowka-pcp-optima-by-hatsan-bt65-sb-elite-qe-4-5-mm-c3930bce0fc848149397805e8ab69639-869c4f84.jpg\" alt=\"\" width=\"900\" height=\"900\" srcset=\"https:\/\/kingarms.ee\/wp-content\/uploads\/2023\/07\/wiatrowka-pcp-optima-by-hatsan-bt65-sb-elite-qe-4-5-mm-c3930bce0fc848149397805e8ab69639-869c4f84.jpg 900w, https:\/\/kingarms.ee\/wp-content\/uploads\/2023\/07\/wiatrowka-pcp-optima-by-hatsan-bt65-sb-elite-qe-4-5-mm-c3930bce0fc848149397805e8ab69639-869c4f84-300x300.jpg 300w, https:\/\/kingarms.ee\/wp-content\/uploads\/2023\/07\/wiatrowka-pcp-optima-by-hatsan-bt65-sb-elite-qe-4-5-mm-c3930bce0fc848149397805e8ab69639-869c4f84-150x150.jpg 150w, https:\/\/kingarms.ee\/wp-content\/uploads\/2023\/07\/wiatrowka-pcp-optima-by-hatsan-bt65-sb-elite-qe-4-5-mm-c3930bce0fc848149397805e8ab69639-869c4f84-768x768.jpg 768w, https:\/\/kingarms.ee\/wp-content\/uploads\/2023\/07\/wiatrowka-pcp-optima-by-hatsan-bt65-sb-elite-qe-4-5-mm-c3930bce0fc848149397805e8ab69639-869c4f84-500x500.jpg 500w\" sizes=\"auto, (max-width: 900px) 100vw, 900px\" \/><\/p>\n","protected":false},"excerpt":{"rendered":"<p>\u201ePCP Optima Hatsan BT65 SB Elite\u201c 4,5 mm<\/p>\n<p>10 \u0161\u016bvi\u0173, Rankinis pakrovimas, \u0161oninis var\u017etas, i\u0161 anksto \u012fkeltas pneumatinis (PCP) oro \u0161autuvas.<br \/>\nRamusenergija visi\u0161kai u\u017edengtas vamzdis ir integruotas garso moderatorius \u2013 apie 50% tylesnis.<br \/>\nTikslus \u0161autuvas vamzdis tikslumui.<br \/>\nGalima \u012fsigyti 0,177 (4,5 mm) kalibro.<br \/>\nDvipus\u0117 ir ergonomi\u0161ko dizaino sintetin\u0117 med\u017eiaga su nyk\u0161\u010dio skylute.<br \/>\nSand\u0117liavimo atsarginis d\u0117klas ve\u017e\u0117jas lizdas 2 atsargini\u0173 pad\u0117klai.<br \/>\nPo dilbiu ir \u0161onuose 3 pikatin Autobusas.<br \/>\nMink\u0161ti guminiai \u012fd\u0117klai ant dilbio geresniam valdymui ir pa\u017einimui.<br \/>\nSukibimo tikrinimas.<br \/>\nReguliuojamo auk\u0161\u010dio \u0161ukos.<br \/>\nReguliuojamas Guminis u\u017epakalis su traukimo ilgiu, auk\u0161\u010diu ir prigludimo kampu.<br \/>\nNuimamas 10 \u0161\u016bvi\u0173 0,177 (4,5 mm) kalibro 9 \u0161\u016bvi\u0173 pasukamas d\u0117klas.<br \/>\nKomplekte yra 3 pad\u0117klai.<br \/>\nOro cilindre \u012fmontuotas manometras cilindro sl\u0117giui steb\u0117ti.<br \/>\nKomplekte yra greito u\u017epildymo antgalis ir oro cilindro i\u0161leidimo dangtelis.<br \/>\nDovetail griovelio imtuvas tiek 11mm ir 22mm samtelis stovai.<br \/>\nBendra m\u0117lyna apdaila, juodas anoduotas imtuvas.<br \/>\nRankinis saugumas.<br \/>\n&#8222;Anti-dvigubo granuli\u0173 padavimo&#8221; mechanizmas, neleid\u017eiantis \u012f statin\u0119 \u012fkelti daugiau nei vienos granul\u0117s.<br \/>\nPatentuota apsaugos nuo sm\u016bgio sistema, apsauganti nuo duj\u0173 \u0161vaistymo bakstel\u0117jus ar at\u0161okus \u0161autuvui.<br \/>\nKeturra\u010dio Gaidukas: 2 pakop\u0173 visi\u0161kai reguliuojamas Gaidukas, skirtas gaiduko jud\u0117jimui ir gaiduko apkrovai.<br \/>\nPaauksuotas metalinis Gaidukas ir metalin\u0117 gaiduko apsauga.<br \/>\nSumontuoti stropai.<br \/>\n<strong>Jis ateina su timpa, bipod, Zibintuvevellis ir Optima 3-12h44aoe akyse.<\/strong><br \/>\nNuimamas aliuminio oro cilindro vamzdis (255cc). Yra atsarginiatus cilindratas. <\/p>\n","protected":false},"featured_media":129420,"template":"","meta":{"_acf_changed":false},"product_brand":[],"product_cat":[1146],"product_tag":[],"class_list":{"0":"post-150389","1":"product","2":"type-product","3":"status-publish","4":"has-post-thumbnail","6":"product_cat-pcp-hpa-lt","8":"first","9":"instock","10":"taxable","11":"shipping-taxable","12":"purchasable","13":"product-type-simple"},"acf":[],"_links":{"self":[{"href":"https:\/\/kingarms.ee\/lt\/wp-json\/wp\/v2\/product\/150389","targetHints":{"allow":["GET"]}}],"collection":[{"href":"https:\/\/kingarms.ee\/lt\/wp-json\/wp\/v2\/product"}],"about":[{"href":"https:\/\/kingarms.ee\/lt\/wp-json\/wp\/v2\/types\/product"}],"wp:featuredmedia":[{"embeddable":true,"href":"https:\/\/kingarms.ee\/lt\/wp-json\/wp\/v2\/media\/129420"}],"wp:attachment":[{"href":"https:\/\/kingarms.ee\/lt\/wp-json\/wp\/v2\/media?parent=150389"}],"wp:term":[{"taxonomy":"product_brand","embeddable":true,"href":"https:\/\/kingarms.ee\/lt\/wp-json\/wp\/v2\/product_brand?post=150389"},{"taxonomy":"product_cat","embeddable":true,"href":"https:\/\/kingarms.ee\/lt\/wp-json\/wp\/v2\/product_cat?post=150389"},{"taxonomy":"product_tag","embeddable":true,"href":"https:\/\/kingarms.ee\/lt\/wp-json\/wp\/v2\/product_tag?post=150389"}],"curies":[{"name":"wp","href":"https:\/\/api.w.org\/{rel}","templated":true}]}}