{"id":150394,"date":"2024-03-09T20:27:23","date_gmt":"2025-06-07T10:31:44","guid":{"rendered":"https:\/\/kingarms.ee\/product\/airsoft-ginklas-sa-f03-lankstus-vartai-asr-specna-ginklai\/"},"modified":"2025-06-07T13:31:44","modified_gmt":"2025-06-07T10:31:44","slug":"airsoft-ginklas-sa-f03-lankstus-vartai-asr-specna-ginklai","status":"publish","type":"product","link":"https:\/\/kingarms.ee\/lt\/product\/airsoft-ginklas-sa-f03-lankstus-vartai-asr-specna-ginklai\/","title":{"rendered":"Airsoft ginklas SA-F03 lankst\u016bs vartai &#8211; Asr (Specna ginklai)"},"content":{"rendered":"<p><img loading=\"lazy\" decoding=\"async\" class=\"alignnone size-full wp-image-100539\" src=\"https:\/\/kingarms.ee\/wp-content\/uploads\/2024\/03\/6013496b01fd5d32f27d5a8a776b13693a0081f8_pol_pl_Replika_karabinka_SA_FLEX_SA_F03_Half_Tan_1152231754_1.jpg-2.png\" alt=\"\" width=\"2000\" height=\"1333\" srcset=\"https:\/\/kingarms.ee\/wp-content\/uploads\/2024\/03\/6013496b01fd5d32f27d5a8a776b13693a0081f8_pol_pl_Replika_karabinka_SA_FLEX_SA_F03_Half_Tan_1152231754_1.jpg-2.png 2000w, https:\/\/kingarms.ee\/wp-content\/uploads\/2024\/03\/6013496b01fd5d32f27d5a8a776b13693a0081f8_pol_pl_Replika_karabinka_SA_FLEX_SA_F03_Half_Tan_1152231754_1.jpg-2-300x200.png 300w, https:\/\/kingarms.ee\/wp-content\/uploads\/2024\/03\/6013496b01fd5d32f27d5a8a776b13693a0081f8_pol_pl_Replika_karabinka_SA_FLEX_SA_F03_Half_Tan_1152231754_1.jpg-2-1024x682.png 1024w, https:\/\/kingarms.ee\/wp-content\/uploads\/2024\/03\/6013496b01fd5d32f27d5a8a776b13693a0081f8_pol_pl_Replika_karabinka_SA_FLEX_SA_F03_Half_Tan_1152231754_1.jpg-2-768x512.png 768w, https:\/\/kingarms.ee\/wp-content\/uploads\/2024\/03\/6013496b01fd5d32f27d5a8a776b13693a0081f8_pol_pl_Replika_karabinka_SA_FLEX_SA_F03_Half_Tan_1152231754_1.jpg-2-1536x1024.png 1536w, https:\/\/kingarms.ee\/wp-content\/uploads\/2024\/03\/6013496b01fd5d32f27d5a8a776b13693a0081f8_pol_pl_Replika_karabinka_SA_FLEX_SA_F03_Half_Tan_1152231754_1.jpg-2-500x333.png 500w, https:\/\/kingarms.ee\/wp-content\/uploads\/2024\/03\/6013496b01fd5d32f27d5a8a776b13693a0081f8_pol_pl_Replika_karabinka_SA_FLEX_SA_F03_Half_Tan_1152231754_1.jpg-2-150x100.png 150w\" sizes=\"auto, (max-width: 2000px) 100vw, 2000px\" \/><\/p>\n","protected":false},"excerpt":{"rendered":"<p>Airsoft ginklas SA-F03 lankst\u016bs vartai &#8211; Asr (Specna ginklai)<\/p>\n<p>Gamintojas Specna Arms<br \/>\n\u012etraukta baterija: ne<br \/>\nGuolio skersmuo [mm] 8<br \/>\nSpalva Pus\u0117 Ruda<br \/>\nGaminio ilgis [cm] 790<br \/>\nProdukto svoris [g] 2220<br \/>\nMaitinimo \u0160altinis Elektrinis<br \/>\nMed\u017eiaga Plastikas<br \/>\nSnukio greitis [FPS] 370<br \/>\nFotografavimo Re\u017eimas Pusiau Automatinis<br \/>\nPavar\u0173 d\u0117\u017e\u0117s versija pavar\u0173 d\u0117\u017e\u0117 v2<br \/>\nHop-Up Taip<br \/>\nVidinio vamzd\u017eio ilgis [mm]. 270<br \/>\nMa\u017eiausias ilgis [mm] 710<br \/>\nVergas t\u016bris [vnt] 300<br \/>\nMOSFET \/ ETU taip<br \/>\nSpecna ginkl\u0173 linijos lankstumas<br \/>\nGreita pavasario perjungimo sistema taip<br \/>\nJungties tipas DEANS \/ T jungtis<br \/>\nSriegio tipas 14mm<\/p>\n","protected":false},"featured_media":135080,"template":"","meta":{"_acf_changed":false},"product_brand":[],"product_cat":[1139],"product_tag":[],"class_list":{"0":"post-150394","1":"product","2":"type-product","3":"status-publish","4":"has-post-thumbnail","6":"product_cat-elektro-pneumatiniai-ginklai","8":"first","9":"onbackorder","10":"taxable","11":"shipping-taxable","12":"product-type-simple"},"acf":[],"_links":{"self":[{"href":"https:\/\/kingarms.ee\/lt\/wp-json\/wp\/v2\/product\/150394","targetHints":{"allow":["GET"]}}],"collection":[{"href":"https:\/\/kingarms.ee\/lt\/wp-json\/wp\/v2\/product"}],"about":[{"href":"https:\/\/kingarms.ee\/lt\/wp-json\/wp\/v2\/types\/product"}],"wp:featuredmedia":[{"embeddable":true,"href":"https:\/\/kingarms.ee\/lt\/wp-json\/wp\/v2\/media\/135080"}],"wp:attachment":[{"href":"https:\/\/kingarms.ee\/lt\/wp-json\/wp\/v2\/media?parent=150394"}],"wp:term":[{"taxonomy":"product_brand","embeddable":true,"href":"https:\/\/kingarms.ee\/lt\/wp-json\/wp\/v2\/product_brand?post=150394"},{"taxonomy":"product_cat","embeddable":true,"href":"https:\/\/kingarms.ee\/lt\/wp-json\/wp\/v2\/product_cat?post=150394"},{"taxonomy":"product_tag","embeddable":true,"href":"https:\/\/kingarms.ee\/lt\/wp-json\/wp\/v2\/product_tag?post=150394"}],"curies":[{"name":"wp","href":"https:\/\/api.w.org\/{rel}","templated":true}]}}